{"id":101,"date":"2018-02-08T01:15:54","date_gmt":"2018-02-08T00:15:54","guid":{"rendered":"https:\/\/hsfl.ch\/?page_id=101"},"modified":"2026-02-12T12:27:06","modified_gmt":"2026-02-12T11:27:06","slug":"team","status":"publish","type":"page","link":"https:\/\/hsfl.ch\/de\/ueber-uns\/team\/","title":{"rendered":"Team"},"content":{"rendered":"<p><img loading=\"lazy\" decoding=\"async\" class=\"alignright size-full wp-image-872\" src=\"https:\/\/hsfl.ch\/wp-content\/uploads\/2018\/04\/m_haefeli.jpg\" alt=\"\" width=\"270\" height=\"350\" \/><\/p>\n<p>&nbsp;<\/p>\n<p><strong>Markus Haefeli,<\/strong> Managing Partner<br \/>\nlic.oec.HSG et M.A.HSG in Legal Studies<\/p>\n<p>Tel.:\u00a0 \u00a0 +41 (0)55 420 20 33<br \/>\nMobil:\u00a0 \u00a0+41 (0)79 384 98 66<br \/>\nEmail:\u00a0 \u00a0markus.haefeli@hsfl.ch<\/p>\n<ul>\n<li><strong>Head Financial Lines<\/strong>, Schweiz, Z\u00fcrich Versicherungs-Gesellschaft AG, 2014-2018<\/li>\n<li><strong>Manager Commercial Institutions, Financial Lines<\/strong>, Schweiz &amp; \u00d6sterreich, AIG Europe Limited, London, 2010-2014<\/li>\n<li>Bis 2010: Verschiedene Beratungsmandate f\u00fcr grosse Versicherungsgesellschaften (Swiss Re, B\u00e2loise) und Banken (Credit-Suisse, UBS,<br \/>\nDeutsche Bank)<\/li>\n<li>Wirtschaftswissenschaftler und Jurist<\/li>\n<li>Umfassende Erfahrung im FL-Versicherungsgesch\u00e4ft und langj\u00e4hrige F\u00fchrungspositionen bei namhaften FL-Versicherern<\/li>\n<li>Hat mehrere Fachartikel ver\u00f6ffentlicht und Vortr\u00e4ge bei Seminaren gehalten<\/li>\n<\/ul>\n<p><a href=\"http:\/\/www.linkedin.com\/in\/markus-haefeli-670a022\/\"><i class=\"fa fa-linkedin\"><\/i> LinkedIn<\/a>\u00a0\u00a0\u00a0<a href=\"https:\/\/www.xing.com\/profile\/Markus_Haefeli\/cv?sc_o=da980_e\/\"><i class=\"fa fa-xing\"><\/i> Xing<\/a><\/p>\n<p>&nbsp;<\/p>\n<p><img loading=\"lazy\" decoding=\"async\" class=\"alignright size-full wp-image-873\" src=\"https:\/\/hsfl.ch\/wp-content\/uploads\/2018\/04\/p_schroeder.jpg\" alt=\"\" width=\"270\" height=\"350\" \/><strong>Peter Schroeder,<\/strong> Managing Partner<\/p>\n<p>Tel.:\u00a0 \u00a0 \u00a0 +41 (0)55 420 20 34<br \/>\nMobil:\u00a0 +41 (0)79 871 00 26<br \/>\nEmail:\u00a0 peter.schroeder@hsfl.ch<\/p>\n<ul>\n<li><strong>Head Financial Institutions, Financial Lines<\/strong>, Schweiz, Z\u00fcrich Versicherungs-Gesellschaft AG, 2016-2018<\/li>\n<li><strong>Manager Financial Institutions, Financial Lines,\u00a0<\/strong>Schweiz &amp; \u00d6sterreich, AIG Europe Limited, 2012-2014<\/li>\n<li><strong>Deputy Global Head of Financial Institutions, Financial Lines,<\/strong>\u00a0Allianz Global Corporate &amp; Specialty AG, 2010-2012<\/li>\n<li><strong>Manager D&amp;O-FI, Financial Lines,<\/strong>\u00a0Deutschland &amp; \u00d6sterreich, Liberty International Underwriters, 2004-2010<\/li>\n<li><strong>Underwriting Financial Lines<\/strong> bei der Chubb und AIG,\u00a01997-2004<\/li>\n<li>Industriekaufmann (IHK)<\/li>\n<li>20 Jahre einschl\u00e4gige FL-Erfahrung in internationalen F\u00fchrungspositionen bei gro\u00dfen Versicherungsgesellschaften<\/li>\n<li>Erw\u00e4hnenswert ist seine langj\u00e4hrige Erfahrung in der Gestaltung multinationaler Versicherungsprogramme sowie seine F\u00e4higkeit, komplexe Schadenf\u00e4lle zu managen<\/li>\n<\/ul>\n<p><a href=\"https:\/\/www.linkedin.com\/in\/peter-schroeder-623ba887\/\"><i class=\"fa fa-linkedin\"><\/i> LinkedIn<\/a>\u00a0\u00a0\u00a0<a href=\"https:\/\/www.xing.com\/profile\/Peter_Schroeder5\"><i class=\"fa fa-xing\"><\/i> Xing<\/a><\/p>\n<p>&nbsp;<\/p>\n<p><strong><img loading=\"lazy\" decoding=\"async\" class=\"alignright size-full wp-image-873\" src=\"https:\/\/flforum.ch\/wp-content\/uploads\/strefan_barth_web_2_350x270.jpg\" alt=\"\" width=\"270\" height=\"350\" \/><\/strong><\/p>\n<p><strong>Stefan Barth,\u00a0<\/strong>Partner<br \/>\nlic. iur.<\/p>\n<p>Mobile: +41 (0)78 626 77 85<br \/>\nEmail: stefan.barth@hsfl.ch<\/p>\n<ul>\n<li><strong>Financial Lines Manager Schweiz<\/strong>, Liberty Specialty Markets, 2022-2026<\/li>\n<li>\u200b<strong>Interim Head Specialties<\/strong>, Zurich Insurance\u200b, 2020<\/li>\n<li><strong>Head Technical Underwriting<\/strong>, Financial Lines, Zurich Insurance, 2015-2022<\/li>\n<li>Senior Underwriter, Financial Lines, Zurich Insurance, 2006-2014<\/li>\n<li>Produkt-Entwicklung im Bereich Financial Lines-Versicherungen, u.a. D&#038;O, Berufshaftpflicht, Cyber, Crime<\/li>\n<li>\u00dcber 20 Jahre internationale Erfahrung im Bereich Financial Lines in f\u00fchrenden Managementfunktionen bei namhaften Versicherungsgesellschaften, mit Fokus auf Finanzinstitute und internationale Transaktionen<\/li>\n<\/ul>\n<p><a href=\"https:\/\/www.linkedin.com\/in\/stefan-barth-19190b2\/\"><i class=\"fa fa-linkedin\"><\/i> LinkedIn<\/a>\u00a0\u00a0\u00a0<\/p>\n<p>&nbsp;<\/p>\n<p>&nbsp;<\/p>\n<p>&nbsp;<\/p>\n<p><strong><img loading=\"lazy\" decoding=\"async\" class=\"alignright size-full wp-image-873\" src=\"https:\/\/hsfl.ch\/wp-content\/uploads\/2026\/01\/AndreCostaWeb_1.jpeg\" alt=\"\" width=\"270\" height=\"350\" \/><\/strong><\/p>\n<p><strong>Andr\u00e9 Costa,\u00a0<\/strong>Broker Financial Lines<\/p>\n<p>Mobile: +41 (0)79 477 06 31<br \/>\nEmail: andre.costa@hsfl.ch<\/p>\n<ul>\n<li><strong>Produktentwicklung Cyber Versicherungen<\/strong> &#8211; AXA Versicherungen AG, 2025<\/li>\n<li><strong>Underwriting Financial Lines Versicherungen und Cyber Versicherungen<\/strong> &#8211; Z\u00fcrich Versicherungs-Gesellschaft AG, 2019-2025<\/li>\n<li>Underwriting Haftpflicht Versicherungen, unterschiedliche Rollen &#8211; AXA Versicherungen AG, 2010-2019<\/li>\n<li>Bachelor of Science, Business Administration<\/li>\n<li>Eidg. dipl. Versicherungswirtschaftler, Versicherungswesen<\/li>\n<\/ul>\n<p><a href=\"https:\/\/www.linkedin.com\/in\/andr%C3%A9-costa-3a9108159\/\"><i class=\"fa fa-linkedin\"><\/i> LinkedIn<\/a>\u00a0\u00a0\u00a0<\/p>\n<p>&nbsp;<\/p>\n<p>&nbsp;<\/p>\n<p>&nbsp;<\/p>\n<p><strong><img loading=\"lazy\" decoding=\"async\" class=\"alignright size-full wp-image-873\" src=\"https:\/\/hsfl.ch\/wp-content\/uploads\/2023\/01\/20230105_NadjaFischerWeb.jpg\" alt=\"\" width=\"270\" height=\"350\" \/><\/strong><\/p>\n<p><strong>Nadja Fischer,\u00a0<\/strong>Operations Executive<\/p>\n<p>Mobile: +41 (0)79 831 34 17<br \/>\nEmail: nadja.fischer@hsfl.ch<\/p>\n<ul>\n<li><strong>Underwriting Assistant \/ Credit Control<\/strong> &#8211; Liberty<\/li>\n<li><strong>Business Analyst &amp; Knowledge Technical Accounting<\/strong> &#8211; SwissRe<\/li>\n<\/ul>\n<p><a href=\"https:\/\/www.linkedin.com\/in\/fischer-nadja-14325078\/\"><i class=\"fa fa-linkedin\"><\/i> LinkedIn<\/a>\u00a0\u00a0\u00a0<a href=\"https:\/\/www.xing.com\/profile\/Nadja_Fischer30\"><i class=\"fa fa-xing\"><\/i> Xing<\/a><\/p>\n<p>&nbsp;<\/p>\n<p>&nbsp;<\/p>\n<p>&nbsp;<\/p>\n<p>&nbsp;<\/p>\n<p>&nbsp;<\/p>\n<p>&nbsp;<\/p>\n<p>&nbsp;<\/p>\n<p><strong>Cristian I. Duda<\/strong>, Managing Partner, Chief Digital Officer<img loading=\"lazy\" decoding=\"async\" class=\"size-full wp-image-2139 alignright\" src=\"https:\/\/hsfl.ch\/wp-content\/uploads\/2018\/10\/CD-1.png\" alt=\"\" width=\"270\" height=\"350\" \/><br \/>\nDr. rer. nat. ETH<\/p>\n<p>Mobile: +41 (0)75 401 29 39<br \/>\nEmail: cristian.duda@hsfl.ch<\/p>\n<ul>\n<li>Lead, Digital Identity, World Economic Forum<\/li>\n<li>Management Consulting, Accenture<\/li>\n<li>Kompetenz in Digitalisierung und Daten-\/Plattforml\u00f6sungen<\/li>\n<li>Verschiedene Beratungsmandate f\u00fcr grosse multinationale Konzerne im Bereich der\n<ul>\n<li>Customer &amp; Channels, Digital Customer<\/li>\n<li>Commercial &amp; Advanced Analytics<\/li>\n<li>User Experience<\/li>\n<li>Business IT<\/li>\n<\/ul>\n<\/li>\n<li>Multichannel Customer Engagement Strategies<\/li>\n<li>Kenntnise der neuesten Entwicklungen im Bereich Business &amp; Technology<\/li>\n<\/ul>\n<p><a href=\"https:\/\/www.linkedin.com\/in\/cristian-i-duda-9a92a21\/\"><i class=\"fa fa-linkedin\"><\/i> LinkedIn<\/a> <a href=\"https:\/\/www.xing.com\/profile\/Cristian_Duda\/\"><i class=\"fa fa-xing\"><\/i> Xing<\/a><\/p>\n<p>&nbsp;<\/p>\n<p>&nbsp;<\/p>\n<p>&nbsp;<\/p>\n<p><strong>Peter Ackermann<\/strong>, Senior Advisor<img loading=\"lazy\" decoding=\"async\" class=\"size-full wp-image-2138 alignright\" src=\"https:\/\/hsfl.ch\/wp-content\/uploads\/2018\/10\/PA-2.png\" alt=\"\" width=\"270\" height=\"350\" \/><br \/>\nAttorney at Law, LL.M. (New York University 91)<br \/>\nAdvanced Negotiation (Harvard Law School 92)<\/p>\n<ul>\n<li>Private Equity direct investor, Impact Investing<\/li>\n<li>Philanthropy and New Tec Environmental Investor<\/li>\n<li>Hon. Board Member RIGHT TO PLAY Switzerland<\/li>\n<li>Legal Internal Counsel ESG Regulation MME Legal, Z\u00fcrich<\/li>\n<li>Verwaltungsrat in internationalen Unternehmen verschiedener Branchen<\/li>\n<li>Gr\u00fcndungsmitglied des Verwaltungsrates der Swiss Registered Investment Advisor Association (SRIAA)<\/li>\n<li>Gr\u00fcndungspartner, BILL ISENEGGER ACKERMANN AG Rechtsanw\u00e4lte, 1996<\/li>\n<li>Rechtsanwalt, Pestalozzi, Sullivan &amp; Cromwell LLP, Lenz &amp; Staehelin; Z\u00fcrich, New York, Paris<\/li>\n<\/ul>\n<p>&nbsp;<\/p>","protected":false},"excerpt":{"rendered":"<p>&nbsp; Markus Haefeli, Managing Partner lic.oec.HSG et M.A.HSG in Legal Studies Tel.:\u00a0 \u00a0 +41 (0)55 420 20 33 Mobil:\u00a0 \u00a0+41 (0)79 384 98 66 Email:\u00a0 \u00a0markus.haefeli@hsfl.ch Head Financial Lines, Schweiz, Z\u00fcrich Versicherungs-Gesellschaft AG, 2014-2018 Manager Commercial Institutions, Financial Lines, Schweiz &amp; \u00d6sterreich, AIG Europe Limited, London, 2010-2014 Bis 2010: Verschiedene Beratungsmandate f\u00fcr grosse Versicherungsgesellschaften (Swiss [&hellip;]<\/p>\n","protected":false},"author":3,"featured_media":0,"parent":57,"menu_order":0,"comment_status":"closed","ping_status":"closed","template":"","meta":{"footnotes":""},"class_list":["post-101","page","type-page","status-publish","hentry"],"_links":{"self":[{"href":"https:\/\/hsfl.ch\/de\/wp-json\/wp\/v2\/pages\/101"}],"collection":[{"href":"https:\/\/hsfl.ch\/de\/wp-json\/wp\/v2\/pages"}],"about":[{"href":"https:\/\/hsfl.ch\/de\/wp-json\/wp\/v2\/types\/page"}],"author":[{"embeddable":true,"href":"https:\/\/hsfl.ch\/de\/wp-json\/wp\/v2\/users\/3"}],"replies":[{"embeddable":true,"href":"https:\/\/hsfl.ch\/de\/wp-json\/wp\/v2\/comments?post=101"}],"version-history":[{"count":104,"href":"https:\/\/hsfl.ch\/de\/wp-json\/wp\/v2\/pages\/101\/revisions"}],"predecessor-version":[{"id":2684,"href":"https:\/\/hsfl.ch\/de\/wp-json\/wp\/v2\/pages\/101\/revisions\/2684"}],"up":[{"embeddable":true,"href":"https:\/\/hsfl.ch\/de\/wp-json\/wp\/v2\/pages\/57"}],"wp:attachment":[{"href":"https:\/\/hsfl.ch\/de\/wp-json\/wp\/v2\/media?parent=101"}],"curies":[{"name":"wp","href":"https:\/\/api.w.org\/{rel}","templated":true}]}}