{"id":1231,"date":"2018-04-27T11:06:28","date_gmt":"2018-04-27T09:06:28","guid":{"rendered":"https:\/\/hsfl.ch\/?page_id=1231"},"modified":"2018-05-21T21:49:21","modified_gmt":"2018-05-21T19:49:21","slug":"financial-lines-worum-geht-es","status":"publish","type":"page","link":"https:\/\/hsfl.ch\/de\/financial-lines-worum-geht-es\/","title":{"rendered":"Financial Lines &#8211; worum geht es?"},"content":{"rendered":"<p><img loading=\"lazy\" decoding=\"async\" class=\"alignright\" src=\"https:\/\/hsfl.ch\/wp-content\/uploads\/2018\/05\/background.jpg\" width=\"495\" height=\"328\" \/><\/p>\n<p>Financial Lines umfasst betriebliche Versicherungsl\u00f6sungen zum Schutz vor Verm\u00f6genssch\u00e4den. Personen- oder Sachsch\u00e4den, sowie Verm\u00f6genssch\u00e4den, die aus solcher abgeleitet werden, sind nicht Gegenstand von Financial Lines.<\/p>\n<p>Der Begriff \u00abFinancial Lines\u00bb findet seinen Ursprung in angels\u00e4chsischen L\u00e4ndern, vor allem in den USA und setzt sich zusammen aus\u201efinancial loss\u201c (Verm\u00f6gensschaden) und \u201einsurance lines\u201c (Versicherungssparten).<\/p>\n<p>Kernprodukt im Bereich Financial Lines ist zweifellos die Directors &amp; Officers (D&amp;O)-Versicherung, auch Organ- oder Management-Haftpflichtversicherung genannt. Die Produktpalette der Financial Lines umfasste eine Vielzahl weiterer Verm\u00f6gensschaden-Deckungen wie etwa die Berufshaftpflicht-, die Vertrauensschaden- (Crime) oder auch die vieldiskutierte Cyber-Versicherung. Insbesondere im Grosskunden-Bereich werden die Produkte in der Regel j\u00e4hrlich neu beurteilt und verhandelt. Eine vertiefte \u00dcbersicht der Financial Lines Produkte finden Sie unter \u00abProdukte\u00bb.(weiter lesen unter \u201e<a href=\"https:\/\/hsfl.ch\/shop\/\">Produkte<\/a>\u201c).<\/p>","protected":false},"excerpt":{"rendered":"<p>Financial Lines umfasst betriebliche Versicherungsl\u00f6sungen zum Schutz vor Verm\u00f6genssch\u00e4den. Personen- oder Sachsch\u00e4den, sowie Verm\u00f6genssch\u00e4den, die aus solcher abgeleitet werden, sind nicht Gegenstand von Financial Lines. Der Begriff \u00abFinancial Lines\u00bb findet seinen Ursprung in angels\u00e4chsischen L\u00e4ndern, vor allem in den USA und setzt sich zusammen aus\u201efinancial loss\u201c (Verm\u00f6gensschaden) und \u201einsurance lines\u201c (Versicherungssparten). Kernprodukt im Bereich Financial [&hellip;]<\/p>\n","protected":false},"author":3,"featured_media":0,"parent":0,"menu_order":0,"comment_status":"closed","ping_status":"closed","template":"","meta":{"footnotes":""},"class_list":["post-1231","page","type-page","status-publish","hentry"],"_links":{"self":[{"href":"https:\/\/hsfl.ch\/de\/wp-json\/wp\/v2\/pages\/1231"}],"collection":[{"href":"https:\/\/hsfl.ch\/de\/wp-json\/wp\/v2\/pages"}],"about":[{"href":"https:\/\/hsfl.ch\/de\/wp-json\/wp\/v2\/types\/page"}],"author":[{"embeddable":true,"href":"https:\/\/hsfl.ch\/de\/wp-json\/wp\/v2\/users\/3"}],"replies":[{"embeddable":true,"href":"https:\/\/hsfl.ch\/de\/wp-json\/wp\/v2\/comments?post=1231"}],"version-history":[{"count":17,"href":"https:\/\/hsfl.ch\/de\/wp-json\/wp\/v2\/pages\/1231\/revisions"}],"predecessor-version":[{"id":2039,"href":"https:\/\/hsfl.ch\/de\/wp-json\/wp\/v2\/pages\/1231\/revisions\/2039"}],"wp:attachment":[{"href":"https:\/\/hsfl.ch\/de\/wp-json\/wp\/v2\/media?parent=1231"}],"curies":[{"name":"wp","href":"https:\/\/api.w.org\/{rel}","templated":true}]}}