{"id":1384,"date":"2018-05-10T21:46:16","date_gmt":"2018-05-10T19:46:16","guid":{"rendered":"https:\/\/hsfl.ch\/?page_id=1384"},"modified":"2022-09-23T01:07:33","modified_gmt":"2022-09-22T23:07:33","slug":"einfuehrung","status":"publish","type":"page","link":"https:\/\/hsfl.ch\/de\/broker-plattform\/einfuehrung\/","title":{"rendered":"Einf\u00fchrung"},"content":{"rendered":"<p><\/p>\n<h3><img loading=\"lazy\" decoding=\"async\" class=\"wp-image-1315 alignright\" src=\"https:\/\/hsfl.ch\/wp-content\/uploads\/2018\/05\/Login.jpg\" alt=\"\" width=\"424\" height=\"283\" srcset=\"https:\/\/hsfl.ch\/wp-content\/uploads\/2018\/05\/Login.jpg 700w, https:\/\/hsfl.ch\/wp-content\/uploads\/2018\/05\/Login-600x400.jpg 600w\" sizes=\"(max-width: 424px) 100vw, 424px\" \/><\/h3>\n<p>Haefeli &amp; Schroeder lanciert die <strong>Online Plattform f\u00fcr Financial Lines<\/strong> in der Schweiz!<\/p>\n<p>Die FL Plattform deckt die <strong>gesamte Wertsch\u00f6pfungskette des Versicherers<\/strong> ab \u2013 von der Ausschreibung und Risikopr\u00fcfung \u00fcber die Offertstellung bis hin zur Police und dem Rechnungsversand. Sie beinhaltet folgende Eckdaten:<\/p>\n<ul>\n<li>Die Online Plattform erm\u00f6glicht den Abschluss von <strong>FL-Vertr\u00e4ge f\u00fcr KMU Risiken<\/strong><\/li>\n<li>Die FL Plattform deckt <strong>alle g\u00e4ngigen FL Produkte<\/strong> ab<\/li>\n<li>Aufgrund der Digitalisierung ist die Plattform \u00a0<strong>24\/7 und von \u00fcberall flexibel abruf- und nutzbar<\/strong><\/li>\n<li>Die FL Plattform verbindet<strong> FL-Fachkenntnisse des Experten mit technischer Innovation<\/strong><\/li>\n<li>Haefeli &amp; Schroeder schreibt die verschiedenen FL Deckungen aus und verhandelt\u00a0<strong>marktf\u00fchrende Versicherungskonzepte mit etablierten FL-Versicherern<\/strong><\/li>\n<li>Die <strong>Bedingungswerke und Rater werden mittels komplexer Algorithmen in der Plattform eingebaut<\/strong><\/li>\n<\/ul>\n<p>Der Markt wird kontinuierlich beobachtet und es findet eine\u00a0<strong>periodische\u00a0\u00dcberpr\u00fcfung der Konditionen<\/strong> statt.<\/p>","protected":false},"excerpt":{"rendered":"<p>Haefeli &amp; Schroeder lanciert die Online Plattform f\u00fcr Financial Lines in der Schweiz! Die FL Plattform deckt die gesamte Wertsch\u00f6pfungskette des Versicherers ab \u2013 von der Ausschreibung und Risikopr\u00fcfung \u00fcber die Offertstellung bis hin zur Police und dem Rechnungsversand. Sie beinhaltet folgende Eckdaten: Die Online Plattform erm\u00f6glicht den Abschluss von FL-Vertr\u00e4ge f\u00fcr KMU Risiken Die [&hellip;]<\/p>\n","protected":false},"author":3,"featured_media":0,"parent":336,"menu_order":0,"comment_status":"closed","ping_status":"closed","template":"","meta":{"footnotes":""},"class_list":["post-1384","page","type-page","status-publish","hentry"],"_links":{"self":[{"href":"https:\/\/hsfl.ch\/de\/wp-json\/wp\/v2\/pages\/1384"}],"collection":[{"href":"https:\/\/hsfl.ch\/de\/wp-json\/wp\/v2\/pages"}],"about":[{"href":"https:\/\/hsfl.ch\/de\/wp-json\/wp\/v2\/types\/page"}],"author":[{"embeddable":true,"href":"https:\/\/hsfl.ch\/de\/wp-json\/wp\/v2\/users\/3"}],"replies":[{"embeddable":true,"href":"https:\/\/hsfl.ch\/de\/wp-json\/wp\/v2\/comments?post=1384"}],"version-history":[{"count":15,"href":"https:\/\/hsfl.ch\/de\/wp-json\/wp\/v2\/pages\/1384\/revisions"}],"predecessor-version":[{"id":2494,"href":"https:\/\/hsfl.ch\/de\/wp-json\/wp\/v2\/pages\/1384\/revisions\/2494"}],"up":[{"embeddable":true,"href":"https:\/\/hsfl.ch\/de\/wp-json\/wp\/v2\/pages\/336"}],"wp:attachment":[{"href":"https:\/\/hsfl.ch\/de\/wp-json\/wp\/v2\/media?parent=1384"}],"curies":[{"name":"wp","href":"https:\/\/api.w.org\/{rel}","templated":true}]}}