{"id":1391,"date":"2018-05-10T22:23:22","date_gmt":"2018-05-10T20:23:22","guid":{"rendered":"https:\/\/hsfl.ch\/?page_id=1391"},"modified":"2018-05-21T19:12:00","modified_gmt":"2018-05-21T17:12:00","slug":"fuer-wen-ist-die-plattform-interessant","status":"publish","type":"page","link":"https:\/\/hsfl.ch\/de\/broker-plattform\/fuer-wen-ist-die-plattform-interessant\/","title":{"rendered":"Konzept und Funktionalit\u00e4t"},"content":{"rendered":"<p><\/p>\n<h3><img loading=\"lazy\" decoding=\"async\" class=\"attachment-266x266 size-266x266 alignright\" style=\"font-size: 16px;\" src=\"https:\/\/hsfl.ch\/wp-content\/uploads\/2018\/05\/Login-300x300.jpg\" sizes=\"(max-width: 266px) 100vw, 266px\" srcset=\"https:\/\/hsfl.ch\/wp-content\/uploads\/2018\/05\/Login-300x300.jpg 300w, https:\/\/hsfl.ch\/wp-content\/uploads\/2018\/05\/Login-150x150.jpg 150w, https:\/\/hsfl.ch\/wp-content\/uploads\/2018\/05\/Login-100x100.jpg 100w\" alt=\"\" width=\"266\" height=\"266\" \/>Ausgangslage<\/h3>\n<p>Aus Erfahrung wissen wir, dass <strong>Financial Lines Produkte f\u00fcr die meisten Broker schwer zug\u00e4nglich<\/strong> und entsprechend m\u00fchsam sind. Die <strong>Produkt-Kenntnisse sind oft limitiert<\/strong> und der <strong>Aufwand zur Betreuung entsprechender Policen unverh\u00e4ltnism\u00e4ssig hoch.<\/strong> Die sich konstant \u00e4ndernden regulatorischen und rechtlichen Anforderungen erh\u00f6hen das <strong>Haftungsrisiko des Brokers<\/strong> wegen Fehlberatung zus\u00e4tzlich. Ungen\u00fcgende Beratung im Bereich FL kann schliesslich <strong>gute Beratung in anderen Bereichen zunichtemachen.<\/strong><\/p>\n<h3>Partnerschaft anstelle von Wettbewerb<\/h3>\n<p>Haefeli &amp; Schroeder ist der <strong>Experte im Schweizer Markt f\u00fcr Financial Lines<\/strong> und <strong>stellt dem Partner Broker das ben\u00f6tigte Know-How, Erfahrung und Netzwerk zur Verf\u00fcgung<\/strong>.<\/p>\n<p>Haefeli &amp; Schroeder verhandelt <strong>marktf\u00fchrende Versicherungsl\u00f6sungen<\/strong> und stellt diese dem Partner Broker zur Verf\u00fcgung. Der <strong>beste Anbieter<\/strong> (nach inhaltlicher Qualit\u00e4t und auch Preiseffizienz) erh\u00e4lt den Zuschlag f\u00fcr das jeweilige Produkt. Je nach Produkt k\u00f6nnen auch Panels mit mehreren Versicherern ausgew\u00e4hlt werden.<\/p>\n<p>Die verschiedenen Produkte werden <strong>regelm\u00e4ssig ausgeschrieben und auf Relevanz und Aktualit\u00e4t der Deckung \u00fcberpr\u00fcft<\/strong> \u2013 so <strong>entlasten wir den Partner Broker und reduzieren seine pers\u00f6nliches Haftungsrisiko<\/strong> aus der Kundenberatung. Zudem helfen wir dem Partner Broker, \u00fcber umfassende und qualitativ hochstehende Beratung mit seinen Kunden <strong>erfolgreich<\/strong> zu sein.<\/p>\n<p>Wichtig: der <strong>Partner Broker beh\u00e4lt die volle Kundenbeziehung<\/strong> \u2013 Haefeli &amp; Schroeder agiert ausschliesslich als Enabler und im Hintergrund.<\/p>\n<p>Die Nutzung des Angebots ist f\u00fcr den Partner Broker zudem <strong>kostenlos<\/strong>!<\/p>\n<h3>Zusammenarbeit und wie Sie als Broker Zugang zur Plattform erhalten<\/h3>\n<p>Z\u00f6gern Sie nicht, uns bei Interesse zu kontaktieren. Wir senden Ihnen in K\u00fcrze eine Zusammenarbeitsvereinbarung\u2013 und schon erhalten sie Zugangsdaten und k\u00f6nnen starten.<\/p>\n<ul>\n<li>Sie erhalten von Haefeli &amp; Schroeder die Zugangsdaten<\/li>\n<li>Nach Erhalt k\u00f6nnen Sie sich einloggen, Produkte auf der webbasierten Plattform w\u00e4hlen, in wenigen Minuten Offerten einholen und Policen abschliessen.<\/li>\n<li>Sie erhalten, abh\u00e4ngig vom gew\u00e4hlten Produkt, eine \u00dcbersicht der zu beantwortenden Fragen zum Risiko. Diese beantworten Sie in ein paar Minuten per Drop down und tick box und Sie erhalten direkt danach eine verbindliche Offerte mit bis zu 3 Limit-Optionen, die Sie mit dem Kunden besprechen k\u00f6nnen.<\/li>\n<li>Es gibt keine Interaktion mit dem Versicherer, keine langwierige Korrespondenz\u00a0mit dem Underwriter mehr. Bei Einverst\u00e4ndnis des Kunden klicken Sie in Ihrem Profil \u201caccept\u201d zur gew\u00fcnschten Offertvariante und erhalten unmittelbar danach die Police zusammen mit der Rechnung als pdf, die Sie per email an Ihren Kunden weiterleiten k\u00f6nnen. Eine Deckungszusage entf\u00e4llt und es erfolgt direkt die finale Police.<\/li>\n<li>Sie haben mit der Plattform ein Verwaltungstool und k\u00f6nnen jederzeit und einfach \/ auf einen Blick auf eine \u00dcbersicht zugreifen und Details zu den jeweiligen Vertr\u00e4gen abrufen. Vor Erneuerung erhalten Sie zu Ihren Vertr\u00e4gen zudem in Ihrem Profil eine automatische Erinnerungs-Meldung.<\/li>\n<li>Falls Gr\u00fcnde vorliegen, die einen direkten Abschluss \u00fcber die Plattform ausnahmsweise verhindern, hilft Ihnen Haefeli &amp; Schroeder gerne weiter im Rahmen der Einzelfall-Pr\u00fcfung.<\/li>\n<\/ul>\n<h3>In einem pers\u00f6nlichen Gespr\u00e4ch mit Haefeli &amp; Schroeder gewinnen Sie eine \u00dcbersicht und erfahren im Detail, was die Plattform leistet \u2013 wir freuen uns auf Ihre Kontaktnahme!<\/h3>\n<p>Weiter lesen: <a href=\"https:\/\/hsfl.ch\/broker-plattform\/die-vorteile\/\"><strong>Ihre Vorteile<\/strong><\/a><\/p>","protected":false},"excerpt":{"rendered":"<p>Ausgangslage Aus Erfahrung wissen wir, dass Financial Lines Produkte f\u00fcr die meisten Broker schwer zug\u00e4nglich und entsprechend m\u00fchsam sind. Die Produkt-Kenntnisse sind oft limitiert und der Aufwand zur Betreuung entsprechender Policen unverh\u00e4ltnism\u00e4ssig hoch. Die sich konstant \u00e4ndernden regulatorischen und rechtlichen Anforderungen erh\u00f6hen das Haftungsrisiko des Brokers wegen Fehlberatung zus\u00e4tzlich. Ungen\u00fcgende Beratung im Bereich FL kann [&hellip;]<\/p>\n","protected":false},"author":3,"featured_media":1315,"parent":336,"menu_order":0,"comment_status":"closed","ping_status":"closed","template":"","meta":{"footnotes":""},"class_list":["post-1391","page","type-page","status-publish","has-post-thumbnail","hentry"],"_links":{"self":[{"href":"https:\/\/hsfl.ch\/de\/wp-json\/wp\/v2\/pages\/1391"}],"collection":[{"href":"https:\/\/hsfl.ch\/de\/wp-json\/wp\/v2\/pages"}],"about":[{"href":"https:\/\/hsfl.ch\/de\/wp-json\/wp\/v2\/types\/page"}],"author":[{"embeddable":true,"href":"https:\/\/hsfl.ch\/de\/wp-json\/wp\/v2\/users\/3"}],"replies":[{"embeddable":true,"href":"https:\/\/hsfl.ch\/de\/wp-json\/wp\/v2\/comments?post=1391"}],"version-history":[{"count":19,"href":"https:\/\/hsfl.ch\/de\/wp-json\/wp\/v2\/pages\/1391\/revisions"}],"predecessor-version":[{"id":2033,"href":"https:\/\/hsfl.ch\/de\/wp-json\/wp\/v2\/pages\/1391\/revisions\/2033"}],"up":[{"embeddable":true,"href":"https:\/\/hsfl.ch\/de\/wp-json\/wp\/v2\/pages\/336"}],"wp:featuredmedia":[{"embeddable":true,"href":"https:\/\/hsfl.ch\/de\/wp-json\/wp\/v2\/media\/1315"}],"wp:attachment":[{"href":"https:\/\/hsfl.ch\/de\/wp-json\/wp\/v2\/media?parent=1391"}],"curies":[{"name":"wp","href":"https:\/\/api.w.org\/{rel}","templated":true}]}}