{"id":1650,"date":"2018-05-14T19:57:39","date_gmt":"2018-05-14T17:57:39","guid":{"rendered":"https:\/\/hsfl.ch\/?page_id=1650"},"modified":"2022-09-23T10:26:14","modified_gmt":"2022-09-23T08:26:14","slug":"die-vorteile","status":"publish","type":"page","link":"https:\/\/hsfl.ch\/de\/broker-plattform\/die-vorteile\/","title":{"rendered":"Ihre Vorteile"},"content":{"rendered":"<p><img loading=\"lazy\" decoding=\"async\" class=\"attachment-266x266 alignright\" src=\"https:\/\/hsfl.ch\/wp-content\/uploads\/2018\/03\/favicon.png\" sizes=\"(max-width: 211px) 100vw, 211px\" srcset=\"https:\/\/hsfl.ch\/wp-content\/uploads\/2018\/03\/favicon.png 211w, https:\/\/hsfl.ch\/wp-content\/uploads\/2018\/03\/favicon-150x150.png 150w\" alt=\"HSFL Logo\" width=\"288\" height=\"288\" \/><\/p>\n<p>Wir sind die <strong>etablierten <\/strong><strong>Experten f\u00fcr Financial Lines<\/strong>. Mit uns gewinnen Sie einzigartige Einblicke in den FL-Versicherungsmarkt. Mit <strong>marktf\u00fchrenden Konzepten<\/strong> setzen wir Ma\u00dfst\u00e4be mit unserem Wissen und unserer Erfahrung und einem breiten FL-Netzwerk.<\/p>\n<p>Neben der m\u00fchelosen <strong>Verteidigung Ihres Portfolios<\/strong> ist die Plattform auch ein hervorragender <strong>Beschleuniger f\u00fcr das Wachstum neuer Gesch\u00e4fte<\/strong>. Wir haben Produkte entwickelt, wir haben die Sch\u00e4den gesehen \u2013 wir wissen, worauf es bei FL ankommt und helfen Ihnen vor Ihren Kunden erfolgreich zu sein. Der <strong>Effizienzgewinn<\/strong> (stark reduzierter Zeitaufwand und verbesserte FL Produkte) ist f\u00fcr Sie <strong>kostenlos<\/strong>.<\/p>\n<p>Eine einzigartige Kombination zahlreicher Vorteile &#8211; ohne Nachteile &#8211; in der \u00dcbersicht:<\/p>\n<ul>\n<li>Sie profitieren von unserer einzigartigen <strong>Financial Lines Erfahrung, Wissen und Beratung<\/strong><\/li>\n<li><strong>Weniger Aufwand<\/strong> f\u00fcr Partner-Broker, Effizienz durch Digitalisierung von Prozess und <strong>Einfachheit in Bedienung<\/strong><\/li>\n<li>Beste verf\u00fcgbare Deckung, <strong>marktf\u00fchrende Konzepte<\/strong>, regelm\u00e4ssig aktualisiert<\/li>\n<li><strong>Einhaltung <\/strong>der <strong>neuesten und aktuellsten Normen und Vorschriften<\/strong><\/li>\n<li><strong>Reduziertes Berufshaftungsrisiko<\/strong><\/li>\n<li><strong>Partner-Broker beh\u00e4lt 100% der Kundenbeziehung<\/strong>, keine Konkurrenz, sondern Kooperation<\/li>\n<li><strong>Keine zus\u00e4tzlichen Kosten<\/strong> f\u00fcr Partner-Broker, aber bessere Servicequalit\u00e4t<\/li>\n<li>Kompetenz \/ Erfahrung \/ Einblicke und besserer <strong>Zugang zum Versicherer<\/strong><\/li>\n<li>Bessere <strong>Service Level Agreements<\/strong> mit Versicherern (durch Pooling-Volumen)<\/li>\n<li><strong>Sicheres Provisionsniveau<\/strong> (einige Versicherer \u00fcberpr\u00fcfen Provisionsniveaus in Abh\u00e4ngigkeit vom Pr\u00e4mienvolumen des jeweiligen Brokers \u2013 R\u00fcckstufungen bei geringeren Portfolios sind zu erwarten)<\/li>\n<li><strong>Kompetenter Partner<\/strong> im Hintergrund<\/li>\n<li><strong>Bessere Qualit\u00e4t durch Standardisierung<\/strong>, weniger zeitaufw\u00e4ndige Korrekturma\u00dfnahmen<\/li>\n<li><strong>Reduziertes Risiko des Verlusts von Kunden<\/strong> aufgrund von Fehlern und L\u00fccken in der Deckung (Partner-Broker k\u00f6nnen ihr FL Portfolio leichter gegen Konkurrenzmakler verteidigen).<\/li>\n<\/ul>\n<p>Wir bieten <strong>Partnerschaft<\/strong> \u2013 Haefeli &amp; Schroeder will nicht den Broker konkurrieren, sondern mit dem Partner Broker kooperieren, erfolgreich zu sein. Zusammen sind wir st\u00e4rker!<\/p>","protected":false},"excerpt":{"rendered":"<p>Wir sind die etablierten Experten f\u00fcr Financial Lines. Mit uns gewinnen Sie einzigartige Einblicke in den FL-Versicherungsmarkt. Mit marktf\u00fchrenden Konzepten setzen wir Ma\u00dfst\u00e4be mit unserem Wissen und unserer Erfahrung und einem breiten FL-Netzwerk. Neben der m\u00fchelosen Verteidigung Ihres Portfolios ist die Plattform auch ein hervorragender Beschleuniger f\u00fcr das Wachstum neuer Gesch\u00e4fte. Wir haben Produkte entwickelt, [&hellip;]<\/p>\n","protected":false},"author":3,"featured_media":262,"parent":336,"menu_order":0,"comment_status":"closed","ping_status":"closed","template":"","meta":{"footnotes":""},"class_list":["post-1650","page","type-page","status-publish","has-post-thumbnail","hentry"],"_links":{"self":[{"href":"https:\/\/hsfl.ch\/de\/wp-json\/wp\/v2\/pages\/1650"}],"collection":[{"href":"https:\/\/hsfl.ch\/de\/wp-json\/wp\/v2\/pages"}],"about":[{"href":"https:\/\/hsfl.ch\/de\/wp-json\/wp\/v2\/types\/page"}],"author":[{"embeddable":true,"href":"https:\/\/hsfl.ch\/de\/wp-json\/wp\/v2\/users\/3"}],"replies":[{"embeddable":true,"href":"https:\/\/hsfl.ch\/de\/wp-json\/wp\/v2\/comments?post=1650"}],"version-history":[{"count":37,"href":"https:\/\/hsfl.ch\/de\/wp-json\/wp\/v2\/pages\/1650\/revisions"}],"predecessor-version":[{"id":2495,"href":"https:\/\/hsfl.ch\/de\/wp-json\/wp\/v2\/pages\/1650\/revisions\/2495"}],"up":[{"embeddable":true,"href":"https:\/\/hsfl.ch\/de\/wp-json\/wp\/v2\/pages\/336"}],"wp:featuredmedia":[{"embeddable":true,"href":"https:\/\/hsfl.ch\/de\/wp-json\/wp\/v2\/media\/262"}],"wp:attachment":[{"href":"https:\/\/hsfl.ch\/de\/wp-json\/wp\/v2\/media?parent=1650"}],"curies":[{"name":"wp","href":"https:\/\/api.w.org\/{rel}","templated":true}]}}