{"id":65,"date":"2018-02-08T01:04:54","date_gmt":"2018-02-08T00:04:54","guid":{"rendered":"https:\/\/hsfl.ch\/?page_id=65"},"modified":"2018-05-12T16:06:59","modified_gmt":"2018-05-12T14:06:59","slug":"werte-philosophie","status":"publish","type":"page","link":"https:\/\/hsfl.ch\/de\/werte-philosophie\/","title":{"rendered":"Unsere Werte &#038; Philosophie"},"content":{"rendered":"<p><\/p>\n<ol>\n<li>Unabh\u00e4ngigkeit: Wir sind ungebunden, neutral und objektiv<\/li>\n<li>Kundeninteresse: Wir sind auf Ihrer Seite und k\u00e4mpfen f\u00fcr Ihre Interessen<\/li>\n<li>Seniorit\u00e4t: Sie werden pers\u00f6nlich von den Senior-Partnern betreut<\/li>\n<li>Best Advice: Der Kunde verdient den besten verf\u00fcgbaren Versicherungsschutz.\u00a0Wir suchen nach individuellen L\u00f6sungen, die der jeweiligen Risikosituation angemessen sind<\/li>\n<li>Transparenz: Wir wollen ehrliche gesch\u00e4ftliche Partnerschaften und einen offenen Dialog pflegen<\/li>\n<li>Nachhaltigkeit: Wir wollen faire L\u00f6sungen, die langfristig Bestand haben sollen<\/li>\n<li>Expertise: Wir verstehen uns als aktive Einflussnehmer- es ist unsere Verantwortung, den Financial Lines Markt weiter zu entwickeln; dabei beobachten wir die Entwicklungen aus reiferen M\u00e4rkten wie USA oder England sehr genau<\/li>\n<\/ol>\n<p><\/p>","protected":false},"excerpt":{"rendered":"<p>Unabh\u00e4ngigkeit: Wir sind ungebunden, neutral und objektiv Kundeninteresse: Wir sind auf Ihrer Seite und k\u00e4mpfen f\u00fcr Ihre Interessen Seniorit\u00e4t: Sie werden pers\u00f6nlich von den Senior-Partnern betreut Best Advice: Der Kunde verdient den besten verf\u00fcgbaren Versicherungsschutz.\u00a0Wir suchen nach individuellen L\u00f6sungen, die der jeweiligen Risikosituation angemessen sind Transparenz: Wir wollen ehrliche gesch\u00e4ftliche Partnerschaften und einen offenen Dialog [&hellip;]<\/p>\n","protected":false},"author":3,"featured_media":0,"parent":0,"menu_order":0,"comment_status":"closed","ping_status":"closed","template":"","meta":{"footnotes":""},"class_list":["post-65","page","type-page","status-publish","hentry"],"_links":{"self":[{"href":"https:\/\/hsfl.ch\/de\/wp-json\/wp\/v2\/pages\/65"}],"collection":[{"href":"https:\/\/hsfl.ch\/de\/wp-json\/wp\/v2\/pages"}],"about":[{"href":"https:\/\/hsfl.ch\/de\/wp-json\/wp\/v2\/types\/page"}],"author":[{"embeddable":true,"href":"https:\/\/hsfl.ch\/de\/wp-json\/wp\/v2\/users\/3"}],"replies":[{"embeddable":true,"href":"https:\/\/hsfl.ch\/de\/wp-json\/wp\/v2\/comments?post=65"}],"version-history":[{"count":19,"href":"https:\/\/hsfl.ch\/de\/wp-json\/wp\/v2\/pages\/65\/revisions"}],"predecessor-version":[{"id":1247,"href":"https:\/\/hsfl.ch\/de\/wp-json\/wp\/v2\/pages\/65\/revisions\/1247"}],"wp:attachment":[{"href":"https:\/\/hsfl.ch\/de\/wp-json\/wp\/v2\/media?parent=65"}],"curies":[{"name":"wp","href":"https:\/\/api.w.org\/{rel}","templated":true}]}}