{"id":673,"date":"2018-04-04T10:56:29","date_gmt":"2018-04-04T08:56:29","guid":{"rendered":"https:\/\/hsfl.ch\/?page_id=673"},"modified":"2018-05-20T16:25:52","modified_gmt":"2018-05-20T14:25:52","slug":"rechtliche-hinweise","status":"publish","type":"page","link":"https:\/\/hsfl.ch\/de\/rechtliche-hinweise\/","title":{"rendered":"Rechtliche Hinweise zur Nutzung dieser Website:"},"content":{"rendered":"<p><\/p>\n<h3>Haftungsausschluss (Disclaimer)<\/h3>\n<p>Die auf der Website enthaltenen Informationen sind auf keinen Fall als Empfehlung, versicherungstechnische, rechtliche, steuerliche oder andere Beratung zu verstehen. Die hier bereitgestellten Inhalte und Dokumente sind ausschlie\u00dflich zur Information bestimmt. Die Inhalte und Dokumente k\u00f6nnen durch aktuelle Entwicklungen \u00fcberholt sein, ohne dass die bereitgestellten Inhalte und Dokumente ge\u00e4ndert wurden.<\/p>\n<p>Alle Texte und Links wurden sorgf\u00e4ltig gepr\u00fcft und werden laufend aktualisiert. Wir sind bem\u00fcht, richtige und vollst\u00e4ndige Informationen auf dieser Website bereitzustellen, \u00fcbernehmen aber keinerlei Verantwortung, Garantien oder Haftung daf\u00fcr, dass die durch diese Website bereitgestellten Informationen, einschliesslich jeglicher Datenbankeintr\u00e4ge, richtig, vollst\u00e4ndig oder aktuell sind. Wir behalten uns das Recht vor, jederzeit und ohne Vorank\u00fcndigung die Informationen auf dieser Website zu \u00e4ndern und verpflichteten uns auch nicht, die enthaltenen Informationen zu aktualisieren.<\/p>\n<p>Alle Links zu externen Anbietern wurden zum Zeitpunkt ihrer Aufnahme auf ihre Richtigkeit \u00fcberpr\u00fcft. Dennoch haften wir nicht f\u00fcr Inhalte und Verf\u00fcgbarkeit von Websites, die mittels Hyperlinks zu erreichen sind. F\u00fcr illegale, fehlerhafte oder unvollst\u00e4ndige Inhalte und insbesondere f\u00fcr Sch\u00e4den, die durch die ungepr\u00fcfte Nutzung von Inhalten verkn\u00fcpfter Seiten entstehen, haftet allein der Anbieter der Seite, auf welche verwiesen wurde. Dabei ist es gleichg\u00fcltig, ob der Schaden direkter, indirekter oder finanzieller Natur ist oder ein sonstiger Schaden ist, der sich aus Datenverlust, Nutzungsausfall oder anderen Gr\u00fcnden aller Art ergeben k\u00f6nnte. Schliesst der Nutzer mit einem der externen Anbietern, auf den verwiesen wurde, einen Vertrag, so kommt zwischen dem Nutzer und dem Anbieter dieser Website selbst kein Vertragsverh\u00e4ltnis zustande.<\/p>\n<h3>Google Analytics<\/h3>\n<p>Diese Website benutzt Google Analytics, einen Webanalysedienst der Google Inc, (1600 Amphitheatre Parkway Mountain View, CA 94043, USA; \u201eGoogle\u201c). Die Nutzung umfasst die Betriebsart \u201eUniversal Analytics\u201c. Hierdurch ist es m\u00f6glich, Daten, Sitzungen und Interaktionen \u00fcber mehrere Ger\u00e4te hinweg einer pseudonymen User-ID zuzuordnen und so die Aktivit\u00e4ten eines Nutzers ger\u00e4te\u00fcbergreifend zu analysieren. Dieser Datenschutzhinweis wird zur Verf\u00fcgung gestellt von <a href=\"https:\/\/www.intersoft-consulting.de\" target=\"_blank\" rel=\"noopener\">www.intersoft-consulting.de<\/a>.<\/p>\n<p>Google Analytics verwendet sog. \u201eCookies\u201c, Textdateien, die auf Ihrem Computer gespeichert werden und die eine Analyse der Benutzung der Website durch Sie erm\u00f6glichen. Die durch das Cookie erzeugten Informationen \u00fcber Ihre Benutzung dieser Website werden in der Regel an einen Server von Google in den USA \u00fcbertragen und dort gespeichert. Im Falle der Aktivierung der IP-Anonymisierung auf dieser Website, wird Ihre IP-Adresse von Google jedoch innerhalb von Mitgliedstaaten der Europ\u00e4ischen Union oder in anderen Vertragsstaaten des Abkommens \u00fcber den Europ\u00e4ischen Wirtschaftsraum zuvor gek\u00fcrzt. Nur in Ausnahmef\u00e4llen wird die volle IP-Adresse an einen Server von Google in den USA \u00fcbertragen und dort gek\u00fcrzt. Die im Rahmen von Google Analytics von Ihrem Browser \u00fcbermittelte IP-Adresse wird nicht mit anderen Daten von Google zusammengef\u00fchrt. Im Auftrag des Betreibers dieser Website wird Google diese Informationen benutzen, um Ihre Nutzung der Website auszuwerten, um Reports \u00fcber die Websiteaktivit\u00e4ten zusammenzustellen und um weitere mit der Websitenutzung und der Internetnutzung verbundene Dienstleistungen gegen\u00fcber dem Websitebetreiber zu erbringen. In diesen Zwecken liegt auch unser berechtigtes Interesse an der Datenverarbeitung. Die Rechtsgrundlage f\u00fcr den Einsatz von Google Analytics ist \u00a7 15 Abs. 3 TMG bzw. Art. 6 Abs. 1 lit. f DSGVO. Die von uns gesendeten und mit Cookies, Nutzerkennungen (z. B. User-ID) oder Werbe-IDs verkn\u00fcpften Daten werden nach 14 Monaten automatisch gel\u00f6scht. Die L\u00f6schung von Daten, deren Aufbewahrungsdauer erreicht ist, erfolgt automatisch einmal im Monat. N\u00e4here Informationen zu Nutzungsbedingungen und Datenschutz finden Sie unter <a href=\"https:\/\/www.google.com\/analytics\/terms\/de.html\" target=\"_blank\" rel=\"noopener\">https:\/\/www.google.com\/analytics\/terms\/de.html<\/a> bzw. unter <a href=\"https:\/\/policies.google.com\/?hl=de\" target=\"_blank\" rel=\"noopener\">https:\/\/policies.google.com\/?hl=de<\/a>.<\/p>\n<p>Sie k\u00f6nnen die Speicherung der Cookies durch eine entsprechende Einstellung Ihrer Browser-Software verhindern; wir weisen Sie jedoch darauf hin, dass Sie in diesem Fall gegebenenfalls nicht s\u00e4mtliche Funktionen dieser Website vollumf\u00e4nglich werden nutzen k\u00f6nnen. Sie k\u00f6nnen dar\u00fcber hinaus die Erfassung der durch das Cookie erzeugten und auf Ihre Nutzung der Website bezogenen Daten (inkl. Ihrer IP-Adresse) an Google sowie die Verarbeitung dieser Daten durch Google verhindern, indem Sie das <strong><a href=\"https:\/\/tools.google.com\/dlpage\/gaoptout?hl=de\" target=\"_blank\" rel=\"noopener\">Browser-Add-on<\/a><\/strong> herunterladen und installieren. Opt-Out-Cookies verhindern die zuk\u00fcnftige Erfassung Ihrer Daten beim Besuch dieser Website. Um die Erfassung durch Universal Analytics \u00fcber verschiedene Ger\u00e4te hinweg zu verhindern, m\u00fcssen Sie das Opt-Out auf allen genutzten Systemen durchf\u00fchren.<\/p>","protected":false},"excerpt":{"rendered":"<p>Haftungsausschluss (Disclaimer) Die auf der Website enthaltenen Informationen sind auf keinen Fall als Empfehlung, versicherungstechnische, rechtliche, steuerliche oder andere Beratung zu verstehen. Die hier bereitgestellten Inhalte und Dokumente sind ausschlie\u00dflich zur Information bestimmt. Die Inhalte und Dokumente k\u00f6nnen durch aktuelle Entwicklungen \u00fcberholt sein, ohne dass die bereitgestellten Inhalte und Dokumente ge\u00e4ndert wurden. Alle Texte und [&hellip;]<\/p>\n","protected":false},"author":3,"featured_media":0,"parent":0,"menu_order":0,"comment_status":"closed","ping_status":"closed","template":"","meta":{"footnotes":""},"class_list":["post-673","page","type-page","status-publish","hentry"],"_links":{"self":[{"href":"https:\/\/hsfl.ch\/de\/wp-json\/wp\/v2\/pages\/673"}],"collection":[{"href":"https:\/\/hsfl.ch\/de\/wp-json\/wp\/v2\/pages"}],"about":[{"href":"https:\/\/hsfl.ch\/de\/wp-json\/wp\/v2\/types\/page"}],"author":[{"embeddable":true,"href":"https:\/\/hsfl.ch\/de\/wp-json\/wp\/v2\/users\/3"}],"replies":[{"embeddable":true,"href":"https:\/\/hsfl.ch\/de\/wp-json\/wp\/v2\/comments?post=673"}],"version-history":[{"count":11,"href":"https:\/\/hsfl.ch\/de\/wp-json\/wp\/v2\/pages\/673\/revisions"}],"predecessor-version":[{"id":1819,"href":"https:\/\/hsfl.ch\/de\/wp-json\/wp\/v2\/pages\/673\/revisions\/1819"}],"wp:attachment":[{"href":"https:\/\/hsfl.ch\/de\/wp-json\/wp\/v2\/media?parent=673"}],"curies":[{"name":"wp","href":"https:\/\/api.w.org\/{rel}","templated":true}]}}