{"id":99,"date":"2018-02-08T01:15:43","date_gmt":"2018-02-08T00:15:43","guid":{"rendered":"https:\/\/hsfl.ch\/?page_id=99"},"modified":"2018-09-10T13:03:12","modified_gmt":"2018-09-10T11:03:12","slug":"warum-ein-spezialisierter-makler","status":"publish","type":"page","link":"https:\/\/hsfl.ch\/de\/warum-ein-spezialisierter-makler\/","title":{"rendered":"Warum Spezialisierung?"},"content":{"rendered":"<p><img loading=\"lazy\" decoding=\"async\" class=\"attachment-266x266 size-266x266 alignright\" src=\"https:\/\/hsfl.ch\/wp-content\/uploads\/2018\/05\/iStock-666863286-300x300.jpg\" sizes=\"(max-width: 266px) 100vw, 266px\" srcset=\"https:\/\/hsfl.ch\/wp-content\/uploads\/2018\/05\/iStock-666863286-300x300.jpg 300w, https:\/\/hsfl.ch\/wp-content\/uploads\/2018\/05\/iStock-666863286-150x150.jpg 150w, https:\/\/hsfl.ch\/wp-content\/uploads\/2018\/05\/iStock-666863286-100x100.jpg 100w\" alt=\"\" width=\"266\" height=\"266\" \/><\/p>\n<p>F\u00e4llt Ihnen auch nur eine medizinische Behandlung ein, die Sie <strong>NICHT\u00a0<\/strong>von Ihrem Hausarzt vornehmen lassen w\u00fcrden? Augenoperationen, Herztransplantationen, chirurgische Eingriffe \u2013 alle werden sie von Spezialisten vorgenommen.<\/p>\n<p><strong>Der Financial Lines Markt ist komplex.<\/strong><\/p>\n<ul>\n<li>Financial Lines <strong>Produkte<\/strong> sind f\u00fcr die Unternehmen und deren Manager von entscheidender Wichtigkeit; die Produkte sind immer noch relativ neu, <strong>unreif<\/strong>, <strong>komplex<\/strong> und wenig standardisiert.<\/li>\n<li>Das <strong>regulatorische und rechtliche Umfeld<\/strong> ist konstanter Ver\u00e4nderung unterworfen.<\/li>\n<li>Der signifikante <strong>Anstieg<\/strong> der Anzahl von\u00a0<strong>Schadenf\u00e4llen<\/strong> und betr\u00e4chtliche Schadenh\u00f6hen erfordert erfahrene Spezialisten, die das Risiko in seiner Einzigartigkeit verstehen und die Produkte im Griff haben.<\/li>\n<\/ul>\n<p><strong>Das traditionelle Broker-Modell fokussiert sich nicht auf Financial Lines<\/strong><\/p>\n<ul>\n<li>Die Spezialisierungsgrad der Versicherungsbroker ist\u00a0\u2013 ganz anders als bei anderen Berufen wie z.B. Rechtsanw\u00e4lten und \u00c4rzten\u00a0\u2013 sehr gering. Die meisten Versicherungsbroker beraten in Bezug auf das <strong>gesamte Spektrum<\/strong> der Versicherungsrisiken und -produkte; praktisch keiner konzentriert sich auf Financial Lines.<\/li>\n<li>Financial Lines stellt meist nur einen <strong>kleinen Teil<\/strong> des gesamten Versicherungsportfolios des Kunden dar (oft weniger als <strong>10% des Versicherungsbudgets<\/strong>). Der Broker l\u00e4uft alleine aus Kapazit\u00e4tsgr\u00fcnden Gefahr, dass seine guten Leistungen bei den g\u00e4ngigen Versicherungsprodukten in Frage gestellt werden, wenn seine Beratung in komplexen und aufw\u00e4ndigen Nischensegmenten wie Financial Lines nicht optimal ist.\n<ul>\n<li>F\u00fcr Kunden besteht die Gefahr eines\u00a0<strong>unzureichenden, falschen oder gar fehlenden Versicherungsschutzes<\/strong>.<\/li>\n<li>F\u00fcr Broker ist das im Zusammenhang mit ihrer Beratung stehende\u00a0<strong>Haftungspotenzial<\/strong>\u00a0im Bereich Financial Lines gestiegen.<\/li>\n<\/ul>\n<\/li>\n<\/ul>\n<p><strong>H\u00e4ufige Konsequenz<\/strong><\/p>\n<ul>\n<li>F\u00fcr Kunden besteht die Gefahr eines <strong>unzureichenden, falschen oder gar fehlenden Versicherungsschutzes<\/strong>.<\/li>\n<li>F\u00fcr Broker ist das im Zusammenhang mit ihrer Beratung stehende <strong>Haftungspotenzial<\/strong> im Bereich Financial Lines gestiegen.<\/li>\n<\/ul>\n<p><strong>Unser Ansatz: Spezialisierung<\/strong><\/p>\n<p>Wir sind durch unsere langj\u00e4hrige T\u00e4tigkeit im Bereich Financial Lines der \u00dcberzeugung, dass eine Spezialisierung im Bereich Financial Lines unabdingbar ist, um den Interessen der Kunden gerecht zu werden.<\/p>\n<p>Dank unseren langj\u00e4hrig erworbenen\u00a0<strong>Kenntnissen \u00fcber Versicherungsgesellschaften, die in FL aktiv sind,<\/strong>\u00a0verhandeln und implementieren wir marktf\u00fchrende, exklusive Versicherungskonzepte f\u00fcr alle Financial Lines Produkte und Kundengruppen. Wir legen Wert darauf, den Markt \u00fcber Produktinnovationen kontinuierlich den ver\u00e4nderten Bed\u00fcrfnissen anzupassen. Unser Ziel ist es gleichzeitig, die Komplexit\u00e4t von Financial Lines Sachverhalten in einfachen Worten verst\u00e4ndlich zu erkl\u00e4ren und darzustellen.<\/p>\n<p>Gerade die D&amp;O-Versicherung bietet aufgrund pers\u00f6nlicher Betroffenheit eine gute M\u00f6glichkeit, beim Management einen nachhaltigen Eindruck zu hinterlassen. Dank unserer Erfahrung sind wir in der Lage, diese Aufgabe zu \u00fcbernehmen oder dabei zu unterst\u00fctzen.<\/p>","protected":false},"excerpt":{"rendered":"<p>F\u00e4llt Ihnen auch nur eine medizinische Behandlung ein, die Sie NICHT\u00a0von Ihrem Hausarzt vornehmen lassen w\u00fcrden? Augenoperationen, Herztransplantationen, chirurgische Eingriffe \u2013 alle werden sie von Spezialisten vorgenommen. Der Financial Lines Markt ist komplex. Financial Lines Produkte sind f\u00fcr die Unternehmen und deren Manager von entscheidender Wichtigkeit; die Produkte sind immer noch relativ neu, unreif, komplex [&hellip;]<\/p>\n","protected":false},"author":3,"featured_media":1645,"parent":0,"menu_order":0,"comment_status":"closed","ping_status":"closed","template":"","meta":{"footnotes":""},"class_list":["post-99","page","type-page","status-publish","has-post-thumbnail","hentry"],"_links":{"self":[{"href":"https:\/\/hsfl.ch\/de\/wp-json\/wp\/v2\/pages\/99"}],"collection":[{"href":"https:\/\/hsfl.ch\/de\/wp-json\/wp\/v2\/pages"}],"about":[{"href":"https:\/\/hsfl.ch\/de\/wp-json\/wp\/v2\/types\/page"}],"author":[{"embeddable":true,"href":"https:\/\/hsfl.ch\/de\/wp-json\/wp\/v2\/users\/3"}],"replies":[{"embeddable":true,"href":"https:\/\/hsfl.ch\/de\/wp-json\/wp\/v2\/comments?post=99"}],"version-history":[{"count":37,"href":"https:\/\/hsfl.ch\/de\/wp-json\/wp\/v2\/pages\/99\/revisions"}],"predecessor-version":[{"id":2131,"href":"https:\/\/hsfl.ch\/de\/wp-json\/wp\/v2\/pages\/99\/revisions\/2131"}],"wp:featuredmedia":[{"embeddable":true,"href":"https:\/\/hsfl.ch\/de\/wp-json\/wp\/v2\/media\/1645"}],"wp:attachment":[{"href":"https:\/\/hsfl.ch\/de\/wp-json\/wp\/v2\/media?parent=99"}],"curies":[{"name":"wp","href":"https:\/\/api.w.org\/{rel}","templated":true}]}}