{"id":431,"date":"2018-03-27T13:41:04","date_gmt":"2018-03-27T11:41:04","guid":{"rendered":"https:\/\/hsfl.ch\/?post_type=product&#038;p=431"},"modified":"2018-05-20T14:50:47","modified_gmt":"2018-05-20T12:50:47","slug":"do","status":"publish","type":"product","link":"https:\/\/hsfl.ch\/de\/produkt\/do\/","title":{"rendered":"Directors &#038; Officers-Versicherung (D&#038;O)"},"content":{"rendered":"<p><span style=\"font-weight: normal !msorm;\"><strong>D&amp;O-Versicherung steht f\u00fcr \u201eDirectors &amp; Officers\u201c <\/strong><\/span> <strong>Organe und leitende Angestellte <span style=\"font-weight: normal !msorm;\">haben eine direkte pers\u00f6nliche Verantwortung und Haftung gegen\u00fcber <\/span><span style=\"font-weight: normal !msorm;\">verschiedensten Stakeholdern, wie etwa <\/span><span style=\"font-weight: normal !msorm;\">ihrem Unternehmen, Gesellschaftern<\/span><span style=\"font-weight: normal !msorm;\"> und <\/span><span style=\"font-weight: normal !msorm;\">anderen Dritten<\/span><\/strong>.<\/p>\n<p>Falls durch Verletzung dieser Verantwortung kausal ein finanzieller Schaden entsteht, haften sie pers\u00f6nlich f\u00fcr Schadenersatz (\u201eManagerhaftung\u201c). Haftungsversch\u00e4rfungen durch zus\u00e4tzliche gesetzliche und regulatorische Auflagen in Verbindung mit einer zunehmend aggressiven Anspruchsmentalit\u00e4t f\u00fchren dazu, dass selbst\u00a0in der Schweiz j\u00e4hrlich mehrere Hundert Klagen gegen F\u00fchrungskr\u00e4fte angestrengt werden; es handelt sich um zivilrechtliche Anspr\u00fcche, die nicht selten mit strafrechtlichen Untersuchungen verbunden werden. Die Mehrzahl der Managerhaftungs-Klagen wird aussergerichtlich beigelegt, Gerichtsurteile liegen nur im mittleren zweistelligen Bereich pro Jahr.<\/p>\n<p>Die D&amp;O-Versicherung ist eine Firmenpolice; sie wird vom Unternehmen gekauft und steht dessen Organen (Verwaltungsrat, Gesch\u00e4ftsleitung und leitende Angestellte) im Falle eines Anspruchs zur Seite und bietet Versicherungsschutz f\u00fcr Verm\u00f6genssch\u00e4den. Die D&amp;O deckt bei unberechtigten Schadenersatzanspr\u00fcchen die Abwehrkosten (beispielsweise Anwalts- und Gerichtskosten), sowie auch den Schaden selbst, falls dieser als berechtigt anzusehen ist oder der Streit im Rahmen eines Vergleichs beigelegt wird.<\/p>\n<p>Die D&amp;O-Versicherung geh\u00f6rt heute zur Grundausstattung \u2013 es gibt in der Schweiz nur sehr wenige gr\u00f6ssere Gesellschaften, die eine entsprechende Deckung nicht einkaufen und auch im KMU-Segment verzeichnen wir eine zunehmend umfassende Abdeckung \u00fcber alle Gr\u00f6ssen und Branchen hinweg.<\/p>","protected":false},"excerpt":{"rendered":"<p>D&amp;O-Versicherung steht f\u00fcr \u201eDirectors &amp; Officers\u201c Organe und leitende Angestellte haben eine direkte pers\u00f6nliche Verantwortung und Haftung gegen\u00fcber verschiedensten Stakeholdern, wie etwa ihrem Unternehmen, Gesellschaftern und anderen Dritten. Falls durch Verletzung dieser Verantwortung kausal ein finanzieller Schaden entsteht, haften sie pers\u00f6nlich f\u00fcr Schadenersatz (\u201eManagerhaftung\u201c). Haftungsversch\u00e4rfungen durch zus\u00e4tzliche gesetzliche und regulatorische Auflagen in Verbindung mit einer [&hellip;]<\/p>\n","protected":false},"featured_media":1317,"template":"","meta":[],"product_cat":[17],"product_tag":[],"class_list":{"0":"post-431","1":"product","2":"type-product","3":"status-publish","4":"has-post-thumbnail","6":"product_cat-management-haftung","8":"first","9":"instock","10":"virtual","11":"product-type-simple"},"_links":{"self":[{"href":"https:\/\/hsfl.ch\/de\/wp-json\/wp\/v2\/product\/431"}],"collection":[{"href":"https:\/\/hsfl.ch\/de\/wp-json\/wp\/v2\/product"}],"about":[{"href":"https:\/\/hsfl.ch\/de\/wp-json\/wp\/v2\/types\/product"}],"wp:featuredmedia":[{"embeddable":true,"href":"https:\/\/hsfl.ch\/de\/wp-json\/wp\/v2\/media\/1317"}],"wp:attachment":[{"href":"https:\/\/hsfl.ch\/de\/wp-json\/wp\/v2\/media?parent=431"}],"wp:term":[{"taxonomy":"product_cat","embeddable":true,"href":"https:\/\/hsfl.ch\/de\/wp-json\/wp\/v2\/product_cat?post=431"},{"taxonomy":"product_tag","embeddable":true,"href":"https:\/\/hsfl.ch\/de\/wp-json\/wp\/v2\/product_tag?post=431"}],"curies":[{"name":"wp","href":"https:\/\/api.w.org\/{rel}","templated":true}]}}