{"id":442,"date":"2018-03-27T14:27:43","date_gmt":"2018-03-27T12:27:43","guid":{"rendered":"https:\/\/hsfl.ch\/?post_type=product&#038;p=442"},"modified":"2018-05-20T14:50:29","modified_gmt":"2018-05-20T12:50:29","slug":"side-a-xs","status":"publish","type":"product","link":"https:\/\/hsfl.ch\/de\/produkt\/side-a-xs\/","title":{"rendered":"D&#038;O Side A DIC"},"content":{"rendered":"<p><strong><span style=\"font-weight: normal !msorm;\">Bei der D&amp;O Side A DIC handelt es sich um eine Erg\u00e4nzungspolice zur Unternehmens-D&amp;O \u2013 sie <\/span>deckt ebenfalls Verm\u00f6genssch\u00e4den und <span style=\"font-weight: normal !msorm;\">erweitert den Schutz der versicherten Person und <\/span><span style=\"font-weight: normal !msorm;\">wird in der Praxis oft mis<\/span><span style=\"font-weight: normal !msorm;\">s<\/span><span style=\"font-weight: normal !msorm;\">verstanden<\/span><span style=\"font-weight: normal !msorm;\">.<\/span><\/strong><\/p>\n<p>Es handelt sich bei der D&amp;O Side A DIC-Versicherung um eine D&amp;O-Police, die ausschliesslich Anspr\u00fcche absichert, die sich gegen die <strong><span style=\"font-weight: normal !msorm;\">versicherte Person<\/span><\/strong> richten und f\u00fcr die diese von der Gesellschaft, bei der sie angestellt ist oder ein Verwaltungsratsmandat aus\u00fcbt, <strong><span style=\"font-weight: normal !msorm;\">keine Schadloshaltung<\/span><\/strong> geniesst (Side A). F\u00fcr Versicherungsf\u00e4lle, die sich gegen die versicherte Person richten, f\u00fcr die jedoch die Gesellschaft Schadloshaltung gew\u00e4hrt (Side B), findet die D&amp;O Side A DIC Police keine Anwendung. Auch Anspr\u00fcche, die sich gegen die Gesellschaft richten (Side C), werden von der D&amp;O Side A DIC nicht umfasst.<\/p>\n<p>Entsprechende Deckungen werden \u00fcblicherweise als Konditionsdifferenzdeckung (Difference in Conditions, DIC) zus\u00e4tzlich zur bereits vorhandenen Organhaftungpflichtversicherung mit einer \u201edrop down\u201c Vereinbarung abgeschlossen. Damit wird also der pers\u00f6nliche Versicherungsschutz f\u00fcr nicht enthaftbare F\u00e4lle erweitert, in den Bereichen, wo die Side A DIC mehr Versicherungsschutz bietet als die unterliegende Police.<\/p>\n<p>Die D&amp;O Side A DIC Police adressiert im Wesentlichen drei wichtige Elemente:<\/p>\n<p>1) sie bietet <strong><span style=\"font-weight: normal !msorm;\">zus\u00e4tzliche Versicherungskapazit\u00e4t<\/span><\/strong> (excess capacity) f\u00fcr Anspr\u00fcche, wo die versicherte Person keine Schadloshaltung der Gesellschaft geniesst.<\/p>\n<p>2) sie <span style=\"font-weight: normal !msorm;\"><strong>schliesst Deckungsl\u00fccken<\/strong><\/span> der Unternehmens-D&amp;O-Police (drop down), falls der unterliegende Versicherer Leistung verweigert, die unter der Side A DIC gedeckt ist oder im Falle einer Insolvenz.<\/p>\n<p>3) sie beinhaltet oft <span style=\"font-weight: normal !msorm;\"><strong>wesentliche Ausschl\u00fcsse der unterliegenden Police<\/strong><\/span> nicht, wie etwa Innenanspr\u00fcche (insured versus insured \/ IvI).<\/p>\n<p>Ein solches zus\u00e4tzliches Sicherheitsnetz kann oft entscheidend sein, um qualifizierte Organe zu gewinnen.<\/p>","protected":false},"excerpt":{"rendered":"<p>Bei der D&amp;O Side A DIC handelt es sich um eine Erg\u00e4nzungspolice zur Unternehmens-D&amp;O \u2013 sie deckt ebenfalls Verm\u00f6genssch\u00e4den und erweitert den Schutz der versicherten Person und wird in der Praxis oft missverstanden. Es handelt sich bei der D&amp;O Side A DIC-Versicherung um eine D&amp;O-Police, die ausschliesslich Anspr\u00fcche absichert, die sich gegen die versicherte Person [&hellip;]<\/p>\n","protected":false},"featured_media":1317,"template":"","meta":[],"product_cat":[17],"product_tag":[],"class_list":{"0":"post-442","1":"product","2":"type-product","3":"status-publish","4":"has-post-thumbnail","6":"product_cat-management-haftung","8":"first","9":"instock","10":"virtual","11":"product-type-simple"},"_links":{"self":[{"href":"https:\/\/hsfl.ch\/de\/wp-json\/wp\/v2\/product\/442"}],"collection":[{"href":"https:\/\/hsfl.ch\/de\/wp-json\/wp\/v2\/product"}],"about":[{"href":"https:\/\/hsfl.ch\/de\/wp-json\/wp\/v2\/types\/product"}],"wp:featuredmedia":[{"embeddable":true,"href":"https:\/\/hsfl.ch\/de\/wp-json\/wp\/v2\/media\/1317"}],"wp:attachment":[{"href":"https:\/\/hsfl.ch\/de\/wp-json\/wp\/v2\/media?parent=442"}],"wp:term":[{"taxonomy":"product_cat","embeddable":true,"href":"https:\/\/hsfl.ch\/de\/wp-json\/wp\/v2\/product_cat?post=442"},{"taxonomy":"product_tag","embeddable":true,"href":"https:\/\/hsfl.ch\/de\/wp-json\/wp\/v2\/product_tag?post=442"}],"curies":[{"name":"wp","href":"https:\/\/api.w.org\/{rel}","templated":true}]}}