{"id":443,"date":"2018-03-27T14:28:08","date_gmt":"2018-03-27T12:28:08","guid":{"rendered":"https:\/\/hsfl.ch\/?post_type=product&#038;p=443"},"modified":"2018-05-20T14:50:17","modified_gmt":"2018-05-20T12:50:17","slug":"crime","status":"publish","type":"product","link":"https:\/\/hsfl.ch\/de\/produkt\/crime\/","title":{"rendered":"Crime"},"content":{"rendered":"<p><strong>Die Crime- oder Vertrauensschaden-Versicherung geh\u00f6rt zu den so genannten &#8222;named perils&#8220; (benannte Gefahren) Deckungen und kennt je nach Wirtschaftssegment und Deckungskomponente einige alternative Bezeichnungen: &#8222;Fidelity-Versicherung&#8220;, f\u00fcr Banken \u201eBanker\u2018s Blanket Bond\u201c oder f\u00fcr den besonders exponierten Finanzsektor \u201eFI-Crime\u201c genannt und ersetzt Verm\u00f6genssch\u00e4den, die dem versicherten Unternehmen in erster Linie von eigenen Mitarbeitern (so genannten &#8222;Vertrauenspersonen&#8220;) vors\u00e4tzlich durch unerlaubte Handlungen verursacht werden.<\/strong><\/p>\n<p>Hierzu z\u00e4hlen insbesondere Unterschlagung, Diebstahl, Betrug, Urkundenf\u00e4lschung, Computerbetrug und sonstige Veruntreuungen. Als Vertrauenspersonen gelten grunds\u00e4tzlich alle Arbeitnehmer einschliesslich der Aushilfen und Praktikanten sowie Gesch\u00e4ftsf\u00fchrer, Vorstandsmitglieder, Zeitarbeitskr\u00e4fte und Personen, die in arbeitnehmer\u00e4hnlichen Positionen im versicherten Unternehmen besch\u00e4ftigt sind (z.B. Sicherheits-, Wartungs- und Reinigungspersonal).<\/p>\n<p>Es wurden im Laufe der Zeit auch Erweiterungen der Vertrauensschadenversicherung angeboten, die den Kreis der T\u00e4ter auf Dritte ausdehnten. Dies war zwar insbesondere im Rahmen ihrere Komponente &#8222;Computerstraftaten-Versicherung&#8220; (Electronic Computer Crime Insurance, ECC) schon lange verf\u00fcgbar, wurde aber in manchen M\u00e4rkten auch im Rahmen des &#8222;All Risk&#8220; Ansatzes angeboten.<\/p>\n<p>Neue Technologien, aber auch von krimineller Energie getriebener Erfindungsreichtum haben der Crime-Versicherung im Laufe der letzten Jahre neuartige Versicherungsf\u00e4lle beschert; hier seien insbesondere die so genannten &#8222;Fake President&#8220; F\u00e4lle genannt, bei den die (meist externen) T\u00e4ter die Mitarbeiter durch Tricks und T\u00e4uschung dazu brachten, \u00dcberweisungen auf externe Bankkonten auszuf\u00fchren, indem sie vorgaben, dem Management des Unternehmens anzugeh\u00f6ren. Die Verbreitung von Online-Banking und eCommerce hat ebenfalls zur signifikanten Erh\u00f6hung der Betrugsf\u00e4lle beigetragen, die fallweise den Versicherern gemeldet wurden.<\/p>\n<p>Die Crime-Versicherung kann je nach Segment, Struktur des Unternehmens \/ Konzerns eine \u00fcberaus wichtige Rolle spielen. Die Schadensf\u00e4lle k\u00f6nnen f\u00fcr ein Unternehmen existenzbedrohend sein; Die Crime-Versicherung kann durch eine sinnvolle Kombination mit anderen FL-Produkten und die Vereinbarung eines angemessenen Selbstbehalts eine sinnvolle Erg\u00e4nzung des Portfolios sein.<\/p>","protected":false},"excerpt":{"rendered":"<p>Die Crime- oder Vertrauensschaden-Versicherung geh\u00f6rt zu den so genannten &#8222;named perils&#8220; (benannte Gefahren) Deckungen und kennt je nach Wirtschaftssegment und Deckungskomponente einige alternative Bezeichnungen: &#8222;Fidelity-Versicherung&#8220;, f\u00fcr Banken \u201eBanker\u2018s Blanket Bond\u201c oder f\u00fcr den besonders exponierten Finanzsektor \u201eFI-Crime\u201c genannt und ersetzt Verm\u00f6genssch\u00e4den, die dem versicherten Unternehmen in erster Linie von eigenen Mitarbeitern (so genannten &#8222;Vertrauenspersonen&#8220;) vors\u00e4tzlich [&hellip;]<\/p>\n","protected":false},"featured_media":1316,"template":"","meta":[],"product_cat":[26],"product_tag":[],"class_list":{"0":"post-443","1":"product","2":"type-product","3":"status-publish","4":"has-post-thumbnail","6":"product_cat-eigenschaden-deckungen","8":"first","9":"instock","10":"virtual","11":"product-type-simple"},"_links":{"self":[{"href":"https:\/\/hsfl.ch\/de\/wp-json\/wp\/v2\/product\/443"}],"collection":[{"href":"https:\/\/hsfl.ch\/de\/wp-json\/wp\/v2\/product"}],"about":[{"href":"https:\/\/hsfl.ch\/de\/wp-json\/wp\/v2\/types\/product"}],"wp:featuredmedia":[{"embeddable":true,"href":"https:\/\/hsfl.ch\/de\/wp-json\/wp\/v2\/media\/1316"}],"wp:attachment":[{"href":"https:\/\/hsfl.ch\/de\/wp-json\/wp\/v2\/media?parent=443"}],"wp:term":[{"taxonomy":"product_cat","embeddable":true,"href":"https:\/\/hsfl.ch\/de\/wp-json\/wp\/v2\/product_cat?post=443"},{"taxonomy":"product_tag","embeddable":true,"href":"https:\/\/hsfl.ch\/de\/wp-json\/wp\/v2\/product_tag?post=443"}],"curies":[{"name":"wp","href":"https:\/\/api.w.org\/{rel}","templated":true}]}}