{"id":446,"date":"2018-03-27T14:29:04","date_gmt":"2018-03-27T12:29:04","guid":{"rendered":"https:\/\/hsfl.ch\/?post_type=product&#038;p=446"},"modified":"2018-05-20T14:49:45","modified_gmt":"2018-05-20T12:49:45","slug":"cyber","status":"publish","type":"product","link":"https:\/\/hsfl.ch\/de\/produkt\/cyber\/","title":{"rendered":"Cyber"},"content":{"rendered":"<p><strong>Eine Cyberversicherung bewahrt Unternehmen vor Konsequenzen eines Hackerangriffs, bietet aber auch dar\u00fcber hinaus Schutz f\u00fcr Sch\u00e4den, die direkt durch eine Beeintr\u00e4chtigung des IT-Systems entstehen, sei es Eigen- oder Haftpflichtsch\u00e4den gegen\u00fcber Dritten. Sie zahlt beispielsweise die vereinbarte Entsch\u00e4digung, wenn eine Cyber-Attacke\u00a0den Gesch\u00e4ftsbetrieb eines Unternehmens ganz oder teilweise lahmlegt<\/strong>.<\/p>\n<p>Sie kann aber mehr als eine reine Schadenversicherung sein: Um nach einem Angriff\u00a0 die Auswirkungen zu begrenzen, und weil auch die informationellen oder Pers\u00f6nlichkeitsrechte von Dritten ber\u00fchrt sein k\u00f6nnten, bietet eine Cyberpolice wichtige Serviceleistungen. Dies ist besonders wichtig f\u00fcr Unternehmen, die sich keine st\u00e4ndige Serviceabteilung leisten k\u00f6nnen, um im Ernstfall schnell und wirksam zu reagieren.<\/p>\n<p>Der Gesetzgeber hat das Gefahrenpotential der rapide voranschreitenden Digitalisierung bereits lange erkannt und mit einer Reihe von regelm\u00e4ssig erneuerten und begegnet dem technischen Fortschritt und dem Wandel der Wirtschaft durch die in allen Industrie- und Dienstleistungszweige zunehmende Datenvolumina mit Regelungen und Gesetzen. Gerade Ende Mai 2018 tritt auf EU-Ebene die\u00a0DSGVO (Datenschutz-Grundverordnung) in Kraft, deren vornehmliches Ziel der Schutz von Personendaten der EU-B\u00fcrger ist, aber auch ein regulatorischer Rahmen f\u00fcr die Unternehmen gesetzt werden, deren Hauptgesch\u00e4ft der Verkehr mit Daten ist: Als Beispiele seien hier Google, Facebook und Amazon genannt, die Ihren Hauptsitz in den USA haben. Bis zu 4 Prozent des Jahresumsatzes oder bis zu 20 Millionen Euro Bussen sind bei schweren Verst\u00f6ssen eine existentielle Bedrohung f\u00fcr Unternehmen darstellen.<\/p>\n<p>Die Schweiz wird der EU-DSGVO voraussichtlich sehr bald voll-umf\u00e4nglich folgen und das Datenschutzgesetz (DSG), das in der Ursprungsfassung aus dem Jahre 1992\u00a0 stammt und zuletzt 2014 angepasst wurde, im Rahmen einer Totalrevision ersetzen.<\/p>\n<p>Das Angebot der Cyberversicherungen ist unter den Financial Lines Produkten am uneinheitlichsten. Angebotene werden Mischprodukte aus Service- Haftpflicht- und Eigenschadenversicherungen, deren Umfang von reinen Kostenversicherungen bis hin zu Betriebsunterbrechungsdeckungen und \u00dcbernahme von Bussen und Strafzahlungen. Die Versicherer bieten auf der Cyber-Produktebene noch keinen uniformen Standard und sind strategisch sehr unterschiedlich aufgestellt. Der Produktzyklus ist hier sehr kurz. Es wird allgemein erwartet, dass die Cyberversicherung sp\u00e4testens in 5 bis 10 Jahren zum Standardportfolio eines Unternehmens geh\u00f6ren wird.<\/p>\n<p>&nbsp;<\/p>\n<p>&nbsp;<\/p>","protected":false},"excerpt":{"rendered":"<p>Eine Cyberversicherung bewahrt Unternehmen vor Konsequenzen eines Hackerangriffs, bietet aber auch dar\u00fcber hinaus Schutz f\u00fcr Sch\u00e4den, die direkt durch eine Beeintr\u00e4chtigung des IT-Systems entstehen, sei es Eigen- oder Haftpflichtsch\u00e4den gegen\u00fcber Dritten. Sie zahlt beispielsweise die vereinbarte Entsch\u00e4digung, wenn eine Cyber-Attacke\u00a0den Gesch\u00e4ftsbetrieb eines Unternehmens ganz oder teilweise lahmlegt. Sie kann aber mehr als eine reine Schadenversicherung [&hellip;]<\/p>\n","protected":false},"featured_media":1316,"template":"","meta":[],"product_cat":[26],"product_tag":[],"class_list":{"0":"post-446","1":"product","2":"type-product","3":"status-publish","4":"has-post-thumbnail","6":"product_cat-eigenschaden-deckungen","8":"first","9":"instock","10":"virtual","11":"product-type-simple"},"_links":{"self":[{"href":"https:\/\/hsfl.ch\/de\/wp-json\/wp\/v2\/product\/446"}],"collection":[{"href":"https:\/\/hsfl.ch\/de\/wp-json\/wp\/v2\/product"}],"about":[{"href":"https:\/\/hsfl.ch\/de\/wp-json\/wp\/v2\/types\/product"}],"wp:featuredmedia":[{"embeddable":true,"href":"https:\/\/hsfl.ch\/de\/wp-json\/wp\/v2\/media\/1316"}],"wp:attachment":[{"href":"https:\/\/hsfl.ch\/de\/wp-json\/wp\/v2\/media?parent=446"}],"wp:term":[{"taxonomy":"product_cat","embeddable":true,"href":"https:\/\/hsfl.ch\/de\/wp-json\/wp\/v2\/product_cat?post=446"},{"taxonomy":"product_tag","embeddable":true,"href":"https:\/\/hsfl.ch\/de\/wp-json\/wp\/v2\/product_tag?post=446"}],"curies":[{"name":"wp","href":"https:\/\/api.w.org\/{rel}","templated":true}]}}