{"id":447,"date":"2018-03-27T14:29:21","date_gmt":"2018-03-27T12:29:21","guid":{"rendered":"https:\/\/hsfl.ch\/?post_type=product&#038;p=447"},"modified":"2018-05-20T14:49:27","modified_gmt":"2018-05-20T12:49:27","slug":"kre","status":"publish","type":"product","link":"https:\/\/hsfl.ch\/de\/produkt\/kre\/","title":{"rendered":"KR&#038;E"},"content":{"rendered":"<p><strong>Die Kidnap, Ransom &amp; Extortion (KR&amp;E) Insurance ist eine Entf\u00fchrungs-, Erpressungs und L\u00f6segeldversicherung &#8211; sie sichert schnelle professionelle Hilfe im Krisenfall und sch\u00fctzt vor finanziellen Risiken. Sie gew\u00e4hrt dem Versicherten den Zugang zu einem Krisenberater, der im Fall der F\u00e4lle die notwendigen Schritte einleitet. Dazu geh\u00f6ren die Analyse der Lage und die Beratung vor Ort, das Erarbeiten strategischer Optionen und die Etablierung notwendiger Kommunikationskan\u00e4le.<\/strong><\/p>\n<p>Ebenso unterst\u00fctzt der Krisenberater bei der Zusammenarbeit mit lokalen und nationalen Beh\u00f6rden und dem Umgang mit Medien. Nicht zuletzt gibt es Hilfe bei der Betreuung der Familie und Angeh\u00f6rigen w\u00e4hrend der Krise sowie bei der Rehabilitation des Opfers.<\/p>\n<p>Neben den Kosten der Krisenberatung umfasst die Kidnap &amp; Ransom-Versicherung auch die Zahlung von L\u00f6segeld. Aber auch sonstige Kosten, die mit einem Versicherungsfall einhergehen, werden erstattet. Dazu z\u00e4hlen Reisekosten, Kosten f\u00fcr Rechtsberatung oder Informanten, Genesungs- und Rehabilitationskosten sowie Kapitalleistungen bei Personensch\u00e4den. Manche Deckungskonzepte versichern die Kosten f\u00fcr den Krisenberater zus\u00e4tzlich zur gew\u00e4hlten Versicherungssumme.<\/p>\n<p>Die KR&amp;E-Policen werden von Unternehmen und auch von Privatpersonen (oft als Familienpolicen) gekauft. Wegen der notwendigen Geheimhaltung gibt es in vielen L\u00e4ndern Auflagen bez\u00fcglich der Vertragsverwaltung, zum Beispiel werden oft Codes statt Klarnamen benutzt und es hat nur ein begrenzter Personenkreis Zugang zu den Vertragsakten beim Versicherer. Die Deckungssummen sind relativ hoch, insbesondere im Verh\u00e4ltnis zu den gezahlten Pr\u00e4mien. Relevant sind solche Policen f\u00fcr in besonders gef\u00e4hrdeten Gebieten\u00a0international t\u00e4tige Unternehmen, wohlhabende Familien und Personen des \u00f6ffentlichen Lebens.<\/p>","protected":false},"excerpt":{"rendered":"<p>Die Kidnap, Ransom &amp; Extortion (KR&amp;E) Insurance ist eine Entf\u00fchrungs-, Erpressungs und L\u00f6segeldversicherung &#8211; sie sichert schnelle professionelle Hilfe im Krisenfall und sch\u00fctzt vor finanziellen Risiken. Sie gew\u00e4hrt dem Versicherten den Zugang zu einem Krisenberater, der im Fall der F\u00e4lle die notwendigen Schritte einleitet. Dazu geh\u00f6ren die Analyse der Lage und die Beratung vor Ort, [&hellip;]<\/p>\n","protected":false},"featured_media":1316,"template":"","meta":[],"product_cat":[26],"product_tag":[],"class_list":{"0":"post-447","1":"product","2":"type-product","3":"status-publish","4":"has-post-thumbnail","6":"product_cat-eigenschaden-deckungen","8":"first","9":"instock","10":"virtual","11":"product-type-simple"},"_links":{"self":[{"href":"https:\/\/hsfl.ch\/de\/wp-json\/wp\/v2\/product\/447"}],"collection":[{"href":"https:\/\/hsfl.ch\/de\/wp-json\/wp\/v2\/product"}],"about":[{"href":"https:\/\/hsfl.ch\/de\/wp-json\/wp\/v2\/types\/product"}],"wp:featuredmedia":[{"embeddable":true,"href":"https:\/\/hsfl.ch\/de\/wp-json\/wp\/v2\/media\/1316"}],"wp:attachment":[{"href":"https:\/\/hsfl.ch\/de\/wp-json\/wp\/v2\/media?parent=447"}],"wp:term":[{"taxonomy":"product_cat","embeddable":true,"href":"https:\/\/hsfl.ch\/de\/wp-json\/wp\/v2\/product_cat?post=447"},{"taxonomy":"product_tag","embeddable":true,"href":"https:\/\/hsfl.ch\/de\/wp-json\/wp\/v2\/product_tag?post=447"}],"curies":[{"name":"wp","href":"https:\/\/api.w.org\/{rel}","templated":true}]}}