{"id":448,"date":"2018-03-27T14:29:39","date_gmt":"2018-03-27T12:29:39","guid":{"rendered":"https:\/\/hsfl.ch\/?post_type=product&#038;p=448"},"modified":"2018-05-20T14:49:11","modified_gmt":"2018-05-20T12:49:11","slug":"keyman","status":"publish","type":"product","link":"https:\/\/hsfl.ch\/de\/produkt\/keyman\/","title":{"rendered":"Keyman"},"content":{"rendered":"<p><strong>Eine Keyman-Versicherung deckt den Verlust einer Schl\u00fcsselperson, die einen wesentlichen Beitrag zum Erfolg eines Unternehmens leistet.<\/strong><\/p>\n<p>Was, wenn der wichtigste Mitarbeiter pl\u00f6tzlich nicht mehr verf\u00fcgbar ist? Die Keyman-Versicherung ist eine Lebensversicherung, die ein Unternehmen oder eine Institution vor den Folgen des Todes einer so genannten Schl\u00fcsselperson sch\u00fctzt.<\/p>\n<p>Die Schl\u00fcsselpersonenversicherung ist eine Standard-Lebensversicherung, die zur Unternehmensnachfolge oder zum Unternehmensschutz abgeschlossen wird. Unternehmen besch\u00e4ftigen oder werden oft von einer Schl\u00fcsselperson geleitet, die f\u00fcr die Mehrheit der Gewinne verantwortlich ist bzw. eine einzigartige, schwer zu ersetzende Qualifikation (z.B. geistiges Eigentum) besitzt, die f\u00fcr den Erfolg einer Organisation entscheidend ist. Ein Unternehmen kann eine Keyman-Versicherung f\u00fcr das Leben oder die Gesundheit eines jeden Mitarbeiters abschliessen, dessen Wissen, Arbeit oder Gesamtbeitrag als ausserordentlich wertvoll f\u00fcr das Unternehmen angesehen wird. Der Arbeitgeber tut dies, um die Kosten (wie die Einstellung von Aushilfskr\u00e4ften oder die Rekrutierung eines Nachfolgers) und Verluste zu decken (wie den vor\u00fcbergehenden Verlust von Gewinnen aus dem Unternehmen bis die Nachfolger ausreichend geschult und bereit sind, die Nachfolge anzutreten), die dem Arbeitgeber im Falle des Verlusts einer Schl\u00fcsselperson entstehen k\u00f6nnen.<\/p>\n<p>Es wird oft von Investoren verlangt, wenn sie feststellen, dass der Erfolg eines Unternehmens in hohem Masse von einer einzigen Schl\u00fcsselperson abh\u00e4ngt.<\/p>","protected":false},"excerpt":{"rendered":"<p>Eine Keyman-Versicherung deckt den Verlust einer Schl\u00fcsselperson, die einen wesentlichen Beitrag zum Erfolg eines Unternehmens leistet. Was, wenn der wichtigste Mitarbeiter pl\u00f6tzlich nicht mehr verf\u00fcgbar ist? Die Keyman-Versicherung ist eine Lebensversicherung, die ein Unternehmen oder eine Institution vor den Folgen des Todes einer so genannten Schl\u00fcsselperson sch\u00fctzt. Die Schl\u00fcsselpersonenversicherung ist eine Standard-Lebensversicherung, die zur Unternehmensnachfolge [&hellip;]<\/p>\n","protected":false},"featured_media":1316,"template":"","meta":[],"product_cat":[26],"product_tag":[],"class_list":{"0":"post-448","1":"product","2":"type-product","3":"status-publish","4":"has-post-thumbnail","6":"product_cat-eigenschaden-deckungen","8":"first","9":"instock","10":"virtual","11":"product-type-simple"},"_links":{"self":[{"href":"https:\/\/hsfl.ch\/de\/wp-json\/wp\/v2\/product\/448"}],"collection":[{"href":"https:\/\/hsfl.ch\/de\/wp-json\/wp\/v2\/product"}],"about":[{"href":"https:\/\/hsfl.ch\/de\/wp-json\/wp\/v2\/types\/product"}],"wp:featuredmedia":[{"embeddable":true,"href":"https:\/\/hsfl.ch\/de\/wp-json\/wp\/v2\/media\/1316"}],"wp:attachment":[{"href":"https:\/\/hsfl.ch\/de\/wp-json\/wp\/v2\/media?parent=448"}],"wp:term":[{"taxonomy":"product_cat","embeddable":true,"href":"https:\/\/hsfl.ch\/de\/wp-json\/wp\/v2\/product_cat?post=448"},{"taxonomy":"product_tag","embeddable":true,"href":"https:\/\/hsfl.ch\/de\/wp-json\/wp\/v2\/product_tag?post=448"}],"curies":[{"name":"wp","href":"https:\/\/api.w.org\/{rel}","templated":true}]}}