{"id":449,"date":"2018-03-27T14:30:01","date_gmt":"2018-03-27T12:30:01","guid":{"rendered":"https:\/\/hsfl.ch\/?post_type=product&#038;p=449"},"modified":"2018-05-20T14:48:57","modified_gmt":"2018-05-20T12:48:57","slug":"commercial-pi","status":"publish","type":"product","link":"https:\/\/hsfl.ch\/de\/produkt\/commercial-pi\/","title":{"rendered":"Commercial PI"},"content":{"rendered":"<p><span style=\"font-weight: normal !msorm;\"><strong>Die Berufshaftpflichtversicherung deckt Verm\u00f6genssch\u00e4den<\/strong><\/span><span style=\"font-weight: normal !msorm;\"><strong> bestimmter <\/strong><\/span><span style=\"font-weight: normal !msorm;\"><strong>Berufsgruppen<\/strong><\/span><span style=\"font-weight: normal !msorm;\"><strong>, die aus einer Fehlberatung gegen\u00fc<\/strong><\/span><span style=\"font-weight: normal !msorm;\"><strong>ber Dritten<\/strong><\/span><span style=\"font-weight: normal !msorm;\"><strong>, typischerweise Kunden,<\/strong><\/span><span style=\"font-weight: normal !msorm;\"><strong> entstehen.<\/strong><\/span><\/p>\n<p>Neben Berufshaftpflicht-Versicherung spricht man auch von PI-Policen (Professional Indemnity) oder E&amp;O-Policen (Errors &amp; Omissions).<\/p>\n<p>Abh\u00e4ngig von seiner T\u00e4tigkeit ist der Berater ganz unterschiedlichen Risiken ausgesetzt. Financial Lines umfasst auf die Bed\u00fcrfnisse zugeschnittene Berufshaftpflicht-Versicherungsl\u00f6sungen f\u00fcr folgende Berufsgruppen:<\/p>\n<ul>\n<li>Architekten &amp; Ingenieure (PI A&amp;E)<\/li>\n<li>Unternehmensberater (PI Consultant)<\/li>\n<li>Rechtsanw\u00e4lte, Notareoder Rechtsberater ohne Anwaltspatent (PI Lawyer)<\/li>\n<li>Versicherungvermittler (PI Broker)<\/li>\n<li>Treuh\u00e4nder (PI Fiduciary)<\/li>\n<li>weitere Berufsgruppen<\/li>\n<\/ul>\n<p>Financial Lines umfasst nicht die Berufshaftpflicht-Versicherung f\u00fcr Medizinalpersonal.<\/p>\n<p>Der Versicherungsschutz bei der Berufshaftpflicht-Versicherung bezieht sich auf die gesetzliche Haftpflicht und wird anhand spezieller Risikofaktoren wie etwa der beruflichen T\u00e4tigkeit und der generierten Ums\u00e4tze konkretisiert und auf den Versicherten zugeschnitten. Die Produkte der meisten Anbieter basieren auf einem allgemeinen Teil (AVB) und besonderen Bedingungen (BVB), welche die Spezifika der obgenannten Berufsgruppen ber\u00fccksichtigen. Es lassen sich standardisiert weitere Risiken in die Deckung einschliessen \u2013 weit verbreitet ist etwa die B\u00fcro-\/Betriebshaftpflicht.<\/p>\n<p>Wenn nicht anders vereinbart, sind alle f\u00fcr die Gesellschaft t\u00e4tigen Mitarbeiter mitversichert.<\/p>\n<p>Die Berufshaftpflicht-Versicherung ist eine wichtige und in der Schweiz weit verbreitete Deckung. F\u00fcr gewisse Berufsgruppen besteht gar eine Versicherungspflicht, so etwa f\u00fcr ungebundene Versicherungsvermittler (Art. 43 Abs. 1 VAG) oder Anw\u00e4lte (Art. 12 Lit. f BGFA).<\/p>","protected":false},"excerpt":{"rendered":"<p>Die Berufshaftpflichtversicherung deckt Verm\u00f6genssch\u00e4den bestimmter Berufsgruppen, die aus einer Fehlberatung gegen\u00fcber Dritten, typischerweise Kunden, entstehen. Neben Berufshaftpflicht-Versicherung spricht man auch von PI-Policen (Professional Indemnity) oder E&amp;O-Policen (Errors &amp; Omissions). Abh\u00e4ngig von seiner T\u00e4tigkeit ist der Berater ganz unterschiedlichen Risiken ausgesetzt. Financial Lines umfasst auf die Bed\u00fcrfnisse zugeschnittene Berufshaftpflicht-Versicherungsl\u00f6sungen f\u00fcr folgende Berufsgruppen: Architekten &amp; Ingenieure (PI [&hellip;]<\/p>\n","protected":false},"featured_media":1319,"template":"","meta":[],"product_cat":[27],"product_tag":[],"class_list":{"0":"post-449","1":"product","2":"type-product","3":"status-publish","4":"has-post-thumbnail","6":"product_cat-berufshaftung","8":"first","9":"instock","10":"virtual","11":"product-type-simple"},"_links":{"self":[{"href":"https:\/\/hsfl.ch\/de\/wp-json\/wp\/v2\/product\/449"}],"collection":[{"href":"https:\/\/hsfl.ch\/de\/wp-json\/wp\/v2\/product"}],"about":[{"href":"https:\/\/hsfl.ch\/de\/wp-json\/wp\/v2\/types\/product"}],"wp:featuredmedia":[{"embeddable":true,"href":"https:\/\/hsfl.ch\/de\/wp-json\/wp\/v2\/media\/1319"}],"wp:attachment":[{"href":"https:\/\/hsfl.ch\/de\/wp-json\/wp\/v2\/media?parent=449"}],"wp:term":[{"taxonomy":"product_cat","embeddable":true,"href":"https:\/\/hsfl.ch\/de\/wp-json\/wp\/v2\/product_cat?post=449"},{"taxonomy":"product_tag","embeddable":true,"href":"https:\/\/hsfl.ch\/de\/wp-json\/wp\/v2\/product_tag?post=449"}],"curies":[{"name":"wp","href":"https:\/\/api.w.org\/{rel}","templated":true}]}}