{"id":450,"date":"2018-03-27T14:30:26","date_gmt":"2018-03-27T12:30:26","guid":{"rendered":"https:\/\/hsfl.ch\/?post_type=product&#038;p=450"},"modified":"2018-05-20T14:48:43","modified_gmt":"2018-05-20T12:48:43","slug":"fi-pi","status":"publish","type":"product","link":"https:\/\/hsfl.ch\/de\/produkt\/fi-pi\/","title":{"rendered":"FI PI"},"content":{"rendered":"<p><strong>Die Financial Institutions Professional Indemnity Insurance (FIPI) sch\u00fctzt das Eigenkapital der Firma. Sie \u00fcbernimmt die Kosten f\u00fcr Abwehr und Schadenersatz f\u00fcr den Fall, dass das Unternehmen gegen\u00fcber einem Dritten, in der Regel einem Kunden aufgrund eines Beratungs- oder Dienstleistungsfehlers gesetzlich haftet.<\/strong><\/p>\n<p>Die Versicherungsleistung umfasst die Abwehrkosten f\u00fcr unbegr\u00fcndete Anspr\u00fcche und Zahlungen f\u00fcr begr\u00fcndete Schadenersatzforderungen. Als Instrument des Risk Management sichert die FIPI-Police das Ergebnis des Finanzinstituts.<\/p>\n<p>Die FIPI ist f\u00fcr Banken besonders seit der Finanzkrise zu einem wichtigen Tool geworden, um Klagen ihrer Kunden aus fehlerhafter Beratung abzudecken. Eine FIPI-Police ist stand-alone oder in Verbindung mit anderen Produkten wie Crime oder auch D&amp;O auf dem Markt verf\u00fcgbar, hier kommt es vor Allem auf den Typ des Finanzinstituts an.<\/p>\n<p>Beratungsbedarf gibt es in Bezug auf den Umfang der Standard-Deckungserweiterungen, wo erfahrungsgem\u00e4ss je nach Versicherungsgesellschaft unterschiedliche Auffassungen diesbez\u00fcglich vertreten werden \u2013 als Beispiel sei die Deckungsumfang der so genannten \u00abMitigation costs\u00bb genannt, wo je nach Bedingungen die Zahlungen f\u00fcr operative Fehler gedeckt sind oder lediglich die Kosten der Beratung und Kommunikation. Hier kommt es auf klare Ausgestaltung des Bedingungstextes an.<\/p>","protected":false},"excerpt":{"rendered":"<p>Die Financial Institutions Professional Indemnity Insurance (FIPI) sch\u00fctzt das Eigenkapital der Firma. Sie \u00fcbernimmt die Kosten f\u00fcr Abwehr und Schadenersatz f\u00fcr den Fall, dass das Unternehmen gegen\u00fcber einem Dritten, in der Regel einem Kunden aufgrund eines Beratungs- oder Dienstleistungsfehlers gesetzlich haftet. Die Versicherungsleistung umfasst die Abwehrkosten f\u00fcr unbegr\u00fcndete Anspr\u00fcche und Zahlungen f\u00fcr begr\u00fcndete Schadenersatzforderungen. Als [&hellip;]<\/p>\n","protected":false},"featured_media":1319,"template":"","meta":[],"product_cat":[27],"product_tag":[],"class_list":{"0":"post-450","1":"product","2":"type-product","3":"status-publish","4":"has-post-thumbnail","6":"product_cat-berufshaftung","8":"first","9":"instock","10":"virtual","11":"product-type-simple"},"_links":{"self":[{"href":"https:\/\/hsfl.ch\/de\/wp-json\/wp\/v2\/product\/450"}],"collection":[{"href":"https:\/\/hsfl.ch\/de\/wp-json\/wp\/v2\/product"}],"about":[{"href":"https:\/\/hsfl.ch\/de\/wp-json\/wp\/v2\/types\/product"}],"wp:featuredmedia":[{"embeddable":true,"href":"https:\/\/hsfl.ch\/de\/wp-json\/wp\/v2\/media\/1319"}],"wp:attachment":[{"href":"https:\/\/hsfl.ch\/de\/wp-json\/wp\/v2\/media?parent=450"}],"wp:term":[{"taxonomy":"product_cat","embeddable":true,"href":"https:\/\/hsfl.ch\/de\/wp-json\/wp\/v2\/product_cat?post=450"},{"taxonomy":"product_tag","embeddable":true,"href":"https:\/\/hsfl.ch\/de\/wp-json\/wp\/v2\/product_tag?post=450"}],"curies":[{"name":"wp","href":"https:\/\/api.w.org\/{rel}","templated":true}]}}