{"id":451,"date":"2018-03-27T14:30:43","date_gmt":"2018-03-27T12:30:43","guid":{"rendered":"https:\/\/hsfl.ch\/?post_type=product&#038;p=451"},"modified":"2018-05-20T14:48:30","modified_gmt":"2018-05-20T12:48:30","slug":"m-a","status":"publish","type":"product","link":"https:\/\/hsfl.ch\/de\/produkt\/m-a\/","title":{"rendered":"Mergers &#038; Acquisitions (M&#038;A)"},"content":{"rendered":"<p><strong>Mergers &amp; Acquisitions Coverage (M&amp;A) sch\u00fctzt K\u00e4ufer und Verk\u00e4ufer vor finanziellen Verlusten, wenn falsche Darstellungen oder Ungenauigkeiten in Darstellungen oder Garantien auftreten. K\u00e4ufer k\u00f6nnen Gebote besser vergleichen, Verk\u00e4ufer k\u00f6nnen Schadenersatzverpflichtungen reduzieren &#8211; beide k\u00f6nnen den Vertrag effizienter schliessen.<\/strong><\/p>\n<p>Ungenauigkeiten in Darstellungen und Garantien des Verk\u00e4ufers oder der Zielgesellschaft im Zusammenhang mit einer Fusion oder \u00dcbernahme k\u00f6nnen zu kostspieligen Verbindlichkeiten f\u00fchren. K\u00e4ufer k\u00f6nnen auf den Verluste sitzen bleiben und Verk\u00e4ufer k\u00f6nnen gezwungen werden, einen Teil des Kaufpreises zur\u00fcckzugeben.<\/p>\n<p>M&amp;A-Policen sind in der Regel sehr individuell auf die einzelnen Transaktionen zugeschnitten. Die Vertragslaufzeiten richten sich in der Regel nach der Laufzeit der im Kaufvertrag festgelegten Zusicherungen und Gew\u00e4hrleistungen. Die Police auf der K\u00e4uferseite kann sich \u00fcber die Dauer der Zusicherungen und Garantien hinaus erstrecken, die der K\u00e4ufer vom Verk\u00e4ufer im Kaufvertrag erh\u00e4lt.\u00a0Der Selbstbehalt betr\u00e4gt typischerweise 1% bis 3% des Transaktionswertes (basierend auf Variablen wie der Art des zu erwerbenden Unternehmens, der Art und dem Umfang der zu versichernden Zusicherungen und Garantien, der Due Diligence etc.<\/p>\n<p>Der Anstoss zum Kauf einer M&amp;A-Police kommt oft von der an der Gestaltung des Kaufvertrages beteiligten Kanzlei. M&amp;A-Policen in Europa hatten lange Zeit ein schlechtes Image einer negativen Auswahl dass den Versicherern n\u00e4mlich nur unzureichend vorbereitete und ausgearbeitete Vertr\u00e4ge vorgelegt wurden. Aber dieses Image hat sich mittlerweile ge\u00e4ndert und M&amp;A wurde popul\u00e4r, da es in die Preisgestaltung der Transaktion einfliesst und ein zus\u00e4tzliches Mass an Sicherheit und Stabilit\u00e4t f\u00fcr die Transaktion gew\u00e4hrleistet.<\/p>","protected":false},"excerpt":{"rendered":"<p>Mergers &amp; Acquisitions Coverage (M&amp;A) sch\u00fctzt K\u00e4ufer und Verk\u00e4ufer vor finanziellen Verlusten, wenn falsche Darstellungen oder Ungenauigkeiten in Darstellungen oder Garantien auftreten. K\u00e4ufer k\u00f6nnen Gebote besser vergleichen, Verk\u00e4ufer k\u00f6nnen Schadenersatzverpflichtungen reduzieren &#8211; beide k\u00f6nnen den Vertrag effizienter schliessen. Ungenauigkeiten in Darstellungen und Garantien des Verk\u00e4ufers oder der Zielgesellschaft im Zusammenhang mit einer Fusion oder \u00dcbernahme [&hellip;]<\/p>\n","protected":false},"featured_media":1318,"template":"","meta":[],"product_cat":[28],"product_tag":[],"class_list":{"0":"post-451","1":"product","2":"type-product","3":"status-publish","4":"has-post-thumbnail","6":"product_cat-transaktions-risiken","8":"first","9":"instock","10":"virtual","11":"product-type-simple"},"_links":{"self":[{"href":"https:\/\/hsfl.ch\/de\/wp-json\/wp\/v2\/product\/451"}],"collection":[{"href":"https:\/\/hsfl.ch\/de\/wp-json\/wp\/v2\/product"}],"about":[{"href":"https:\/\/hsfl.ch\/de\/wp-json\/wp\/v2\/types\/product"}],"wp:featuredmedia":[{"embeddable":true,"href":"https:\/\/hsfl.ch\/de\/wp-json\/wp\/v2\/media\/1318"}],"wp:attachment":[{"href":"https:\/\/hsfl.ch\/de\/wp-json\/wp\/v2\/media?parent=451"}],"wp:term":[{"taxonomy":"product_cat","embeddable":true,"href":"https:\/\/hsfl.ch\/de\/wp-json\/wp\/v2\/product_cat?post=451"},{"taxonomy":"product_tag","embeddable":true,"href":"https:\/\/hsfl.ch\/de\/wp-json\/wp\/v2\/product_tag?post=451"}],"curies":[{"name":"wp","href":"https:\/\/api.w.org\/{rel}","templated":true}]}}