{"id":453,"date":"2018-03-27T14:31:13","date_gmt":"2018-03-27T12:31:13","guid":{"rendered":"https:\/\/hsfl.ch\/?post_type=product&#038;p=453"},"modified":"2018-05-20T14:48:00","modified_gmt":"2018-05-20T12:48:00","slug":"ptl","status":"publish","type":"product","link":"https:\/\/hsfl.ch\/de\/produkt\/ptl\/","title":{"rendered":"PTL"},"content":{"rendered":"<p><strong>Die PTL (Pension Trust Liability) Versicherung bietet Versicherungsschutz f\u00fcr die Personen, die mit der Verwaltung, Gesch\u00e4ftsf\u00fchrung oder Kontrolle der Pensionspl\u00e4ne betraut sind. Es ist eine kombinierte D&amp;O- und Berufshaftpflicht-Versicherung f\u00fcr Pensionskassen.<\/strong><\/p>\n<div class=\"sqrpara\">\n<p>Die PTL Police setzt sich zusammen aus folgenden Komponenten:<\/p>\n<\/div>\n<div class=\"sqrpara\">\n<ul class=\"sqrlist sqrbullet1\">\n<li>Schutz f\u00fcr Anspr\u00fcche gegen die Vorsorgeeinrichtung oder deren Stifterfirma (Berufshaftpflicht)<\/li>\n<li>Schutz des Privatverm\u00f6gens der Organmitglieder (D&amp;O)<\/li>\n<li>Schutz der Vorsorgeeinrichtung oder der Stifterfirma, sofern sie die Organe schadlos halten (Side B der D&amp;O-Versicherung)<\/li>\n<li>Schutz der Vorsorgeeinrichtung f\u00fcr strafbare Handlungen (Vertrauensschaden) \u2013 als optionaler Baustein<\/li>\n<li>Schadenersatz im Fall von berechtigten Forderungen<\/li>\n<\/ul>\n<p>Der Ursprung der PTL liegt in der Notwendigkeit der Sicherung der Pensionsbeitr\u00e4ge der Arbeitnehmer vor Verlusten durch eine Insolvenz des Unternehmens, indem die aufgebauten Pensionsverm\u00f6gen in rechtlich selbst\u00e4ndige Entit\u00e4ten ausgegliedert werden. Konsequenterweise sollte auch der Versicherungsschutz separiert werden. Es gibt zwar die M\u00f6glichkeit, das D&amp;O-Risiko der Stiftungsr\u00e4te in die Unternehmens-D&amp;O zu integrieren; das Berufshaftungsrisiko bleibt in diesen F\u00e4llen jedoch unversichert bzw. muss vom Pensionsfonds selber getragen werden. Hier bietet die PTL den entscheidenden Mehrwert.<\/p>\n<\/div>\n<p>&nbsp;<\/p>\n<p>&nbsp;<\/p>","protected":false},"excerpt":{"rendered":"<p>Die PTL (Pension Trust Liability) Versicherung bietet Versicherungsschutz f\u00fcr die Personen, die mit der Verwaltung, Gesch\u00e4ftsf\u00fchrung oder Kontrolle der Pensionspl\u00e4ne betraut sind. Es ist eine kombinierte D&amp;O- und Berufshaftpflicht-Versicherung f\u00fcr Pensionskassen. Die PTL Police setzt sich zusammen aus folgenden Komponenten: Schutz f\u00fcr Anspr\u00fcche gegen die Vorsorgeeinrichtung oder deren Stifterfirma (Berufshaftpflicht) Schutz des Privatverm\u00f6gens der Organmitglieder [&hellip;]<\/p>\n","protected":false},"featured_media":1321,"template":"","meta":[],"product_cat":[29],"product_tag":[],"class_list":{"0":"post-453","1":"product","2":"type-product","3":"status-publish","4":"has-post-thumbnail","6":"product_cat-kombi-policen","8":"first","9":"instock","10":"virtual","11":"product-type-simple"},"_links":{"self":[{"href":"https:\/\/hsfl.ch\/de\/wp-json\/wp\/v2\/product\/453"}],"collection":[{"href":"https:\/\/hsfl.ch\/de\/wp-json\/wp\/v2\/product"}],"about":[{"href":"https:\/\/hsfl.ch\/de\/wp-json\/wp\/v2\/types\/product"}],"wp:featuredmedia":[{"embeddable":true,"href":"https:\/\/hsfl.ch\/de\/wp-json\/wp\/v2\/media\/1321"}],"wp:attachment":[{"href":"https:\/\/hsfl.ch\/de\/wp-json\/wp\/v2\/media?parent=453"}],"wp:term":[{"taxonomy":"product_cat","embeddable":true,"href":"https:\/\/hsfl.ch\/de\/wp-json\/wp\/v2\/product_cat?post=453"},{"taxonomy":"product_tag","embeddable":true,"href":"https:\/\/hsfl.ch\/de\/wp-json\/wp\/v2\/product_tag?post=453"}],"curies":[{"name":"wp","href":"https:\/\/api.w.org\/{rel}","templated":true}]}}