{"id":454,"date":"2018-03-27T14:31:35","date_gmt":"2018-03-27T12:31:35","guid":{"rendered":"https:\/\/hsfl.ch\/?post_type=product&#038;p=454"},"modified":"2018-05-20T14:47:46","modified_gmt":"2018-05-20T12:47:46","slug":"fi-combined","status":"publish","type":"product","link":"https:\/\/hsfl.ch\/de\/produkt\/fi-combined\/","title":{"rendered":"FI Combined"},"content":{"rendered":"<p><strong>Die Financial Institutions Professional Indemnity Insurance (FIPI) \u00fcbernimmt die Kosten f\u00fcr Abwehr und Schadenersatz f\u00fcr den Fall, dass das Unternehmen gegen\u00fcber einem Dritten, in der Regel einem Kunden aufgrund eines Beratungs- oder Dienstleistungsfehlers gesetzlich haftet (Siehe auch &#8222;<a href=\"https:\/\/hsfl.ch\/produkt\/fi-pi\/\">FIPI<\/a>&#8222;)<\/strong><\/p>\n<p><strong>Die Vertrauensschadenversicherung deckt Verm\u00f6genssch\u00e4den, die dem Versicherungsnehmer durch strafbare Handlungen von Mitarbeitern entstehen und teilweise durch Computerstraftaten, die von Dritten begangen werden (Siehe auch &#8222;<a href=\"https:\/\/hsfl.ch\/produkt\/crime\/\">Crime<\/a>&#8222;).<\/strong><\/p>\n<p>Die <strong>Kombination<\/strong> der beiden\u00a0 Versicherungen in einer Police kann wegen der Abgrenzungsprobleme und der Gemeinsamkeiten beim versicherten Interesse sinnvoll sein, last but not least zum Zweck der Pr\u00e4mienersparnis.<\/p>","protected":false},"excerpt":{"rendered":"<p>Die Financial Institutions Professional Indemnity Insurance (FIPI) \u00fcbernimmt die Kosten f\u00fcr Abwehr und Schadenersatz f\u00fcr den Fall, dass das Unternehmen gegen\u00fcber einem Dritten, in der Regel einem Kunden aufgrund eines Beratungs- oder Dienstleistungsfehlers gesetzlich haftet (Siehe auch &#8222;FIPI&#8222;) Die Vertrauensschadenversicherung deckt Verm\u00f6genssch\u00e4den, die dem Versicherungsnehmer durch strafbare Handlungen von Mitarbeitern entstehen und teilweise durch Computerstraftaten, [&hellip;]<\/p>\n","protected":false},"featured_media":1321,"template":"","meta":[],"product_cat":[29],"product_tag":[],"class_list":{"0":"post-454","1":"product","2":"type-product","3":"status-publish","4":"has-post-thumbnail","6":"product_cat-kombi-policen","8":"first","9":"instock","10":"virtual","11":"product-type-simple"},"_links":{"self":[{"href":"https:\/\/hsfl.ch\/de\/wp-json\/wp\/v2\/product\/454"}],"collection":[{"href":"https:\/\/hsfl.ch\/de\/wp-json\/wp\/v2\/product"}],"about":[{"href":"https:\/\/hsfl.ch\/de\/wp-json\/wp\/v2\/types\/product"}],"wp:featuredmedia":[{"embeddable":true,"href":"https:\/\/hsfl.ch\/de\/wp-json\/wp\/v2\/media\/1321"}],"wp:attachment":[{"href":"https:\/\/hsfl.ch\/de\/wp-json\/wp\/v2\/media?parent=454"}],"wp:term":[{"taxonomy":"product_cat","embeddable":true,"href":"https:\/\/hsfl.ch\/de\/wp-json\/wp\/v2\/product_cat?post=454"},{"taxonomy":"product_tag","embeddable":true,"href":"https:\/\/hsfl.ch\/de\/wp-json\/wp\/v2\/product_tag?post=454"}],"curies":[{"name":"wp","href":"https:\/\/api.w.org\/{rel}","templated":true}]}}