{"id":456,"date":"2018-03-27T14:31:54","date_gmt":"2018-03-27T12:31:54","guid":{"rendered":"https:\/\/hsfl.ch\/?post_type=product&#038;p=456"},"modified":"2018-05-20T14:47:31","modified_gmt":"2018-05-20T12:47:31","slug":"isam-imi","status":"publish","type":"product","link":"https:\/\/hsfl.ch\/de\/produkt\/isam-imi\/","title":{"rendered":"ISAM\/ IMI"},"content":{"rendered":"<p><strong>Die Investment Solution for Investment Managers (ISAM), auch bekannt als Investment Manager&#8217;s Insurance (IMI), sch\u00fctzt Verm\u00f6gensverwalter, Finanzberater oder Dienstleister im Finanzsektor vor Schadensersatzanspr\u00fcchen und vor vors\u00e4tzlich durch Mitarbeiter verursachten Verm\u00f6genssch\u00e4den.<\/strong><\/p>\n<p>Diese Mischpolice (D&amp;O\/PI\/Crime und andere) eignet sich besonders f\u00fcr Finanzdienstleister, bei denen die Gesellschafter h\u00e4ufiger in die Unternehmensf\u00fchrung und auch in das Tagesgesch\u00e4ft eingebunden sind. Dank der breiten &#8222;Cross-over&#8220;-Deckung aus der Hand nur eines Versicherers sind komplexe Schadenf\u00e4lle mit diversen Vorw\u00fcrfen einfacher zu bearbeiten und haben insgesamt weniger Ausschl\u00fcsse.<\/p>\n<p>Abgedeckt sind Investment-Manager, Anlageberater und Fondsmanager hinsichtlich der Managementhaftung (gilt f\u00fcr nat\u00fcrliche Personen, die als Gesch\u00e4ftsf\u00fchrer oder leitende Angestellte t\u00e4tig sind) sowie Mitarbeiter, aber auch die Berufshaftung des jeweiligen Unternehmens f\u00fcr Anspr\u00fcche, die von den Investoren\/Kunden gegen sie erhoben werden. Teil der Deckung kann auch die Haftung des Unternehmens als aktueller, ehemaliger oder potenzieller Arbeitgeber sein und bietet Ersatz f\u00fcr Anspr\u00fcche, die von Einzelpersonen wegen Diskriminierung, Bel\u00e4stigung, Mobbing usw. geltend gemacht werden, einschliesslich der Forderungen gegen das Unternehmen. Der Versicherungsschutz umfasst Rechtskosten im Zusammenhang mit einer Klage sowie Kosten, die bei der Teilnahme an einer beh\u00f6rdlichen Untersuchung, Pr\u00fcfung oder Untersuchung entstehen.<\/p>\n<p>Nicht viele Versicherer nehmen am Markt f\u00fcr diese Art von Mischversicherung teil. Es empfiehlt sich f\u00fcr kleine und mittlere Unternehmen, die im Investment Management im weiten Sinne t\u00e4tig sind. Der einzigartige Mix kann an die Bed\u00fcrfnisse der einzelnen Segmente, in denen der Versicherungsnehmer t\u00e4tig ist, angepasst werden. Einige Versicherer sind kreativer als andere und in der Lage, einzigartige Produkte zu kreieren, indem sie ihre Standardpolicen verwenden, um sie ad hoc zu einer einzigen Police zu kombinieren.<\/p>","protected":false},"excerpt":{"rendered":"<p>Die Investment Solution for Investment Managers (ISAM), auch bekannt als Investment Manager&#8217;s Insurance (IMI), sch\u00fctzt Verm\u00f6gensverwalter, Finanzberater oder Dienstleister im Finanzsektor vor Schadensersatzanspr\u00fcchen und vor vors\u00e4tzlich durch Mitarbeiter verursachten Verm\u00f6genssch\u00e4den. Diese Mischpolice (D&amp;O\/PI\/Crime und andere) eignet sich besonders f\u00fcr Finanzdienstleister, bei denen die Gesellschafter h\u00e4ufiger in die Unternehmensf\u00fchrung und auch in das Tagesgesch\u00e4ft eingebunden sind. [&hellip;]<\/p>\n","protected":false},"featured_media":1321,"template":"","meta":[],"product_cat":[29],"product_tag":[],"class_list":{"0":"post-456","1":"product","2":"type-product","3":"status-publish","4":"has-post-thumbnail","6":"product_cat-kombi-policen","8":"first","9":"instock","10":"virtual","11":"product-type-simple"},"_links":{"self":[{"href":"https:\/\/hsfl.ch\/de\/wp-json\/wp\/v2\/product\/456"}],"collection":[{"href":"https:\/\/hsfl.ch\/de\/wp-json\/wp\/v2\/product"}],"about":[{"href":"https:\/\/hsfl.ch\/de\/wp-json\/wp\/v2\/types\/product"}],"wp:featuredmedia":[{"embeddable":true,"href":"https:\/\/hsfl.ch\/de\/wp-json\/wp\/v2\/media\/1321"}],"wp:attachment":[{"href":"https:\/\/hsfl.ch\/de\/wp-json\/wp\/v2\/media?parent=456"}],"wp:term":[{"taxonomy":"product_cat","embeddable":true,"href":"https:\/\/hsfl.ch\/de\/wp-json\/wp\/v2\/product_cat?post=456"},{"taxonomy":"product_tag","embeddable":true,"href":"https:\/\/hsfl.ch\/de\/wp-json\/wp\/v2\/product_tag?post=456"}],"curies":[{"name":"wp","href":"https:\/\/api.w.org\/{rel}","templated":true}]}}