{"id":457,"date":"2018-03-27T14:32:08","date_gmt":"2018-03-27T12:32:08","guid":{"rendered":"https:\/\/hsfl.ch\/?post_type=product&#038;p=457"},"modified":"2018-05-20T14:47:17","modified_gmt":"2018-05-20T12:47:17","slug":"operational-risk","status":"publish","type":"product","link":"https:\/\/hsfl.ch\/de\/produkt\/operational-risk\/","title":{"rendered":"Operational Risk"},"content":{"rendered":"<p><strong>Ein Teil der regulatorischen Kapitalanforderung an eine Bank kann im Rahmen einer so genannten Operational Risk Insurance (OpRisk) gegen die darin vereinbarte Deckungssumme umgewandelt und die dort anfallenden Sch\u00e4den von Versicherungsgesellschaften reguliert werden. Es gibt noch nicht viele Anbieter, die diese Art von Versicherung anbieten und das entsprechende Know-How haben.<\/strong><\/p>\n<p>Im M\u00e4rz 2016 ver\u00f6ffentlichte der Basler Ausschuss den Entwurf eines neuen Rahmens f\u00fcr die Ermittlung der Eigenkapitalunterlegung f\u00fcr operationelle Risiken (OpRisk). Der neue Rahmen ersetzt alle bestehenden Ans\u00e4tze zur Ermittlung der Kapitalanforderung durch einen einzigen nicht-modellbasierten Messansatz (Standardised Measurement Approach, SMA) und schafft damit den modellbasierten Ansatz (Advanced Measurement Approach, AMA) ab. Hauptmotiv f\u00fcr die Einf\u00fchrung eines einzigen Kapitalansatzes war es, die Vergleichbarkeit der Ergebnisse \u00fcber alle Institute hinweg zu verbessern und Schw\u00e4chen der bisherigen Ans\u00e4tze zu adressieren ohne den Gesamtrahmen in S\u00e4ule 1 in Frage zu stellen.<\/p>\n<p>Die Berechnung und Implementierung soll laut Basler Ausschuss vergleichsweise einfach und f\u00fcr Institute unterschiedlicher Gr\u00f6\u00dfe und Komplexit\u00e4t geeignet sein. Die Endg\u00fcltige Verabschiedung des Rahmens steht aber noch aus. Die OpRisk-Police bietet die M\u00f6glichkeit, f\u00fcr Banken relativ teures Eigenkapital durch den Kauf einer Versicherungspolice vergleichsweise g\u00fcnstig zu ersetzen. In Zeiten von niedrigen Margen k\u00f6nnte dies zu einer interessanten, alternativen Finanzierungsquelle f\u00fcr Banken werden.<\/p>","protected":false},"excerpt":{"rendered":"<p>Ein Teil der regulatorischen Kapitalanforderung an eine Bank kann im Rahmen einer so genannten Operational Risk Insurance (OpRisk) gegen die darin vereinbarte Deckungssumme umgewandelt und die dort anfallenden Sch\u00e4den von Versicherungsgesellschaften reguliert werden. Es gibt noch nicht viele Anbieter, die diese Art von Versicherung anbieten und das entsprechende Know-How haben. Im M\u00e4rz 2016 ver\u00f6ffentlichte der [&hellip;]<\/p>\n","protected":false},"featured_media":1321,"template":"","meta":[],"product_cat":[29],"product_tag":[],"class_list":{"0":"post-457","1":"product","2":"type-product","3":"status-publish","4":"has-post-thumbnail","6":"product_cat-kombi-policen","8":"first","9":"instock","10":"virtual","11":"product-type-simple"},"_links":{"self":[{"href":"https:\/\/hsfl.ch\/de\/wp-json\/wp\/v2\/product\/457"}],"collection":[{"href":"https:\/\/hsfl.ch\/de\/wp-json\/wp\/v2\/product"}],"about":[{"href":"https:\/\/hsfl.ch\/de\/wp-json\/wp\/v2\/types\/product"}],"wp:featuredmedia":[{"embeddable":true,"href":"https:\/\/hsfl.ch\/de\/wp-json\/wp\/v2\/media\/1321"}],"wp:attachment":[{"href":"https:\/\/hsfl.ch\/de\/wp-json\/wp\/v2\/media?parent=457"}],"wp:term":[{"taxonomy":"product_cat","embeddable":true,"href":"https:\/\/hsfl.ch\/de\/wp-json\/wp\/v2\/product_cat?post=457"},{"taxonomy":"product_tag","embeddable":true,"href":"https:\/\/hsfl.ch\/de\/wp-json\/wp\/v2\/product_tag?post=457"}],"curies":[{"name":"wp","href":"https:\/\/api.w.org\/{rel}","templated":true}]}}