{"id":101,"date":"2018-02-08T01:15:54","date_gmt":"2018-02-08T00:15:54","guid":{"rendered":"https:\/\/hsfl.ch\/?page_id=101"},"modified":"2026-02-12T12:27:06","modified_gmt":"2026-02-12T11:27:06","slug":"team","status":"publish","type":"page","link":"https:\/\/hsfl.ch\/fr\/ueber-uns\/team\/","title":{"rendered":"Team"},"content":{"rendered":"<p><strong>\u00a0<\/strong><\/p>\n<p><img loading=\"lazy\" decoding=\"async\" class=\"alignright size-full wp-image-872\" src=\"https:\/\/hsfl.ch\/wp-content\/uploads\/2018\/04\/m_haefeli.jpg\" alt=\"\" width=\"270\" height=\"350\" \/><\/p>\n<p><strong>Markus Haefeli,\u00a0<\/strong>Managing Partner<br \/>\nlic.oec.HSG et M.A.HSG in Legal Studies<\/p>\n<p>Tel.\u00a0 \u00a0 \u00a0 \u00a0+41 (0)55 420 20 33<br \/>\nMobile\u00a0 \u00a0+41 (0)79 384 98 66<br \/>\nEmail: <a href=\"mailto:markus.haefeli@hsfl.ch\">markus.haefeli@hsfl.ch<\/a><\/p>\n<ul>\n<li><strong>Head Financial Lines<\/strong>, Suisse, Zurich Compagnie d&rsquo;Assurances SA, 2014-2018<\/li>\n<li><strong>Manager Commercial Institutions, Financial Lines,\u00a0<\/strong>Suisse &amp; Autriche, AIG Europe Limited, Londres, 2010-2014<\/li>\n<li>Jusqu&rsquo;en 2010 : divers mandats de conseil pour de grandes compagnies d&rsquo;assurance (Swiss Re, B\u00e2loise) et des banques (Credit-Suisse, UBS, Deutsche Bank).<\/li>\n<li>\u00c9conomiste et avocat<\/li>\n<li>Vaste exp\u00e9rience dans le domaine de l&rsquo;assurance FL et de nombreuses ann\u00e9es de postes de direction aupr\u00e8s d&rsquo;assureurs FL renomm\u00e9s.<\/li>\n<li>A publi\u00e9 plusieurs articles et donn\u00e9 des conf\u00e9rences lors de s\u00e9minaires.<\/li>\n<\/ul>\n<p><a href=\"http:\/\/www.linkedin.com\/in\/markus-haefeli-670a022\/\"><i class=\"fa fa-linkedin\"><\/i> LinkedIn<\/a>\u00a0\u00a0\u00a0<a href=\"https:\/\/www.xing.com\/profile\/Markus_Haefeli\/cv?sc_o=da980_e\/\"><i class=\"fa fa-xing\"><\/i> Xing<\/a><br \/>\n<br style=\"clear: both;\" \/><\/p>\n<p><strong><img loading=\"lazy\" decoding=\"async\" class=\"alignright size-full wp-image-873\" src=\"https:\/\/hsfl.ch\/wp-content\/uploads\/2018\/04\/p_schroeder.jpg\" alt=\"\" width=\"270\" height=\"350\" \/><\/strong><\/p>\n<p><strong>Peter Schroeder,\u00a0<\/strong>Managing Partner<\/p>\n<p>Tel.\u00a0 \u00a0 \u00a0 \u00a0+41 (0)55 420 20 34<br \/>\nMobile\u00a0 \u00a0+41 (0)79 871 00 26<br \/>\nEmail: <a href=\"mailto:peter.schroeder@hsfl.ch\">peter.schroeder@hsfl.ch<\/a><\/p>\n<ul>\n<li><strong>Head Financial Institutions, Financial Lines,<\/strong> Suisse, Zurich Compagnie d&rsquo;Assurances SA, 2016-2018<\/li>\n<li><strong>Manager Financial Institutions, Financial Lines,<\/strong> Suisse &amp; Autriche, AIG Europe Limited, 2012-2014<\/li>\n<li><strong>Deputy Global Head of Financial Institutions,<\/strong> <strong>Financial Lines,\u00a0<\/strong>Allianz Global Corporate &amp; Specialty AG, 2010-2012<\/li>\n<li><strong>Manager D&amp;O-FI<\/strong>,\u00a0<strong>Financial Lines,<\/strong> Liberty International Underwriters, 2004-2010<\/li>\n<li><strong>Underwriting Financial Lines<\/strong>, Chubb et AIG,\u00a01997-2004<\/li>\n<li>Commis industriel (IHK)<\/li>\n<li>20 ans d&rsquo;exp\u00e9rience pertinente de FL dans des postes de direction internationale au sein de grandes compagnies d&rsquo;assurance.<\/li>\n<li>Ses nombreuses ann\u00e9es d&rsquo;exp\u00e9rience dans la conception de programmes d&rsquo;assurance multinationaux et sa capacit\u00e9 \u00e0 g\u00e9rer des sinistres complexes m\u00e9ritent d&rsquo;\u00eatre soulign\u00e9es<\/li>\n<\/ul>\n<div class=\"card card--vanity\">\n<section id=\"vanity-name-editor\">\n<form class=\"\" method=\"POST\"><a href=\"https:\/\/www.linkedin.com\/in\/peter-schroeder-623ba887\/\">LinkedIn<\/a>\u00a0\u00a0\u00a0<a href=\"https:\/\/www.xing.com\/profile\/Peter_Schroeder5\"><i class=\"fa fa-xing\"><\/i> Xing<\/a><\/p>\n<p>&nbsp;<\/p>\n<p><strong><img loading=\"lazy\" decoding=\"async\" class=\"alignright size-full wp-image-873\" src=\"https:\/\/flforum.ch\/wp-content\/uploads\/strefan_barth_web_2_350x270.jpg\" alt=\"\" width=\"270\" height=\"350\" \/><\/strong><\/p>\n<p><strong>Stefan Barth,\u00a0<\/strong>Partner<br \/>\nlic.iur.<\/p>\n<p>Mobile: +41 (0)78 626 77 85<br \/>\nEmail: stefan.barth@hsfl.ch<\/p>\n<ul>\n<li><strong>Manager Financial Lines Switzerland<\/strong>, Liberty Specialty Markets, 2022-2026<\/li>\n<li>\u200b<strong>Interim Head Specialties<\/strong>, Zurich Insurance\u200b, 2015-2022<\/li>\n<li><strong>Head Technical Underwriting<\/strong>, Financial Lines, Zurich Insurance, 2020<\/li>\n<li>Senior Underwriter, Financial Lines, Zurich Insurance, 2006-2014<\/li>\n<li>D\u00e9veloppement de produits dans le domaine de l&rsquo;assurance des risques financiers, notamment l&rsquo;assurance responsabilit\u00e9 civile des dirigeants, l&rsquo;assurance responsabilit\u00e9 civile professionnelle, l&rsquo;assurance cyber et l&rsquo;assurance contre la criminalit\u00e9.<\/li>\n<li>Plus de 20 ans d&rsquo;exp\u00e9rience internationale dans le domaine des assurances financi\u00e8res, \u00e0 des postes de direction dans des compagnies d&rsquo;assurance renomm\u00e9es, avec une sp\u00e9cialisation dans les institutions financi\u00e8res et les transactions internationales.<\/li>\n<\/ul>\n<p><a href=\"https:\/\/www.linkedin.com\/in\/stefan-barth-19190b2\/\"><i class=\"fa fa-linkedin\"><\/i> LinkedIn<\/a>\u00a0\u00a0\u00a0<\/p>\n<p><strong><img loading=\"lazy\" decoding=\"async\" class=\"alignright size-full wp-image-873\" src=\"https:\/\/hsfl.ch\/wp-content\/uploads\/2026\/01\/AndreCostaWeb_1.jpeg\" alt=\"\" width=\"270\" height=\"350\" \/><\/strong><\/p>\n<p><strong>Andr\u00e9 Costa,\u00a0<\/strong>Broker Financial Lines<\/p>\n<p>Mobile: +41 (0)79 477 06 31<br \/>\nEmail: andre.costa@hsfl.ch<\/p>\n<ul>\n<li><strong>D\u00e9veloppement de produits \u2013 assurance cyber<\/strong> \u2013 AXA Versicherungen AG, 2025<\/li>\n<li><strong>Souscription en assurances Financial Lines et assurance cyber<\/strong> \u2013 Zurich Compagnie d&rsquo;Assurances SA, 2019-2025<\/li>\n<li>Souscripteur en assurances responsabilit\u00e9 civile \u2013 AXA Versicherungen AG, 2010-2019<\/li>\n<li>Bachelor of Science en administration des affaires<\/li>\n<li>Dipl\u00f4me f\u00e9d\u00e9ral suisse en gestion des assurances (Eidg. dipl. Versicherungswirtschaftler, Versicherungswesen)<\/li>\n<\/ul>\n<p><a href=\"https:\/\/www.linkedin.com\/in\/andr%C3%A9-costa-3a9108159\/\"><i class=\"fa fa-linkedin\"><\/i> LinkedIn<\/a>\u00a0\u00a0\u00a0<\/p>\n<p>&nbsp;<\/p>\n<p>&nbsp;<\/p>\n<p>&nbsp;<\/p>\n<p><strong><img loading=\"lazy\" decoding=\"async\" class=\"alignright size-full wp-image-873\" src=\"https:\/\/hsfl.ch\/wp-content\/uploads\/2023\/01\/20230105_NadjaFischerWeb.jpg\" alt=\"\" width=\"270\" height=\"350\" \/><\/strong><\/p>\n<p><strong>Nadja Fischer,\u00a0<\/strong>Operations Executive<\/p>\n<p>Mobile:\u00a0 \u00a0 +41 (0)79 831 34 17<br \/>\nEmail: nadja.fischer@hsfl.ch<\/p>\n<ul>\n<li><strong>Underwriting Assistant \/ Credit Control<\/strong> &#8211; Liberty<\/li>\n<li><strong>Business Analyst &amp; Knowledge Technical Accounting<\/strong> &#8211; SwissRe<\/li>\n<\/ul>\n<p><a href=\"https:\/\/www.linkedin.com\/in\/fischer-nadja-14325078\/\"><i class=\"fa fa-linkedin\"><\/i> LinkedIn<\/a>\u00a0\u00a0\u00a0<a href=\"https:\/\/www.xing.com\/profile\/Nadja_Fischer30\"><i class=\"fa fa-xing\"><\/i> Xing<\/a><\/p>\n<p>&nbsp;<\/p>\n<p>&nbsp;<\/p>\n<p>&nbsp;<\/p>\n<p>&nbsp;<\/p>\n<p>&nbsp;<\/p>\n<p>&nbsp;<\/p>\n<p>&nbsp;<\/p>\n<p><img loading=\"lazy\" decoding=\"async\" class=\"size-full wp-image-2139 alignright\" src=\"https:\/\/hsfl.ch\/wp-content\/uploads\/2018\/10\/CD-1.png\" alt=\"\" width=\"270\" height=\"350\" \/><strong>Cristian I. Duda<\/strong>, Managing Partner, Chief Digital Officer<br \/>\nDr. rer. nat. ETH<\/p>\n<p>Mobile : +41 (0)75 401 29 39<br \/>\nEmail: cristian.duda@hsfl.ch<\/p>\n<ul>\n<li>Lead, Identit\u00e9 Digitale, World Economic Forum<\/li>\n<li>Manager, Management Consulting, Accenture<\/li>\n<li>Comp\u00e9tence en num\u00e9risation et en solutions de donn\u00e9es \/ plateformes<\/li>\n<li>Divers mandats de conseil aupr\u00e8s des grandes entreprises dans les domaines suivants\n<ul>\n<li>Clients num\u00e9riques<\/li>\n<li>Analyse avanc\u00e9e dans le domaine commercial<\/li>\n<li>Exp\u00e9rience utilisateur<\/li>\n<li>Comp\u00e9tence en informatique de gestion<\/li>\n<li>Strat\u00e9gies d&rsquo;engagement client multicanal<\/li>\n<\/ul>\n<\/li>\n<li>Connaissance des derniers d\u00e9veloppements dans le domaine du business et de la technologie<\/li>\n<\/ul>\n<p><a href=\"https:\/\/www.linkedin.com\/in\/cristian-i-duda-9a92a21\/\"><i class=\"fa fa-linkedin\"><\/i> LinkedIn<\/a> <a href=\"https:\/\/www.xing.com\/profile\/Cristian_Duda\/\"><i class=\"fa fa-xing\"><\/i> Xing<\/a><\/p>\n<p><strong>\u00a0<\/strong><\/p>\n<p>&nbsp;<\/p>\n<p>&nbsp;<\/p>\n<p>&nbsp;<\/p>\n<p><img loading=\"lazy\" decoding=\"async\" class=\"size-full wp-image-2138 alignright\" src=\"https:\/\/hsfl.ch\/wp-content\/uploads\/2018\/10\/PA-2.png\" alt=\"\" width=\"270\" height=\"350\" \/><strong>Peter Ackermann<\/strong>, Senior Advisor<br \/>\nAvocat, LL.M. (New York University 91)<br \/>\nAdvanced Negotiation (Harvard Law School 92)<\/p>\n<ul>\n<li>Investisseur direct en private equity, Impact Investing<\/li>\n<li>Philanthropie et Nouvelles Technologies Investisseur environnemental<\/li>\n<li>Membre honoraire du conseil d&rsquo;administration de RIGHT TO PLAY Switzerland<\/li>\n<li>Legal Internal Counsel ESG Regulation MME Legal, Zurich<\/li>\n<li>Administrateur d&rsquo;entreprises internationales de diff\u00e9rents secteurs<\/li>\n<li>Membre fondateur du conseil d&rsquo;administration de la Swiss Registered Investment Advisor Association (SRIAA)<\/li>\n<li>Associ\u00e9 fondateur, BILL ISENEGGER ACKERMANN AG Rechtsanw\u00e4lte, 1996<\/li>\n<li>Avocat, Pestalozzi, Sullivan &amp; Cromwell LLP, Lenz &amp; Staehelin ; Zurich, New York, Paris<\/li>\n<\/ul>\n<\/form>\n<\/section>\n<\/div>\n<p><\/p>","protected":false},"excerpt":{"rendered":"<p>\u00a0 Markus Haefeli,\u00a0Managing Partner lic.oec.HSG et M.A.HSG in Legal Studies Tel.\u00a0 \u00a0 \u00a0 \u00a0+41 (0)55 420 20 33 Mobile\u00a0 \u00a0+41 (0)79 384 98 66 Email: markus.haefeli@hsfl.ch Head Financial Lines, Suisse, Zurich Compagnie d&rsquo;Assurances SA, 2014-2018 Manager Commercial Institutions, Financial Lines,\u00a0Suisse &amp; Autriche, AIG Europe Limited, Londres, 2010-2014 Jusqu&rsquo;en 2010 : divers mandats de conseil pour [&hellip;]<\/p>\n","protected":false},"author":3,"featured_media":0,"parent":57,"menu_order":0,"comment_status":"closed","ping_status":"closed","template":"","meta":{"footnotes":""},"class_list":["post-101","page","type-page","status-publish","hentry"],"_links":{"self":[{"href":"https:\/\/hsfl.ch\/fr\/wp-json\/wp\/v2\/pages\/101"}],"collection":[{"href":"https:\/\/hsfl.ch\/fr\/wp-json\/wp\/v2\/pages"}],"about":[{"href":"https:\/\/hsfl.ch\/fr\/wp-json\/wp\/v2\/types\/page"}],"author":[{"embeddable":true,"href":"https:\/\/hsfl.ch\/fr\/wp-json\/wp\/v2\/users\/3"}],"replies":[{"embeddable":true,"href":"https:\/\/hsfl.ch\/fr\/wp-json\/wp\/v2\/comments?post=101"}],"version-history":[{"count":104,"href":"https:\/\/hsfl.ch\/fr\/wp-json\/wp\/v2\/pages\/101\/revisions"}],"predecessor-version":[{"id":2684,"href":"https:\/\/hsfl.ch\/fr\/wp-json\/wp\/v2\/pages\/101\/revisions\/2684"}],"up":[{"embeddable":true,"href":"https:\/\/hsfl.ch\/fr\/wp-json\/wp\/v2\/pages\/57"}],"wp:attachment":[{"href":"https:\/\/hsfl.ch\/fr\/wp-json\/wp\/v2\/media?parent=101"}],"curies":[{"name":"wp","href":"https:\/\/api.w.org\/{rel}","templated":true}]}}