{"id":1231,"date":"2018-04-27T11:06:28","date_gmt":"2018-04-27T09:06:28","guid":{"rendered":"https:\/\/hsfl.ch\/?page_id=1231"},"modified":"2018-05-21T21:49:21","modified_gmt":"2018-05-21T19:49:21","slug":"financial-lines-worum-geht-es","status":"publish","type":"page","link":"https:\/\/hsfl.ch\/fr\/financial-lines-worum-geht-es\/","title":{"rendered":"Financial Lines &#8211; de quoi s&rsquo;agit-il?"},"content":{"rendered":"<p><img loading=\"lazy\" decoding=\"async\" class=\"alignright\" src=\"https:\/\/hsfl.ch\/wp-content\/uploads\/2018\/05\/background.jpg\" width=\"481\" height=\"319\" \/><\/p>\n<p>Financial Lines comprend des solutions d&rsquo;assurance op\u00e9rationnelles pour se prot\u00e9ger contre les pertes financi\u00e8res. Les dommages corporels ou mat\u00e9riels, ainsi que les pertes p\u00e9cuniaires qui en d\u00e9coulent, ne font pas l&rsquo;objet de Financial Lines.<\/p>\n<p>Le terme \u00ab\u00a0Financial Lines\u00a0\u00bb provient des pays anglo-saxons, en particulier des \u00c9tats-Unis, et se compose de \u00ab\u00a0financial loss\u00a0\u00bb et de \u00ab\u00a0insurance lines\u00a0\u00bb.<\/p>\n<p>Le produit de base dans le domaine des Financial Lines est sans doute l&rsquo;assurance de Responsabilit\u00e9 Civile des Dirigeants (D&amp;O). La gamme de produits Financial Lines comprenait un grand nombre d&rsquo;autres couvertures de pertes financi\u00e8res telles que la responsabilit\u00e9 professionnelle, la fid\u00e9lit\u00e9 (crime) et la cyberassurance dont on a beaucoup parl\u00e9. Dans le segment des grands clients en particulier, les produits sont g\u00e9n\u00e9ralement r\u00e9\u00e9valu\u00e9s et ren\u00e9goci\u00e9s sur une base annuelle. Vous trouverez un aper\u00e7u plus d\u00e9taill\u00e9 des produits Financial Lines sous la rubrique \u00ab\u00a0Produits\u00a0\u00bb\u00a0 (pour en savoir plus, voir \u00ab\u00a0<a href=\"https:\/\/hsfl.ch\/shop\/\">Produits<\/a>\u00ab\u00a0).<\/p>","protected":false},"excerpt":{"rendered":"<p>Financial Lines comprend des solutions d&rsquo;assurance op\u00e9rationnelles pour se prot\u00e9ger contre les pertes financi\u00e8res. Les dommages corporels ou mat\u00e9riels, ainsi que les pertes p\u00e9cuniaires qui en d\u00e9coulent, ne font pas l&rsquo;objet de Financial Lines. Le terme \u00ab\u00a0Financial Lines\u00a0\u00bb provient des pays anglo-saxons, en particulier des \u00c9tats-Unis, et se compose de \u00ab\u00a0financial loss\u00a0\u00bb et de \u00ab\u00a0insurance [&hellip;]<\/p>\n","protected":false},"author":3,"featured_media":0,"parent":0,"menu_order":0,"comment_status":"closed","ping_status":"closed","template":"","meta":{"footnotes":""},"class_list":["post-1231","page","type-page","status-publish","hentry"],"_links":{"self":[{"href":"https:\/\/hsfl.ch\/fr\/wp-json\/wp\/v2\/pages\/1231"}],"collection":[{"href":"https:\/\/hsfl.ch\/fr\/wp-json\/wp\/v2\/pages"}],"about":[{"href":"https:\/\/hsfl.ch\/fr\/wp-json\/wp\/v2\/types\/page"}],"author":[{"embeddable":true,"href":"https:\/\/hsfl.ch\/fr\/wp-json\/wp\/v2\/users\/3"}],"replies":[{"embeddable":true,"href":"https:\/\/hsfl.ch\/fr\/wp-json\/wp\/v2\/comments?post=1231"}],"version-history":[{"count":17,"href":"https:\/\/hsfl.ch\/fr\/wp-json\/wp\/v2\/pages\/1231\/revisions"}],"predecessor-version":[{"id":2039,"href":"https:\/\/hsfl.ch\/fr\/wp-json\/wp\/v2\/pages\/1231\/revisions\/2039"}],"wp:attachment":[{"href":"https:\/\/hsfl.ch\/fr\/wp-json\/wp\/v2\/media?parent=1231"}],"curies":[{"name":"wp","href":"https:\/\/api.w.org\/{rel}","templated":true}]}}