{"id":1384,"date":"2018-05-10T21:46:16","date_gmt":"2018-05-10T19:46:16","guid":{"rendered":"https:\/\/hsfl.ch\/?page_id=1384"},"modified":"2022-09-23T01:07:33","modified_gmt":"2022-09-22T23:07:33","slug":"einfuehrung","status":"publish","type":"page","link":"https:\/\/hsfl.ch\/fr\/broker-plattform\/einfuehrung\/","title":{"rendered":"Introduction"},"content":{"rendered":"<p><img loading=\"lazy\" decoding=\"async\" class=\"wp-image-1315 alignright\" src=\"https:\/\/hsfl.ch\/wp-content\/uploads\/2018\/05\/Login.jpg\" alt=\"\" width=\"424\" height=\"283\" srcset=\"https:\/\/hsfl.ch\/wp-content\/uploads\/2018\/05\/Login.jpg 700w, https:\/\/hsfl.ch\/wp-content\/uploads\/2018\/05\/Login-600x400.jpg 600w\" sizes=\"(max-width: 424px) 100vw, 424px\" \/><\/p>\n<p>Haefeli &amp; Schroeder lance la plate-forme en ligne pour Financial Lines en Suisse !<\/p>\n<p>La plate-forme FL couvre l&rsquo;ensemble de <strong>la cha\u00eene de valeur de l&rsquo;assureur<\/strong> &#8211; de l&rsquo;appel d&rsquo;offres et de l&rsquo;\u00e9valuation des risques jusqu&rsquo;\u00e0 l&rsquo;\u00e9tablissement de l&rsquo;offre, de la police et de l&rsquo;envoi de la facture. Il contient les donn\u00e9es cl\u00e9s suivantes :<\/p>\n<ul>\n<li>La plateforme en ligne permet la conclusion de <strong>contrats FL pour les risques PME.<\/strong><\/li>\n<li>La plate-forme FL couvre <strong>tous les produits FL actuels<\/strong>.<\/li>\n<li>Gr\u00e2ce \u00e0 la num\u00e9risation, la plate-forme est <strong>accessible et utilisable 24 heures sur 24, 7 jours<\/strong> sur 7 et de mani\u00e8re flexible depuis n&rsquo;importe quel endroit.<\/li>\n<li>La plate-forme FL <strong>allie les connaissances des experts FL \u00e0 l&rsquo;innovation technique<\/strong>.<\/li>\n<li>Haefeli &amp; Schroeder lance un appel d&rsquo;offres pour les diff\u00e9rentes couvertures FL et n\u00e9gocie des <strong>concepts d&rsquo;assurance leaders du march\u00e9 avec des assureurs FL \u00e9tablis<\/strong>.<\/li>\n<li>Les <strong>conditions et les conseillers sont int\u00e9gr\u00e9s \u00e0 la plate-forme au moyen d&rsquo;algorithmes complexes<\/strong>.<\/li>\n<li>Le march\u00e9 est <strong>surveill\u00e9 en permanence et les conditions sont revues p\u00e9riodiquement<\/strong>.<\/li>\n<\/ul>\n<p><\/p>","protected":false},"excerpt":{"rendered":"<p>Haefeli &amp; Schroeder lance la plate-forme en ligne pour Financial Lines en Suisse ! La plate-forme FL couvre l&rsquo;ensemble de la cha\u00eene de valeur de l&rsquo;assureur &#8211; de l&rsquo;appel d&rsquo;offres et de l&rsquo;\u00e9valuation des risques jusqu&rsquo;\u00e0 l&rsquo;\u00e9tablissement de l&rsquo;offre, de la police et de l&rsquo;envoi de la facture. Il contient les donn\u00e9es cl\u00e9s suivantes : [&hellip;]<\/p>\n","protected":false},"author":3,"featured_media":0,"parent":336,"menu_order":0,"comment_status":"closed","ping_status":"closed","template":"","meta":{"footnotes":""},"class_list":["post-1384","page","type-page","status-publish","hentry"],"_links":{"self":[{"href":"https:\/\/hsfl.ch\/fr\/wp-json\/wp\/v2\/pages\/1384"}],"collection":[{"href":"https:\/\/hsfl.ch\/fr\/wp-json\/wp\/v2\/pages"}],"about":[{"href":"https:\/\/hsfl.ch\/fr\/wp-json\/wp\/v2\/types\/page"}],"author":[{"embeddable":true,"href":"https:\/\/hsfl.ch\/fr\/wp-json\/wp\/v2\/users\/3"}],"replies":[{"embeddable":true,"href":"https:\/\/hsfl.ch\/fr\/wp-json\/wp\/v2\/comments?post=1384"}],"version-history":[{"count":15,"href":"https:\/\/hsfl.ch\/fr\/wp-json\/wp\/v2\/pages\/1384\/revisions"}],"predecessor-version":[{"id":2494,"href":"https:\/\/hsfl.ch\/fr\/wp-json\/wp\/v2\/pages\/1384\/revisions\/2494"}],"up":[{"embeddable":true,"href":"https:\/\/hsfl.ch\/fr\/wp-json\/wp\/v2\/pages\/336"}],"wp:attachment":[{"href":"https:\/\/hsfl.ch\/fr\/wp-json\/wp\/v2\/media?parent=1384"}],"curies":[{"name":"wp","href":"https:\/\/api.w.org\/{rel}","templated":true}]}}