{"id":1391,"date":"2018-05-10T22:23:22","date_gmt":"2018-05-10T20:23:22","guid":{"rendered":"https:\/\/hsfl.ch\/?page_id=1391"},"modified":"2018-05-21T19:12:00","modified_gmt":"2018-05-21T17:12:00","slug":"fuer-wen-ist-die-plattform-interessant","status":"publish","type":"page","link":"https:\/\/hsfl.ch\/fr\/broker-plattform\/fuer-wen-ist-die-plattform-interessant\/","title":{"rendered":"Conception et fonctionnalit\u00e9"},"content":{"rendered":"<p><\/p>\n<h3><img loading=\"lazy\" decoding=\"async\" class=\"attachment-266x266 size-266x266 alignright\" src=\"https:\/\/hsfl.ch\/wp-content\/uploads\/2018\/05\/Login-300x300.jpg\" sizes=\"(max-width: 266px) 100vw, 266px\" srcset=\"https:\/\/hsfl.ch\/wp-content\/uploads\/2018\/05\/Login-300x300.jpg 300w, https:\/\/hsfl.ch\/wp-content\/uploads\/2018\/05\/Login-150x150.jpg 150w, https:\/\/hsfl.ch\/wp-content\/uploads\/2018\/05\/Login-100x100.jpg 100w\" alt=\"\" width=\"266\" height=\"266\" \/>Situation de d\u00e9part<\/h3>\n<p>Nous savons par exp\u00e9rience que les <strong>produits Financial Lines sont difficiles d&rsquo;acc\u00e8s pour la plupart des courtiers<\/strong> et donc fastidieux. La <strong>connaissance des produits est souvent limit\u00e9e<\/strong> et les d<strong>\u00e9penses pour le soutien de politiques appropri\u00e9es sont disproportionnellement \u00e9lev\u00e9es<\/strong>. L&rsquo;\u00e9volution constante des exigences r\u00e9glementaires et l\u00e9gales augmente en outre le <strong>risque de responsabilit\u00e9 du courtier<\/strong> en raison de conseils erron\u00e9s. Enfin, des conseils inad\u00e9quats dans le domaine de la FL<strong> peuvent assombrir de bons conseils dans d&rsquo;autres domaines<\/strong>.<\/p>\n<h3>Le partenariat au lieu de la concurrence<\/h3>\n<p>Haefeli &amp; Schroeder est <strong>l&rsquo;expert sur le march\u00e9 suisse Financial Lines<\/strong>\u00a0et<strong> met \u00e0 la disposition du courtier partenaire le savoir-faire<\/strong>, <strong>l&rsquo;exp\u00e9rience et le r\u00e9seau n\u00e9cessaires.<\/strong><\/p>\n<p>Haefeli &amp; Schroeder n\u00e9gocie des <strong>solutions d&rsquo;assurance leaders sur le march\u00e9<\/strong> et les met \u00e0 la disposition de son courtier partenaire. Le <strong>meilleur fournisseur<\/strong> (en termes de qualit\u00e9 du contenu et d&rsquo;efficacit\u00e9 des prix) se voit attribuer le contrat pour le produit respectif. Selon le produit, des panels avec plusieurs assureurs peuvent \u00e9galement \u00eatre s\u00e9lectionn\u00e9s.<\/p>\n<p>Les diff\u00e9rents produits font r<strong>\u00e9guli\u00e8rement l&rsquo;objet d&rsquo;appels d&rsquo;offres et nous v\u00e9rifions la pertinence et l&rsquo;actualit\u00e9 de la couverture<\/strong> &#8211; de cette fa\u00e7on, <strong>nous soulageons le courtier partenaire et r\u00e9duisons son risque de responsabilit\u00e9 professionnelle<\/strong> du conseil \u00e0 la client\u00e8le. En outre, nous aidons le courtier partenaire \u00e0 <strong>r\u00e9ussir<\/strong> avec ses clients gr\u00e2ce \u00e0 un conseil complet et de haute qualit\u00e9.<\/p>\n<p>Important : <strong>le courtier partenaire conserve l&rsquo;int\u00e9gralit\u00e9 de la relation client<\/strong> &#8211; Haefeli &amp; Schroeder agit exclusivement en tant que facilitateur et en arri\u00e8re-plan.<\/p>\n<p>L&rsquo;utilisation de l&rsquo;offre est \u00e9galement <strong>gratuite<\/strong> pour le courtier partenaire !<\/p>\n<h3>Coop\u00e9ration et comment, en tant que courtier, vous avez acc\u00e8s \u00e0 la plateforme<\/h3>\n<p>N&rsquo;h\u00e9sitez pas \u00e0 nous contacter si vous \u00eates int\u00e9ress\u00e9s. Nous vous enverrons prochainement un accord de coop\u00e9ration &#8211; vous recevrez les donn\u00e9es d&rsquo;acc\u00e8s et pourrez commencer.<\/p>\n<ul>\n<li>Haefeli &amp; Schroeder vous enverra les donn\u00e9es d&rsquo;acc\u00e8s.<\/li>\n<li>Apr\u00e8s r\u00e9ception, vous pouvez vous connecter, s\u00e9lectionner des produits sur la plate-forme Web, demander des devis et souscrire des polices en quelques minutes.<\/li>\n<li>Selon le produit choisi, vous recevrez un aper\u00e7u des questions sur les risques auxquelles il faut r\u00e9pondre. Le client y r\u00e9pond en quelques minutes par drop down et cochez la case et vous recevrez imm\u00e9diatement une offre ferme avec jusqu&rsquo;\u00e0 3 options de limite, dont vous pourrez discuter avec le client.<\/li>\n<li>Il n&rsquo;y a pas d&rsquo;interaction avec l&rsquo;assureur, plus de longue correspondance avec le souscripteur. Si le client est d&rsquo;accord, vous cliquez sur la variante d&rsquo;offre souhait\u00e9e dans votre profil \u00ab\u00a0Accepter\u00a0\u00bb et imm\u00e9diatement apr\u00e8s vous recevrez la police avec la facture sous forme de fichier pdf, que vous pouvez transmettre \u00e0 votre client par e-mail. Il n&rsquo;y a pas de confirmation de couverture et la police finale est \u00e9mise directement.<\/li>\n<li>Avec la plate-forme, vous disposez d&rsquo;un outil d&rsquo;administration et pouvez acc\u00e9der \u00e0 tout moment et facilement \u00e0 une vue d&rsquo;ensemble \/ d&rsquo;un coup d&rsquo;\u0153il et appeler des d\u00e9tails sur les contrats respectifs. Avant le renouvellement, vous recevrez \u00e9galement un message de rappel automatique pour vos contrats dans votre profil.<\/li>\n<li>Haefeli &amp; Schroeder se fera un plaisir de vous aider dans l&rsquo;examen de cas individuels s&rsquo;il y a des raisons qui emp\u00eachent exceptionnellement une conclusion directe via la plate-forme.<\/li>\n<\/ul>\n<h3>Lors d&rsquo;un entretien personnel avec Haefeli &amp; Schroeder, vous obtiendrez une vue d&rsquo;ensemble et apprendrez en d\u00e9tail ce que la plate-forme peut faire &#8211; nous nous r\u00e9jouissons d&rsquo;avoir de vos nouvelles!<\/h3>\n<p>En savoir plus: <a href=\"https:\/\/hsfl.ch\/broker-plattform\/die-vorteile\/\"><strong>Vos avantages<\/strong><\/a><\/p>","protected":false},"excerpt":{"rendered":"<p>Situation de d\u00e9part Nous savons par exp\u00e9rience que les produits Financial Lines sont difficiles d&rsquo;acc\u00e8s pour la plupart des courtiers et donc fastidieux. La connaissance des produits est souvent limit\u00e9e et les d\u00e9penses pour le soutien de politiques appropri\u00e9es sont disproportionnellement \u00e9lev\u00e9es. L&rsquo;\u00e9volution constante des exigences r\u00e9glementaires et l\u00e9gales augmente en outre le risque de [&hellip;]<\/p>\n","protected":false},"author":3,"featured_media":1315,"parent":336,"menu_order":0,"comment_status":"closed","ping_status":"closed","template":"","meta":{"footnotes":""},"class_list":["post-1391","page","type-page","status-publish","has-post-thumbnail","hentry"],"_links":{"self":[{"href":"https:\/\/hsfl.ch\/fr\/wp-json\/wp\/v2\/pages\/1391"}],"collection":[{"href":"https:\/\/hsfl.ch\/fr\/wp-json\/wp\/v2\/pages"}],"about":[{"href":"https:\/\/hsfl.ch\/fr\/wp-json\/wp\/v2\/types\/page"}],"author":[{"embeddable":true,"href":"https:\/\/hsfl.ch\/fr\/wp-json\/wp\/v2\/users\/3"}],"replies":[{"embeddable":true,"href":"https:\/\/hsfl.ch\/fr\/wp-json\/wp\/v2\/comments?post=1391"}],"version-history":[{"count":19,"href":"https:\/\/hsfl.ch\/fr\/wp-json\/wp\/v2\/pages\/1391\/revisions"}],"predecessor-version":[{"id":2033,"href":"https:\/\/hsfl.ch\/fr\/wp-json\/wp\/v2\/pages\/1391\/revisions\/2033"}],"up":[{"embeddable":true,"href":"https:\/\/hsfl.ch\/fr\/wp-json\/wp\/v2\/pages\/336"}],"wp:featuredmedia":[{"embeddable":true,"href":"https:\/\/hsfl.ch\/fr\/wp-json\/wp\/v2\/media\/1315"}],"wp:attachment":[{"href":"https:\/\/hsfl.ch\/fr\/wp-json\/wp\/v2\/media?parent=1391"}],"curies":[{"name":"wp","href":"https:\/\/api.w.org\/{rel}","templated":true}]}}