{"id":1650,"date":"2018-05-14T19:57:39","date_gmt":"2018-05-14T17:57:39","guid":{"rendered":"https:\/\/hsfl.ch\/?page_id=1650"},"modified":"2022-09-23T10:26:14","modified_gmt":"2022-09-23T08:26:14","slug":"die-vorteile","status":"publish","type":"page","link":"https:\/\/hsfl.ch\/fr\/broker-plattform\/die-vorteile\/","title":{"rendered":"Vos Avantages"},"content":{"rendered":"<p><img loading=\"lazy\" decoding=\"async\" class=\"attachment-266x266 alignright\" src=\"https:\/\/hsfl.ch\/wp-content\/uploads\/2018\/03\/favicon.png\" sizes=\"(max-width: 211px) 100vw, 211px\" srcset=\"https:\/\/hsfl.ch\/wp-content\/uploads\/2018\/03\/favicon.png 211w, https:\/\/hsfl.ch\/wp-content\/uploads\/2018\/03\/favicon-150x150.png 150w\" alt=\"HSFL Logo\" width=\"288\" height=\"288\" \/><\/p>\n<p>Nous sommes les experts \u00e9tablis pour <strong>Financial Lines<\/strong>. Avec nous, vous obtenez des informations uniques sur le march\u00e9 de l&rsquo;assurance FL. Avec des <strong>concepts \u00e0 la pointe du march\u00e9<\/strong>, nous \u00e9tablissons des normes gr\u00e2ce \u00e0 nos connaissances et notre exp\u00e9rience et \u00e0 un large r\u00e9seau FL.<\/p>\n<p>En plus de<strong> d\u00e9fendre votre portefeuille<\/strong> sans effort, la plateforme est aussi un excellent <strong>acc\u00e9l\u00e9rateur pour la croissance de nouvelles affaires<\/strong>. Nous avons d\u00e9velopp\u00e9 des produits, nous avons vu les d\u00e9g\u00e2ts &#8211; nous savons ce qui compte chez FL et nous vous aidons \u00e0 r\u00e9ussir devant vos clients. Le <strong>gain d&rsquo;efficacit\u00e9<\/strong> (gain de temps consid\u00e9rablement r\u00e9duit et produits FL am\u00e9lior\u00e9s) est <strong>gratuit<\/strong> pour vous.<\/p>\n<p>Une combinaison unique de nombreux avantages &#8211; sans inconv\u00e9nients &#8211; dans la vue d&rsquo;ensemble :<\/p>\n<ul>\n<li>Vous b\u00e9n\u00e9ficiez de notre exp\u00e9rience, de nos <strong>connaissances et de nos conseils en mati\u00e8re de Financial Lines<\/strong>.<\/li>\n<li><strong>Moins d&rsquo;efforts<\/strong> pour les courtiers partenaires, efficacit\u00e9 gr\u00e2ce \u00e0 la num\u00e9risation des processus et <strong>simplicit\u00e9 d&rsquo;utilisation<\/strong><\/li>\n<li>Meilleure couverture disponible, <strong>concepts leaders du march\u00e9<\/strong>, r\u00e9guli\u00e8rement mis \u00e0 jour.<\/li>\n<li><strong>Conformit\u00e9 aux normes et r\u00e9glementations les plus r\u00e9centes et les plus r\u00e9centes.<\/strong><\/li>\n<li><strong>R\u00e9duction du risque de responsabilit\u00e9 professionnelle<\/strong><\/li>\n<li><strong>Le courtier partenaire conserve 100% de la relation client<\/strong>, non pas la concurrence, mais la coop\u00e9ration.<\/li>\n<li><strong>Pas de frais suppl\u00e9mentaires<\/strong> pour les courtiers partenaires, mais une meilleure qualit\u00e9 de service.<\/li>\n<li>Comp\u00e9tence \/ Exp\u00e9rience \/ Perspectives et meilleur <strong>acc\u00e8s \u00e0 l&rsquo;assureur<\/strong><\/li>\n<li>Meilleures <strong>\u00ab\u00a0Service Level Agreements\u00a0\u00bb<\/strong> avec les assureurs (par le biais du volume de mise en commun)<\/li>\n<li><strong>Niveau de commission s\u00e9curis\u00e9<\/strong> (certains assureurs v\u00e9rifient les niveaux de commission en fonction du volume de primes du courtier respectif &#8211; des d\u00e9gradations sont \u00e0 pr\u00e9voir avec des portefeuilles moins importants).<\/li>\n<li><strong>Partenaire comp\u00e9tent<\/strong> en arri\u00e8re-plan<\/li>\n<li><strong>Une meilleure qualit\u00e9 gr\u00e2ce \u00e0 la standardisation<\/strong>, moins d&rsquo;actions correctives qui prennent du temps.<\/li>\n<li><strong>R\u00e9duction du risque de perte de clients<\/strong> en raison d&rsquo;erreurs et de lacunes dans la couverture (les courtiers partenaires peuvent d\u00e9fendre plus facilement leur portefeuille FL contre les courtiers concurrents).<\/li>\n<\/ul>\n<p>Nous offrons le <strong>partenariat<\/strong> &#8211; Haefeli &amp; Schroeder ne veut pas attaquer le courtier, mais aider le courtier partenaire \u00e0 r\u00e9ussir. Ensemble, nous sommes plus forts !<\/p>","protected":false},"excerpt":{"rendered":"<p>Nous sommes les experts \u00e9tablis pour Financial Lines. Avec nous, vous obtenez des informations uniques sur le march\u00e9 de l&rsquo;assurance FL. Avec des concepts \u00e0 la pointe du march\u00e9, nous \u00e9tablissons des normes gr\u00e2ce \u00e0 nos connaissances et notre exp\u00e9rience et \u00e0 un large r\u00e9seau FL. En plus de d\u00e9fendre votre portefeuille sans effort, la [&hellip;]<\/p>\n","protected":false},"author":3,"featured_media":262,"parent":336,"menu_order":0,"comment_status":"closed","ping_status":"closed","template":"","meta":{"footnotes":""},"class_list":["post-1650","page","type-page","status-publish","has-post-thumbnail","hentry"],"_links":{"self":[{"href":"https:\/\/hsfl.ch\/fr\/wp-json\/wp\/v2\/pages\/1650"}],"collection":[{"href":"https:\/\/hsfl.ch\/fr\/wp-json\/wp\/v2\/pages"}],"about":[{"href":"https:\/\/hsfl.ch\/fr\/wp-json\/wp\/v2\/types\/page"}],"author":[{"embeddable":true,"href":"https:\/\/hsfl.ch\/fr\/wp-json\/wp\/v2\/users\/3"}],"replies":[{"embeddable":true,"href":"https:\/\/hsfl.ch\/fr\/wp-json\/wp\/v2\/comments?post=1650"}],"version-history":[{"count":37,"href":"https:\/\/hsfl.ch\/fr\/wp-json\/wp\/v2\/pages\/1650\/revisions"}],"predecessor-version":[{"id":2495,"href":"https:\/\/hsfl.ch\/fr\/wp-json\/wp\/v2\/pages\/1650\/revisions\/2495"}],"up":[{"embeddable":true,"href":"https:\/\/hsfl.ch\/fr\/wp-json\/wp\/v2\/pages\/336"}],"wp:featuredmedia":[{"embeddable":true,"href":"https:\/\/hsfl.ch\/fr\/wp-json\/wp\/v2\/media\/262"}],"wp:attachment":[{"href":"https:\/\/hsfl.ch\/fr\/wp-json\/wp\/v2\/media?parent=1650"}],"curies":[{"name":"wp","href":"https:\/\/api.w.org\/{rel}","templated":true}]}}