{"id":57,"date":"2018-02-08T01:02:13","date_gmt":"2018-02-08T00:02:13","guid":{"rendered":"https:\/\/hsfl.ch\/?page_id=57"},"modified":"2018-05-21T21:52:39","modified_gmt":"2018-05-21T19:52:39","slug":"ueber-uns","status":"publish","type":"page","link":"https:\/\/hsfl.ch\/fr\/ueber-uns\/","title":{"rendered":"Notre entreprise"},"content":{"rendered":"<p><\/p>\n<h3><img loading=\"lazy\" decoding=\"async\" class=\"alignright size-full wp-image-843\" src=\"https:\/\/hsfl.ch\/wp-content\/uploads\/2018\/04\/ueber-uns.jpg\" alt=\"\" width=\"500\" height=\"232\" \/><strong>Nous faisons ce que nous faisons le mieux:\u00a0<\/strong><strong>Financial Lines<\/strong><\/h3>\n<p>Haefeli &amp; Schroeder Financial Lines AG est votre soci\u00e9t\u00e9 ind\u00e9pendante de courtage d&rsquo;assurance et de services, sp\u00e9cialis\u00e9e dans les Financial Lines et les services connexes.<\/p>\n<h3>Notre mod\u00e8le d&rsquo;affaires :<\/h3>\n<ul>\n<li><strong>Une orientation et une sp\u00e9cialisation claire<\/strong> sur Financial Lines bas\u00e9e sur de nombreuses ann\u00e9es d&rsquo;exp\u00e9rience et une solide expertise.<\/li>\n<li><strong>Segmentation des Financial Lines<\/strong> en fonction de la demande &#8211; conseil en fonction de l&rsquo;importance et du degr\u00e9 de complexit\u00e9 du risque.<\/li>\n<li><strong>Efficacit\u00e9 maximale du budget<\/strong> d&rsquo;assurance du preneur d&rsquo;assurance et efficacit\u00e9 pr\u00e9pond\u00e9rante dans la r\u00e9alisation de l&rsquo;objectif de gestion des risques.<\/li>\n<\/ul>\n<p>Nous connaissons le march\u00e9 de l&rsquo;assurance &#8211; nous combinons nos connaissances uniques, notre exp\u00e9rience et notre r\u00e9seau dans le domaine des Financial Lines pour cr\u00e9er des solutions sur mesure &#8211; dans votre int\u00e9r\u00eat et suivant vos besoins.<\/p>\n<p>Nous nous concentrons sur vos risques &#8211; notre motivation n&rsquo;est pas la vente, mais la gestion des risques.\u00a0Nous nous engageons \u00e0 poursuivre constamment le d\u00e9veloppement des Financial Lines et \u00e0 agir de mani\u00e8re neutre et ind\u00e9pendante.<\/p>\n<h3><img loading=\"lazy\" decoding=\"async\" class=\"size-full wp-image-1314 aligncenter\" src=\"https:\/\/hsfl.ch\/wp-content\/uploads\/2018\/05\/Leuchtturm.jpg\" alt=\"\" width=\"700\" height=\"435\" srcset=\"https:\/\/hsfl.ch\/wp-content\/uploads\/2018\/05\/Leuchtturm.jpg 700w, https:\/\/hsfl.ch\/wp-content\/uploads\/2018\/05\/Leuchtturm-600x373.jpg 600w\" sizes=\"(max-width: 700px) 100vw, 700px\" \/><\/h3>\n<h3>Nos valeurs:<\/h3>\n<ol>\n<li>Nous sommes <strong>ind\u00e9pendants<\/strong>, neutres et objectifs.<\/li>\n<li>Nous sommes <strong>\u00e0 vos c\u00f4t\u00e9s<\/strong> et nous nous battons pour vos int\u00e9r\u00eats.<\/li>\n<li><strong>Les associ\u00e9s seniors<\/strong> se tiennent \u00e0 votre enti\u00e8re disposition et sont \u00e0 tout moment \u00e0 votre \u00e9coute.<\/li>\n<li>Nos clients m\u00e9ritent l<strong>a meilleure couverture<\/strong> d\u2019assurance disponible.\u00a0Nous recherchons des solutions individuelles adapt\u00e9es \u00e0 chaque situation \u00e0 risque.<\/li>\n<li>Nous sommes <strong>int\u00e8gres<\/strong> dans nos relations commerciales et \u00e0 tout moment ouvert au dialogue.<\/li>\n<li>Nos <strong>solutions sont \u00e9quitables<\/strong> et perdurent \u00e0 long terme.<\/li>\n<li>Nous sommes <strong>pr\u00e9curseurs dans nos activit\u00e9s<\/strong> et prenons une part active lors de la composition de nos produits \u2013 il est de notre responsabilit\u00e9 de continuer \u00e0 d\u00e9velopper le march\u00e9 des Financial Lines ; nous suivons de pr\u00e8s l\u2019\u00e9volution des march\u00e9s plus d\u00e9velopp\u00e9s dans le domaine tels qu\u2019aux Etats-Unis ou en Angleterre.<\/li>\n<\/ol>\n<p><\/p>","protected":false},"excerpt":{"rendered":"<p>Nous faisons ce que nous faisons le mieux:\u00a0Financial Lines Haefeli &amp; Schroeder Financial Lines AG est votre soci\u00e9t\u00e9 ind\u00e9pendante de courtage d&rsquo;assurance et de services, sp\u00e9cialis\u00e9e dans les Financial Lines et les services connexes. Notre mod\u00e8le d&rsquo;affaires : Une orientation et une sp\u00e9cialisation claire sur Financial Lines bas\u00e9e sur de nombreuses ann\u00e9es d&rsquo;exp\u00e9rience et une [&hellip;]<\/p>\n","protected":false},"author":3,"featured_media":1314,"parent":0,"menu_order":1,"comment_status":"closed","ping_status":"closed","template":"","meta":{"footnotes":""},"class_list":["post-57","page","type-page","status-publish","has-post-thumbnail","hentry"],"_links":{"self":[{"href":"https:\/\/hsfl.ch\/fr\/wp-json\/wp\/v2\/pages\/57"}],"collection":[{"href":"https:\/\/hsfl.ch\/fr\/wp-json\/wp\/v2\/pages"}],"about":[{"href":"https:\/\/hsfl.ch\/fr\/wp-json\/wp\/v2\/types\/page"}],"author":[{"embeddable":true,"href":"https:\/\/hsfl.ch\/fr\/wp-json\/wp\/v2\/users\/3"}],"replies":[{"embeddable":true,"href":"https:\/\/hsfl.ch\/fr\/wp-json\/wp\/v2\/comments?post=57"}],"version-history":[{"count":43,"href":"https:\/\/hsfl.ch\/fr\/wp-json\/wp\/v2\/pages\/57\/revisions"}],"predecessor-version":[{"id":2040,"href":"https:\/\/hsfl.ch\/fr\/wp-json\/wp\/v2\/pages\/57\/revisions\/2040"}],"wp:featuredmedia":[{"embeddable":true,"href":"https:\/\/hsfl.ch\/fr\/wp-json\/wp\/v2\/media\/1314"}],"wp:attachment":[{"href":"https:\/\/hsfl.ch\/fr\/wp-json\/wp\/v2\/media?parent=57"}],"curies":[{"name":"wp","href":"https:\/\/api.w.org\/{rel}","templated":true}]}}