{"id":65,"date":"2018-02-08T01:04:54","date_gmt":"2018-02-08T00:04:54","guid":{"rendered":"https:\/\/hsfl.ch\/?page_id=65"},"modified":"2018-05-12T16:06:59","modified_gmt":"2018-05-12T14:06:59","slug":"werte-philosophie","status":"publish","type":"page","link":"https:\/\/hsfl.ch\/fr\/werte-philosophie\/","title":{"rendered":"Nos valeurs et notre philosophie"},"content":{"rendered":"<p><\/p>\n<ol>\n<li>Nous sommes ind\u00e9pendants, neutres et objectifs.<\/li>\n<li>Nous sommes \u00e0 vos c\u00f4t\u00e9s et nous nous battons pour vos int\u00e9r\u00eats.<\/li>\n<li>Nos associ\u00e9s seniors se tiennent \u00e0 votre enti\u00e8re disposition et sont \u00e0 tout moment \u00e0 votre \u00e9coute.<\/li>\n<li>Nos clients m\u00e9ritent la meilleure couverture d\u2019assurance disponible.\u00a0Nous recherchons des solutions individuelles adapt\u00e9es \u00e0 chaque situation \u00e0 risque.<\/li>\n<li>Nous sommes int\u00e8gres dans nos relations commerciales et \u00e0 tout moment ouvert au dialogue.<\/li>\n<li>Nos solutions sont \u00e9quitables et perdurent \u00e0 long terme.<\/li>\n<li>Nous sommes pr\u00e9curseurs dans nos activit\u00e9s et prenons une part active lors de la composition de nos produits \u2013 il est de notre responsabilit\u00e9 de continuer \u00e0 d\u00e9velopper le march\u00e9 des Financial Lines ; nous suivons de pr\u00e8s l\u2019\u00e9volution des march\u00e9s plus d\u00e9velopp\u00e9s dans le domaine tels qu\u2019aux Etats-Unis ou en Angleterre.<\/li>\n<\/ol>\n<p><\/p>","protected":false},"excerpt":{"rendered":"<p>Nous sommes ind\u00e9pendants, neutres et objectifs. Nous sommes \u00e0 vos c\u00f4t\u00e9s et nous nous battons pour vos int\u00e9r\u00eats. Nos associ\u00e9s seniors se tiennent \u00e0 votre enti\u00e8re disposition et sont \u00e0 tout moment \u00e0 votre \u00e9coute. Nos clients m\u00e9ritent la meilleure couverture d\u2019assurance disponible.\u00a0Nous recherchons des solutions individuelles adapt\u00e9es \u00e0 chaque situation \u00e0 risque. Nous sommes [&hellip;]<\/p>\n","protected":false},"author":3,"featured_media":0,"parent":0,"menu_order":0,"comment_status":"closed","ping_status":"closed","template":"","meta":{"footnotes":""},"class_list":["post-65","page","type-page","status-publish","hentry"],"_links":{"self":[{"href":"https:\/\/hsfl.ch\/fr\/wp-json\/wp\/v2\/pages\/65"}],"collection":[{"href":"https:\/\/hsfl.ch\/fr\/wp-json\/wp\/v2\/pages"}],"about":[{"href":"https:\/\/hsfl.ch\/fr\/wp-json\/wp\/v2\/types\/page"}],"author":[{"embeddable":true,"href":"https:\/\/hsfl.ch\/fr\/wp-json\/wp\/v2\/users\/3"}],"replies":[{"embeddable":true,"href":"https:\/\/hsfl.ch\/fr\/wp-json\/wp\/v2\/comments?post=65"}],"version-history":[{"count":19,"href":"https:\/\/hsfl.ch\/fr\/wp-json\/wp\/v2\/pages\/65\/revisions"}],"predecessor-version":[{"id":1247,"href":"https:\/\/hsfl.ch\/fr\/wp-json\/wp\/v2\/pages\/65\/revisions\/1247"}],"wp:attachment":[{"href":"https:\/\/hsfl.ch\/fr\/wp-json\/wp\/v2\/media?parent=65"}],"curies":[{"name":"wp","href":"https:\/\/api.w.org\/{rel}","templated":true}]}}