{"id":673,"date":"2018-04-04T10:56:29","date_gmt":"2018-04-04T08:56:29","guid":{"rendered":"https:\/\/hsfl.ch\/?page_id=673"},"modified":"2018-05-20T16:25:52","modified_gmt":"2018-05-20T14:25:52","slug":"rechtliche-hinweise","status":"publish","type":"page","link":"https:\/\/hsfl.ch\/fr\/rechtliche-hinweise\/","title":{"rendered":"Informations l\u00e9gales sur l&rsquo;utilisation de ce site web:"},"content":{"rendered":"<p><\/p>\n<h3>Exon\u00e9ration de responsabilit\u00e9 (Disclaimer)<\/h3>\n<p>Les informations contenues sur le site Web ne doivent en aucun cas \u00eatre interpr\u00e9t\u00e9es comme une recommandation de fournir des conseils techniques, juridiques, fiscaux ou autres. Le contenu et les documents fournis ici ne le sont qu&rsquo;\u00e0 titre d&rsquo;information. Le contenu et les documents peuvent \u00eatre d\u00e9pass\u00e9s par les d\u00e9veloppements actuels sans que le contenu et les documents fournis n&rsquo;aient \u00e9t\u00e9 modifi\u00e9s.<\/p>\n<p>Tous les textes et liens ont \u00e9t\u00e9 soigneusement v\u00e9rifi\u00e9s et sont constamment mis \u00e0 jour. Nous nous effor\u00e7ons de fournir des informations correctes et compl\u00e8tes sur ce site Web, mais nous n&rsquo;acceptons aucune responsabilit\u00e9 ou garantie que les informations fournies par ce site Web, y compris les entr\u00e9es de base de donn\u00e9es, sont correctes, compl\u00e8tes ou \u00e0 jour. Nous nous r\u00e9servons le droit de modifier les informations contenues sur ce site Web \u00e0 tout moment et sans pr\u00e9avis et nous ne nous engageons pas \u00e0 mettre \u00e0 jour les informations qu&rsquo;il contient.<\/p>\n<p>L&rsquo;exactitude de tous les liens vers des fournisseurs externes a \u00e9t\u00e9 v\u00e9rifi\u00e9e au moment de leur inclusion. N\u00e9anmoins, nous ne sommes pas responsables du contenu et de la disponibilit\u00e9 des sites Web accessibles par hyperliens. Pour les contenus ill\u00e9gaux, incorrects ou incomplets et en particulier pour les dommages r\u00e9sultant de l&rsquo;utilisation non contr\u00f4l\u00e9e des contenus des pages li\u00e9es, seul le fournisseur de la page \u00e0 laquelle il a \u00e9t\u00e9 renvoy\u00e9 est responsable. Peu importe que le dommage soit de nature directe, indirecte ou financi\u00e8re ou tout autre dommage pouvant r\u00e9sulter d&rsquo;une perte de donn\u00e9es, d&rsquo;une perte d&rsquo;utilisation ou d&rsquo;autres raisons de quelque nature que ce soit. Si l&rsquo;utilisateur conclut un contrat avec l&rsquo;un des fournisseurs externes auxquels il est fait r\u00e9f\u00e9rence, aucune relation contractuelle n&rsquo;est \u00e9tablie entre l&rsquo;utilisateur et le fournisseur de ce site Web lui-m\u00eame.<\/p>\n<h3>Google Analytics et Cookies<\/h3>\n<p>Ce site Web utilise Google Analytics, un service d&rsquo;analyse Web de Google Inc. \u00ab\u00a0(\u00ab\u00a0Google\u00a0\u00bb). Google Analytics utilise des \u00ab\u00a0cookies\u00a0\u00bb, qui sont des fichiers texte plac\u00e9s sur votre ordinateur, pour aider le site web \u00e0 analyser l&rsquo;utilisation du site par les utilisateurs. Les informations g\u00e9n\u00e9r\u00e9es par les cookies concernant votre utilisation du site Web (y compris votre adresse IP) seront transmises et stock\u00e9es par Google sur des serveurs situ\u00e9s aux \u00c9tats-Unis. Google utilisera ces informations dans le but d&rsquo;\u00e9valuer votre utilisation du site Web, de compiler des rapports sur l&rsquo;activit\u00e9 du site Web pour les exploitants de sites Web et de fournir d&rsquo;autres services li\u00e9s \u00e0 l&rsquo;activit\u00e9 du site Web et \u00e0 l&rsquo;utilisation d&rsquo;Internet. Google peut \u00e9galement transmettre ces informations \u00e0 des tiers si la loi l&rsquo;exige ou si des tiers traitent ces donn\u00e9es pour le compte de Google. Google n&rsquo;associera en aucun cas votre adresse IP \u00e0 d&rsquo;autres donn\u00e9es de Google. Vous pouvez refuser l&rsquo;utilisation de cookies en s\u00e9lectionnant les param\u00e8tres appropri\u00e9s sur votre navigateur, mais veuillez noter que si vous le faites, il se peut que vous ne puissiez pas utiliser toutes les fonctionnalit\u00e9s de ce site Web. En utilisant ce site Web, vous consentez au traitement des donn\u00e9es vous concernant par Google de la mani\u00e8re et aux fins d\u00e9crites ci-dessus. Vous pouvez \u00e9galement choisir de ne pas \u00eatre suivi par Google Analytics avec effet pour l&rsquo;avenir en t\u00e9l\u00e9chargeant et installant Google Analytics Opt-out <a href=\"https:\/\/tools.google.com\/dlpage\/gaoptout?hl=fr\"><strong>Browser Addon<\/strong><\/a> pour votre navigateur Web actuel.<\/p>","protected":false},"excerpt":{"rendered":"<p>Exon\u00e9ration de responsabilit\u00e9 (Disclaimer) Les informations contenues sur le site Web ne doivent en aucun cas \u00eatre interpr\u00e9t\u00e9es comme une recommandation de fournir des conseils techniques, juridiques, fiscaux ou autres. Le contenu et les documents fournis ici ne le sont qu&rsquo;\u00e0 titre d&rsquo;information. Le contenu et les documents peuvent \u00eatre d\u00e9pass\u00e9s par les d\u00e9veloppements actuels [&hellip;]<\/p>\n","protected":false},"author":3,"featured_media":0,"parent":0,"menu_order":0,"comment_status":"closed","ping_status":"closed","template":"","meta":{"footnotes":""},"class_list":["post-673","page","type-page","status-publish","hentry"],"_links":{"self":[{"href":"https:\/\/hsfl.ch\/fr\/wp-json\/wp\/v2\/pages\/673"}],"collection":[{"href":"https:\/\/hsfl.ch\/fr\/wp-json\/wp\/v2\/pages"}],"about":[{"href":"https:\/\/hsfl.ch\/fr\/wp-json\/wp\/v2\/types\/page"}],"author":[{"embeddable":true,"href":"https:\/\/hsfl.ch\/fr\/wp-json\/wp\/v2\/users\/3"}],"replies":[{"embeddable":true,"href":"https:\/\/hsfl.ch\/fr\/wp-json\/wp\/v2\/comments?post=673"}],"version-history":[{"count":11,"href":"https:\/\/hsfl.ch\/fr\/wp-json\/wp\/v2\/pages\/673\/revisions"}],"predecessor-version":[{"id":1819,"href":"https:\/\/hsfl.ch\/fr\/wp-json\/wp\/v2\/pages\/673\/revisions\/1819"}],"wp:attachment":[{"href":"https:\/\/hsfl.ch\/fr\/wp-json\/wp\/v2\/media?parent=673"}],"curies":[{"name":"wp","href":"https:\/\/api.w.org\/{rel}","templated":true}]}}