{"id":99,"date":"2018-02-08T01:15:43","date_gmt":"2018-02-08T00:15:43","guid":{"rendered":"https:\/\/hsfl.ch\/?page_id=99"},"modified":"2018-09-10T13:03:12","modified_gmt":"2018-09-10T11:03:12","slug":"warum-ein-spezialisierter-makler","status":"publish","type":"page","link":"https:\/\/hsfl.ch\/fr\/warum-ein-spezialisierter-makler\/","title":{"rendered":"Pourqui sp\u00e9cialisation?"},"content":{"rendered":"<p><img loading=\"lazy\" decoding=\"async\" class=\"attachment-266x266 size-266x266 alignright\" src=\"https:\/\/hsfl.ch\/wp-content\/uploads\/2018\/05\/iStock-666863286-300x300.jpg\" sizes=\"(max-width: 266px) 100vw, 266px\" srcset=\"https:\/\/hsfl.ch\/wp-content\/uploads\/2018\/05\/iStock-666863286-300x300.jpg 300w, https:\/\/hsfl.ch\/wp-content\/uploads\/2018\/05\/iStock-666863286-150x150.jpg 150w, https:\/\/hsfl.ch\/wp-content\/uploads\/2018\/05\/iStock-666863286-100x100.jpg 100w\" alt=\"\" width=\"266\" height=\"266\" \/><\/p>\n<p>Pouvez-vous penser \u00e0 un traitement m\u00e9dical que vous <strong>ne feriez pas<\/strong> suivre par votre m\u00e9decin de famille ? Les op\u00e9rations oculaires, les transplantations cardiaques et les interventions chirurgicales sont toutes r\u00e9alis\u00e9es par des sp\u00e9cialistes.<\/p>\n<p><strong>Le march\u00e9 Financial Lines est complexe.<\/strong><\/p>\n<ul>\n<li>Les <strong>produits<\/strong> Financial Lines sont d&rsquo;une importance cruciale pour les entreprises et leurs dirigeants; les produits sont encore relativement nouveaux, <strong>immatures<\/strong>, <strong>complexes<\/strong> et peu standardis\u00e9s<\/li>\n<li>L&rsquo;environnement <strong>r\u00e9glementaire et juridique<\/strong> est en constante \u00e9volution<\/li>\n<li>L&rsquo;augmentation significative du <strong>nombre de sinistres<\/strong> et des montants consid\u00e9rables de pertes n\u00e9cessite des sp\u00e9cialistes exp\u00e9riment\u00e9s qui comprennent le risque dans son caract\u00e8re unique et ma\u00eetrisent les produits<\/li>\n<\/ul>\n<p><strong>Le mod\u00e8le traditionnel du courtier ne se concentre pas sur Financial Lines<\/strong><\/p>\n<ul>\n<li>Contrairement \u00e0 d&rsquo;autres professions telles que les avocats et les m\u00e9decins, le niveau de sp\u00e9cialisation des courtiers d&rsquo;assurance est tr\u00e8s faible. La plupart des courtiers d&rsquo;assurance donnent des conseils sur la <strong>gamme compl\u00e8te des risques<\/strong> et des produits d&rsquo;assurance; pratiquement aucun ne se concentre sur Financial Lines<\/li>\n<li>Financial Lines ne repr\u00e9sentent g\u00e9n\u00e9ralement qu&rsquo;une <strong>petite partie<\/strong> de l&rsquo;ensemble du portefeuille d&rsquo;assurance du client (souvent <strong>moins de 10% du budget d&rsquo;assurance<\/strong>). Pour des raisons de capacit\u00e9, le courtier court le risque que sa bonne performance avec les produits d&rsquo;assurance standard soit mise en question si ses conseils ne sont pas optimaux dans des segments de niche complexes et complexes tels que Financial Lines.<\/li>\n<\/ul>\n<p><strong>Cons\u00e9quence fr\u00e9quente<\/strong><\/p>\n<p>Les clients courent le risque d&rsquo;une couverture d&rsquo;assurance<strong> inad\u00e9quate, incorrecte ou m\u00eame manquante<\/strong>. Pour les courtiers, le <strong>potentiel de responsabilit\u00e9<\/strong> dans le domaine Financial Lines en relation avec leurs conseils a augment\u00e9.<\/p>\n<p><strong>Notre approche : Sp\u00e9cialisation<\/strong><\/p>\n<ul>\n<li>En raison de nos nombreuses ann\u00e9es d&rsquo;activit\u00e9 dans le secteur Financial Lines, nous sommes convaincus que la sp\u00e9cialisation dans le secteur Financial Lines est indispensable pour r\u00e9pondre aux int\u00e9r\u00eats de nos clients.<\/li>\n<\/ul>\n<ul>\n<li>Gr\u00e2ce \u00e0 notre <strong>exp\u00e9rience de longue date des compagnies d\u2019assurance actives en FL<\/strong>, nous n\u00e9gocions et mettons en \u0153uvre des concepts d\u2019assurance exclusifs et leaders sur le march\u00e9 pour tous les produits Financial Lines et pour nos clients. Nos produits sont innovants et en perp\u00e9tuelle \u00e9volution. Notre objectif est d\u2019expliquer et de pr\u00e9senter la complexit\u00e9 des questions relatives aux Financial Lines d\u2019une mani\u00e8re compr\u00e9hensible pour tous.<\/li>\n<\/ul>\n<p>Remarque: L\u2019assurance D&amp;O en particulier nous offre une opportunit\u00e9 pr\u00e9pond\u00e9rante de faire une bonne et durable impression sur la direction. Gr\u00e2ce \u00e0 notre exp\u00e9rience, nous sommes en mesure d&rsquo;\u00eatre un soutient ou m\u00eame d&rsquo;endosser cette t\u00e2che.<\/p>","protected":false},"excerpt":{"rendered":"<p>Pouvez-vous penser \u00e0 un traitement m\u00e9dical que vous ne feriez pas suivre par votre m\u00e9decin de famille ? Les op\u00e9rations oculaires, les transplantations cardiaques et les interventions chirurgicales sont toutes r\u00e9alis\u00e9es par des sp\u00e9cialistes. Le march\u00e9 Financial Lines est complexe. Les produits Financial Lines sont d&rsquo;une importance cruciale pour les entreprises et leurs dirigeants; les [&hellip;]<\/p>\n","protected":false},"author":3,"featured_media":1645,"parent":0,"menu_order":0,"comment_status":"closed","ping_status":"closed","template":"","meta":{"footnotes":""},"class_list":["post-99","page","type-page","status-publish","has-post-thumbnail","hentry"],"_links":{"self":[{"href":"https:\/\/hsfl.ch\/fr\/wp-json\/wp\/v2\/pages\/99"}],"collection":[{"href":"https:\/\/hsfl.ch\/fr\/wp-json\/wp\/v2\/pages"}],"about":[{"href":"https:\/\/hsfl.ch\/fr\/wp-json\/wp\/v2\/types\/page"}],"author":[{"embeddable":true,"href":"https:\/\/hsfl.ch\/fr\/wp-json\/wp\/v2\/users\/3"}],"replies":[{"embeddable":true,"href":"https:\/\/hsfl.ch\/fr\/wp-json\/wp\/v2\/comments?post=99"}],"version-history":[{"count":37,"href":"https:\/\/hsfl.ch\/fr\/wp-json\/wp\/v2\/pages\/99\/revisions"}],"predecessor-version":[{"id":2131,"href":"https:\/\/hsfl.ch\/fr\/wp-json\/wp\/v2\/pages\/99\/revisions\/2131"}],"wp:featuredmedia":[{"embeddable":true,"href":"https:\/\/hsfl.ch\/fr\/wp-json\/wp\/v2\/media\/1645"}],"wp:attachment":[{"href":"https:\/\/hsfl.ch\/fr\/wp-json\/wp\/v2\/media?parent=99"}],"curies":[{"name":"wp","href":"https:\/\/api.w.org\/{rel}","templated":true}]}}