{"id":431,"date":"2018-03-27T13:41:04","date_gmt":"2018-03-27T11:41:04","guid":{"rendered":"https:\/\/hsfl.ch\/?post_type=product&#038;p=431"},"modified":"2018-05-20T14:50:47","modified_gmt":"2018-05-20T12:50:47","slug":"do","status":"publish","type":"product","link":"https:\/\/hsfl.ch\/fr\/produkt\/do\/","title":{"rendered":"RC des dirigeants (D&#038;O)"},"content":{"rendered":"<p><strong>L\u2019assurance responsabilit\u00e9 civile en faveur des organes, d\u00e9nomm\u00e9e D&amp;O pour \u00ab\u00a0Directors and Officers Liability Insurance\u00a0\u00bb. Elle couvre essentiellement les dommages \u00e9conomiques purs d\u00e9coulant de manquements des organes dirigeants \u00e0 des obligations tenues par leur entreprises, par les actionnaires et autres.<\/strong><\/p>\n<p class=\"tw-data-text tw-ta tw-text-small\" dir=\"ltr\" data-placeholder=\"\u00dcbersetzung\">Les dirigeants ont une responsabilit\u00e9 personnelle et directe envers leur entreprise, leurs actionnaires, les banques et autres tiers (\u00ab\u00a0parties prenantes\u00a0\u00bb). Lors d\u2019un manquement \u00e0 leur devoir de diligence et qu&rsquo;il en r\u00e9sulte un pr\u00e9judice financier, les dirigeants doivent payer une compensation personnelle (\u00ab\u00a0responsabilit\u00e9 du manager\u00a0\u00bb). Le durcissement constant de la responsabilit\u00e9 <span lang=\"fr\">par des exigences l\u00e9gales et r\u00e9glementaires suppl\u00e9mentaires en relation avec une mentalit\u00e9 de r\u00e9clamation de plus en plus agressive <\/span>conduisent, <span lang=\"fr\">en Suisse <\/span><span lang=\"fr\">chaque ann\u00e9e<\/span><span lang=\"fr\">, au d\u00e9p\u00f4t<\/span> de<span lang=\"fr\"> plusieurs centaines de plaintes judiciaires contre des dirigeants<\/span>. <span lang=\"fr\">Ces plaintes civiles sont souvent accompagn\u00e9es d&rsquo;enqu\u00eates criminelles.<\/span> La plupart d&rsquo;entre elles sont r\u00e9gl\u00e9es \u00e0 l&rsquo;amiable, les d\u00e9cisions juridiques ne se situent que dans une <span lang=\"fr\">fourchette annuelle moyenne \u00e0 deux chiffres<\/span>.<\/p>\n<p>Ind\u00e9pendamment d&rsquo;une plainte civile, les gestionnaires doivent s&rsquo;occuper des poursuites p\u00e9nales ou des enqu\u00eates correspondantes, par exemple dans des cas d&rsquo;accusations de d\u00e9tournement de fonds.<\/p>\n<p>L&rsquo;assurance D&amp;O couvre \u00e0 la fois les frais de d\u00e9fense (par exemple, les frais d&rsquo;avocat et les frais de justice) si les cadres sup\u00e9rieurs se d\u00e9fendent contre des demandes injustifi\u00e9es de dommages-int\u00e9r\u00eats et \u00e9galement le dommage en lui-m\u00eame, dans le cas o\u00f9 il est justifi\u00e9 ou si le litige est r\u00e9gl\u00e9 dans le cadre d&rsquo;un accord transactionnel.<\/p>","protected":false},"excerpt":{"rendered":"<p>L\u2019assurance responsabilit\u00e9 civile en faveur des organes, d\u00e9nomm\u00e9e D&amp;O pour \u00ab\u00a0Directors and Officers Liability Insurance\u00a0\u00bb. Elle couvre essentiellement les dommages \u00e9conomiques purs d\u00e9coulant de manquements des organes dirigeants \u00e0 des obligations tenues par leur entreprises, par les actionnaires et autres. Les dirigeants ont une responsabilit\u00e9 personnelle et directe envers leur entreprise, leurs actionnaires, les banques [&hellip;]<\/p>\n","protected":false},"featured_media":1317,"template":"","meta":[],"product_cat":[17],"product_tag":[],"class_list":{"0":"post-431","1":"product","2":"type-product","3":"status-publish","4":"has-post-thumbnail","6":"product_cat-management-haftung","8":"first","9":"instock","10":"virtual","11":"product-type-simple"},"_links":{"self":[{"href":"https:\/\/hsfl.ch\/fr\/wp-json\/wp\/v2\/product\/431"}],"collection":[{"href":"https:\/\/hsfl.ch\/fr\/wp-json\/wp\/v2\/product"}],"about":[{"href":"https:\/\/hsfl.ch\/fr\/wp-json\/wp\/v2\/types\/product"}],"wp:featuredmedia":[{"embeddable":true,"href":"https:\/\/hsfl.ch\/fr\/wp-json\/wp\/v2\/media\/1317"}],"wp:attachment":[{"href":"https:\/\/hsfl.ch\/fr\/wp-json\/wp\/v2\/media?parent=431"}],"wp:term":[{"taxonomy":"product_cat","embeddable":true,"href":"https:\/\/hsfl.ch\/fr\/wp-json\/wp\/v2\/product_cat?post=431"},{"taxonomy":"product_tag","embeddable":true,"href":"https:\/\/hsfl.ch\/fr\/wp-json\/wp\/v2\/product_tag?post=431"}],"curies":[{"name":"wp","href":"https:\/\/api.w.org\/{rel}","templated":true}]}}