{"id":442,"date":"2018-03-27T14:27:43","date_gmt":"2018-03-27T12:27:43","guid":{"rendered":"https:\/\/hsfl.ch\/?post_type=product&#038;p=442"},"modified":"2018-05-20T14:50:29","modified_gmt":"2018-05-20T12:50:29","slug":"side-a-xs","status":"publish","type":"product","link":"https:\/\/hsfl.ch\/fr\/produkt\/side-a-xs\/","title":{"rendered":"D&#038;O Side A DIC"},"content":{"rendered":"<p><strong>La police D&amp;O Side A DIC est un contrat compl\u00e9mentaire \u00e0 la soci\u00e9t\u00e9 D&amp;O &#8211; elle\u00a0couvre \u00e9galement les pertes financi\u00e8res et \u00e9tend la protection de la personne assur\u00e9e et est souvent mal comprise dans la pratique.<\/strong><\/p>\n<p>L&rsquo;assurance D&amp;O Side A DIC est une assurance D&amp;O qui ne couvre que les r\u00e9clamations contre la <strong>personne assur\u00e9e<\/strong> et pour lesquelles la personne assur\u00e9e <strong>n&rsquo;est pas indemnis\u00e9e<\/strong> par l&rsquo;entreprise avec laquelle elle est employ\u00e9e ou occupe un poste d&rsquo;administrateur (Side A). La police D&amp;O Side A DIC ne s&rsquo;applique pas aux \u00e9v\u00e9nements assur\u00e9s qui sont dirig\u00e9s contre la personne assur\u00e9e mais pour lesquels la compagnie accorde une indemnisation (Side B). Les r\u00e9clamations contre la Soci\u00e9t\u00e9 (Side C) ne sont pas non plus couvertes par D&amp;O Side A DIC.<\/p>\n<p>Les couvertures correspondantes sont g\u00e9n\u00e9ralement souscrites en tant que diff\u00e9rence dans les conditions (DIC) en plus de l&rsquo;assurance responsabilit\u00e9 des dirigeants existants avec un accord de \u00ab\u00a0drop down\u00a0\u00bb. Ceci \u00e9tend la couverture d&rsquo;assurance personnelle pour les cas non indemnisables, dans les zones o\u00f9 la police DIC Side A offre plus de couverture d&rsquo;assurance que la police sous-jacente.<\/p>\n<p>La police D&amp;O Side A DIC porte essentiellement sur trois \u00e9l\u00e9ments importants :<\/p>\n<p>1) elle offre une <strong>capacit\u00e9 d&rsquo;assurance suppl\u00e9mentaire<\/strong> (capacit\u00e9 exc\u00e9dentaire) pour les sinistres pour lesquels la personne assur\u00e9e ne b\u00e9n\u00e9ficie pas d&rsquo;une indemnisation de la part de l&rsquo;entreprise.<\/p>\n<p>2) elle <strong>comble les lacunes de couverture<\/strong> de la police d&rsquo;assurance D&amp;O de l&rsquo;entreprise (drop down) si l&rsquo;assureur perdant refuse les prestations qui sont couvertes en vertu de la police D&amp;O Side A ou en cas de faillite.<\/p>\n<p>3) Souvent, elle <strong>n&rsquo;inclut pas d&rsquo;exclusions importantes<\/strong> de la police sous-jacente, comme les r\u00e9clamations internes (assur\u00e9 contre assur\u00e9 \/ IvI).<\/p>\n<p>Un tel filet de s\u00e9curit\u00e9 suppl\u00e9mentaire peut souvent s&rsquo;av\u00e9rer crucial \u00e0 une entreprise pour attirer des organes dirigeants qualifi\u00e9s.<\/p>","protected":false},"excerpt":{"rendered":"<p>La police D&amp;O Side A DIC est un contrat compl\u00e9mentaire \u00e0 la soci\u00e9t\u00e9 D&amp;O &#8211; elle\u00a0couvre \u00e9galement les pertes financi\u00e8res et \u00e9tend la protection de la personne assur\u00e9e et est souvent mal comprise dans la pratique. L&rsquo;assurance D&amp;O Side A DIC est une assurance D&amp;O qui ne couvre que les r\u00e9clamations contre la personne assur\u00e9e [&hellip;]<\/p>\n","protected":false},"featured_media":1317,"template":"","meta":[],"product_cat":[17],"product_tag":[],"class_list":{"0":"post-442","1":"product","2":"type-product","3":"status-publish","4":"has-post-thumbnail","6":"product_cat-management-haftung","8":"first","9":"instock","10":"virtual","11":"product-type-simple"},"_links":{"self":[{"href":"https:\/\/hsfl.ch\/fr\/wp-json\/wp\/v2\/product\/442"}],"collection":[{"href":"https:\/\/hsfl.ch\/fr\/wp-json\/wp\/v2\/product"}],"about":[{"href":"https:\/\/hsfl.ch\/fr\/wp-json\/wp\/v2\/types\/product"}],"wp:featuredmedia":[{"embeddable":true,"href":"https:\/\/hsfl.ch\/fr\/wp-json\/wp\/v2\/media\/1317"}],"wp:attachment":[{"href":"https:\/\/hsfl.ch\/fr\/wp-json\/wp\/v2\/media?parent=442"}],"wp:term":[{"taxonomy":"product_cat","embeddable":true,"href":"https:\/\/hsfl.ch\/fr\/wp-json\/wp\/v2\/product_cat?post=442"},{"taxonomy":"product_tag","embeddable":true,"href":"https:\/\/hsfl.ch\/fr\/wp-json\/wp\/v2\/product_tag?post=442"}],"curies":[{"name":"wp","href":"https:\/\/api.w.org\/{rel}","templated":true}]}}