{"id":443,"date":"2018-03-27T14:28:08","date_gmt":"2018-03-27T12:28:08","guid":{"rendered":"https:\/\/hsfl.ch\/?post_type=product&#038;p=443"},"modified":"2018-05-20T14:50:17","modified_gmt":"2018-05-20T12:50:17","slug":"crime","status":"publish","type":"product","link":"https:\/\/hsfl.ch\/fr\/produkt\/crime\/","title":{"rendered":"Crime"},"content":{"rendered":"<p><strong>Crime &#8211; l&rsquo;assurance contre les abus de confiance\u00a0 d\u00e9tournement fait partie des garanties dites \u00ab\u00a0named perils\u00a0\u00bb et, en fonction du segment \u00e9conomique et de la composante de couverture, poss\u00e8de des d\u00e9signations alternatives: \u00ab\u00a0Assurance fraude\u00a0\u00bb, \u00ab\u00a0Banker&rsquo;s Blanket Bond\u00a0\u00bb pour les banques ou \u00ab\u00a0FI-Crime\u00a0\u00bb pour le secteur financier particuli\u00e8rement expos\u00e9 et remplace les pertes financi\u00e8res caus\u00e9es \u00e0 l&rsquo;entreprise assur\u00e9e principalement par ses propres employ\u00e9s (dites \u00ab\u00a0personnes de confiance\u00a0\u00bb) intentionnellement par des actions non autoris\u00e9es.<\/strong><\/p>\n<p>Il s&rsquo;agit notamment du d\u00e9tournement de fonds, du vol, de la fraude, de la falsification de documents, de la fraude informatique et d&rsquo;autres d\u00e9tournements. Sont consid\u00e9r\u00e9s comme des tiers de confiance tous les employ\u00e9s, y compris les employ\u00e9s temporaires et les stagiaires, les g\u00e9rants, les membres du conseil d&rsquo;administration, les employ\u00e9s temporaires et les personnes occupant des postes similaires dans l&rsquo;entreprise assur\u00e9e (p. ex. personnel de s\u00e9curit\u00e9, d&rsquo;entretien et de nettoyage).<\/p>\n<p>Au fil du temps, des extensions de l&rsquo;assurance contre les d\u00e9tournements ont \u00e9galement \u00e9t\u00e9 propos\u00e9es, ce qui a permis d&rsquo;\u00e9tendre le cercle des coupables \u00e0 des tiers. Bien qu&rsquo;elle soit disponible depuis longtemps, notamment dans le cadre de son volet \u00ab\u00a0Computer Crime Insurance\u00a0\u00bb (ECC), elle a \u00e9galement \u00e9t\u00e9 propos\u00e9e sur certains march\u00e9s dans le cadre de l&rsquo;approche \u00ab\u00a0All Risk\u00a0\u00bb.<\/p>\n<p>Les nouvelles technologies, mais aussi l&rsquo;inventivit\u00e9 tir\u00e9e par l&rsquo;\u00e9nergie criminelle, ont amen\u00e9 ces derni\u00e8res ann\u00e9es de nouvelles type des sinistres \u00e0 l&rsquo;Assurance Crime; en particulier les cas dites \u00ab\u00a0Fake President\u00a0\u00bb, dans lesquelles les auteurs (pour la plupart externes) ont pi\u00e9g\u00e9 et tromp\u00e9 les employ\u00e9s pour qu&rsquo;ils effectuent des transferts vers des comptes bancaires externes en pr\u00e9tendant qu&rsquo;ils appartenaient \u00e0 la direction de l&rsquo;entreprise. La diffusion des services bancaires en ligne et du commerce \u00e9lectronique a \u00e9galement contribu\u00e9 \u00e0 une augmentation significative des cas de fraude soumis aux assureurs au cas par cas.<\/p>\n<p>L&rsquo;Assurance Crime peut jouer un r\u00f4le extr\u00eamement important, en fonction du segment et de la structure de l&rsquo;entreprise \/ groupe. Elle peut \u00eatre un compl\u00e9ment judicieux au portefeuille gr\u00e2ce \u00e0 une combinaison harmonieuse avec d&rsquo;autres produits FL et \u00e0 l&rsquo;accord d&rsquo;une franchise appropri\u00e9e.<\/p>","protected":false},"excerpt":{"rendered":"<p>Crime &#8211; l&rsquo;assurance contre les abus de confiance\u00a0 d\u00e9tournement fait partie des garanties dites \u00ab\u00a0named perils\u00a0\u00bb et, en fonction du segment \u00e9conomique et de la composante de couverture, poss\u00e8de des d\u00e9signations alternatives: \u00ab\u00a0Assurance fraude\u00a0\u00bb, \u00ab\u00a0Banker&rsquo;s Blanket Bond\u00a0\u00bb pour les banques ou \u00ab\u00a0FI-Crime\u00a0\u00bb pour le secteur financier particuli\u00e8rement expos\u00e9 et remplace les pertes financi\u00e8res caus\u00e9es \u00e0 [&hellip;]<\/p>\n","protected":false},"featured_media":1316,"template":"","meta":[],"product_cat":[26],"product_tag":[],"class_list":{"0":"post-443","1":"product","2":"type-product","3":"status-publish","4":"has-post-thumbnail","6":"product_cat-eigenschaden-deckungen","8":"first","9":"instock","10":"virtual","11":"product-type-simple"},"_links":{"self":[{"href":"https:\/\/hsfl.ch\/fr\/wp-json\/wp\/v2\/product\/443"}],"collection":[{"href":"https:\/\/hsfl.ch\/fr\/wp-json\/wp\/v2\/product"}],"about":[{"href":"https:\/\/hsfl.ch\/fr\/wp-json\/wp\/v2\/types\/product"}],"wp:featuredmedia":[{"embeddable":true,"href":"https:\/\/hsfl.ch\/fr\/wp-json\/wp\/v2\/media\/1316"}],"wp:attachment":[{"href":"https:\/\/hsfl.ch\/fr\/wp-json\/wp\/v2\/media?parent=443"}],"wp:term":[{"taxonomy":"product_cat","embeddable":true,"href":"https:\/\/hsfl.ch\/fr\/wp-json\/wp\/v2\/product_cat?post=443"},{"taxonomy":"product_tag","embeddable":true,"href":"https:\/\/hsfl.ch\/fr\/wp-json\/wp\/v2\/product_tag?post=443"}],"curies":[{"name":"wp","href":"https:\/\/api.w.org\/{rel}","templated":true}]}}