{"id":445,"date":"2018-03-27T14:28:47","date_gmt":"2018-03-27T12:28:47","guid":{"rendered":"https:\/\/hsfl.ch\/?post_type=product&#038;p=445"},"modified":"2018-05-29T18:26:51","modified_gmt":"2018-05-29T16:26:51","slug":"epli-2","status":"publish","type":"product","link":"https:\/\/hsfl.ch\/fr\/produkt\/epli-2\/","title":{"rendered":"EPLI"},"content":{"rendered":"<p><strong>Les entreprises internationales, qui sont \u00e9galement actives aux \u00c9tats-Unis, en Grande-Bretagne ou en Australie, sont de plus en plus souvent confront\u00e9es \u00e0 des demandes d&rsquo;indemnisation dans le cadre de la relation employeur-employ\u00e9. L&rsquo;harmonisation juridique au sein de l&rsquo;Union europ\u00e9enne &#8211; et en Allemagne en particulier par le biais de la loi g\u00e9n\u00e9rale sur l&rsquo;\u00e9galit\u00e9 de traitement (AGG) &#8211; a \u00e9galement accru ce risque. Outre la Constitution f\u00e9d\u00e9rale, le Code suisse des obligations et la Loi sur l&rsquo;\u00e9galit\u00e9 des chances (LGE), la Loi sur le travail (LST) avec des dispositions relatives aux p\u00e9riodes de travail et de repos et \u00e0 la protection de la sant\u00e9 constitue la base de la protection des travailleurs en Suisse. Les cinq ordonnances et les directives correspondantes accompagnent la mise en \u0153uvre de l&rsquo;ArG.<\/strong><\/p>\n<p>La police EPLI couvre les risques de responsabilit\u00e9 d\u00e9coulant de pratiques professionnelles ill\u00e9gales, telles que la discrimination fond\u00e9e sur l&rsquo;origine, la couleur, le sexe, la religion, etc., le refus de promotion, la r\u00e9trogradation injustifi\u00e9e, les mutations, les mesures disciplinaires, les erreurs de jugement, le harc\u00e8lement sexuel sur le lieu de travail ou le licenciement injustifi\u00e9. Outre la couverture d&rsquo;assurance, certains assureurs soutiennent \u00e9galement la gestion pr\u00e9ventive des risques en fournissant des conseils en coop\u00e9ration avec des cabinets d&rsquo;avocats sp\u00e9cialis\u00e9s.<\/p>\n<p>Bien que le risque d&rsquo;\u00eatre poursuivi en tant qu&#8217;employeur \u00e0 la suite de poursuites judiciaires de l&rsquo;EPLI demeure beaucoup plus \u00e9lev\u00e9 aux \u00c9tats-Unis que dans la plupart des pays, la sensibilisation aux obligations de l&#8217;employeur de prot\u00e9ger ses employ\u00e9s et de traiter \u00e9quitablement les candidats \u00e0 un emploi s&rsquo;est accrue au cours des derni\u00e8res ann\u00e9es et, avec elle, la pertinence et la demande de polices EPLI.<\/p>","protected":false},"excerpt":{"rendered":"<p>Les entreprises internationales, qui sont \u00e9galement actives aux \u00c9tats-Unis, en Grande-Bretagne ou en Australie, sont de plus en plus souvent confront\u00e9es \u00e0 des demandes d&rsquo;indemnisation dans le cadre de la relation employeur-employ\u00e9. L&rsquo;harmonisation juridique au sein de l&rsquo;Union europ\u00e9enne &#8211; et en Allemagne en particulier par le biais de la loi g\u00e9n\u00e9rale sur l&rsquo;\u00e9galit\u00e9 de [&hellip;]<\/p>\n","protected":false},"featured_media":1317,"template":"","meta":[],"product_cat":[17],"product_tag":[],"class_list":{"0":"post-445","1":"product","2":"type-product","3":"status-publish","4":"has-post-thumbnail","6":"product_cat-management-haftung","8":"first","9":"instock","10":"virtual","11":"product-type-simple"},"_links":{"self":[{"href":"https:\/\/hsfl.ch\/fr\/wp-json\/wp\/v2\/product\/445"}],"collection":[{"href":"https:\/\/hsfl.ch\/fr\/wp-json\/wp\/v2\/product"}],"about":[{"href":"https:\/\/hsfl.ch\/fr\/wp-json\/wp\/v2\/types\/product"}],"wp:featuredmedia":[{"embeddable":true,"href":"https:\/\/hsfl.ch\/fr\/wp-json\/wp\/v2\/media\/1317"}],"wp:attachment":[{"href":"https:\/\/hsfl.ch\/fr\/wp-json\/wp\/v2\/media?parent=445"}],"wp:term":[{"taxonomy":"product_cat","embeddable":true,"href":"https:\/\/hsfl.ch\/fr\/wp-json\/wp\/v2\/product_cat?post=445"},{"taxonomy":"product_tag","embeddable":true,"href":"https:\/\/hsfl.ch\/fr\/wp-json\/wp\/v2\/product_tag?post=445"}],"curies":[{"name":"wp","href":"https:\/\/api.w.org\/{rel}","templated":true}]}}