{"id":446,"date":"2018-03-27T14:29:04","date_gmt":"2018-03-27T12:29:04","guid":{"rendered":"https:\/\/hsfl.ch\/?post_type=product&#038;p=446"},"modified":"2018-05-20T14:49:45","modified_gmt":"2018-05-20T12:49:45","slug":"cyber","status":"publish","type":"product","link":"https:\/\/hsfl.ch\/fr\/produkt\/cyber\/","title":{"rendered":"Cyber"},"content":{"rendered":"<p><strong>L&rsquo;Assurance Cyber prot\u00e8ge les entreprises contre les cons\u00e9quences d&rsquo;un piratage informatique, mais offre \u00e9galement une protection contre les dommages caus\u00e9s directement par une atteinte au syst\u00e8me informatique, qu&rsquo;il s&rsquo;agisse d&rsquo;assurance de premiere ligne ou de dommages \u00e0 des tiers. Par exemple, elle verse la compensation convenue si une cyberattaque paralyse compl\u00e8tement ou partiellement les activit\u00e9s commerciales d&rsquo;une entreprise.<\/strong><\/p>\n<p>Cependant, l&rsquo;Assurance Cyber peut \u00eatre plus qu&rsquo;une simple assurance de biens : Elle offre des services importants pour limiter les effets d&rsquo;une attaque et parce que les droits informationnels ou personnels de tiers pourraient \u00e9galement \u00eatre affect\u00e9s. Ceci est particuli\u00e8rement important pour les entreprises qui n&rsquo;ont pas les moyens de disposer d&rsquo;un d\u00e9partement de service permanent pour r\u00e9agir rapidement et efficacement en cas d&rsquo;urgence.<\/p>\n<p>Les l\u00e9gislateurs ont depuis longtemps reconnu les dangers potentiels d&rsquo;une num\u00e9risation rapide et ont r\u00e9guli\u00e8rement renouvel\u00e9 et r\u00e9agi au progr\u00e8s technique et \u00e0 l&rsquo;\u00e9volution de l&rsquo;\u00e9conomie par des r\u00e8glements et des lois \u00e0 mesure que les volumes de donn\u00e9es augmentent dans tous les secteurs de l&rsquo;industrie et des services. Fin mai 2018, le RGPD (R\u00e9glementation G\u00e9n\u00e9rale sur la Protection des Donn\u00e9es), dont l&rsquo;objectif premier est de prot\u00e9ger les donn\u00e9es personnelles des citoyens de l&rsquo;UE, entrera en vigueur au niveau de l&rsquo;UE, mais \u00e9tablira \u00e9galement un cadre r\u00e9glementaire pour les entreprises dont l&rsquo;activit\u00e9 principale est le trafic de donn\u00e9es, comme Google, Facebook et Amazon, qui ont leur si\u00e8ge aux \u00c9tats-Unis. Jusqu&rsquo;\u00e0 4 % du chiffre d&rsquo;affaires annuel ou jusqu&rsquo;\u00e0 20 millions d&rsquo;euros d&rsquo;amendes constituent une menace existentielle pour les entreprises en cas de violations graves.<\/p>\n<p>La Suisse devrait bient\u00f4t se conformer pleinement \u00e0 la RGPD de l&rsquo;UE et remplacera la loi sur la protection des donn\u00e9es (DSG), qui date de 1992 dans sa version originale et a \u00e9t\u00e9 modifi\u00e9e pour la derni\u00e8re fois en 2014, dans le cadre d&rsquo;une r\u00e9vision compl\u00e8te.<\/p>\n<p>La gamme de produits de l&rsquo;Assurance Cyber est la plus in\u00e9gale parmi les produits de Financial Lines. Les produits propos\u00e9s vont de l&rsquo;assurance de la responsabilit\u00e9 civile et de l&rsquo;assurance des dommages propres, de l&rsquo;assurance des co\u00fbts \u00e0 la couverture des pertes d&rsquo;exploitation et \u00e0 la prise en charge des amendes et des p\u00e9nalit\u00e9s. Les assureurs n&rsquo;offrent pas encore un uniforme standard au niveau du produit cybern\u00e9tique et sont strat\u00e9giquement positionn\u00e9s tr\u00e8s diff\u00e9remment. Le cycle de produit est ici tr\u00e8s court. On s&rsquo;attend g\u00e9n\u00e9ralement \u00e0 ce que la l&rsquo;Assurance Cyber fasse partie du portefeuille standard d&rsquo;une entreprise dans 5 \u00e0 10 ans au plus tard.<\/p>","protected":false},"excerpt":{"rendered":"<p>L&rsquo;Assurance Cyber prot\u00e8ge les entreprises contre les cons\u00e9quences d&rsquo;un piratage informatique, mais offre \u00e9galement une protection contre les dommages caus\u00e9s directement par une atteinte au syst\u00e8me informatique, qu&rsquo;il s&rsquo;agisse d&rsquo;assurance de premiere ligne ou de dommages \u00e0 des tiers. Par exemple, elle verse la compensation convenue si une cyberattaque paralyse compl\u00e8tement ou partiellement les activit\u00e9s [&hellip;]<\/p>\n","protected":false},"featured_media":1316,"template":"","meta":[],"product_cat":[26],"product_tag":[],"class_list":{"0":"post-446","1":"product","2":"type-product","3":"status-publish","4":"has-post-thumbnail","6":"product_cat-eigenschaden-deckungen","8":"first","9":"instock","10":"virtual","11":"product-type-simple"},"_links":{"self":[{"href":"https:\/\/hsfl.ch\/fr\/wp-json\/wp\/v2\/product\/446"}],"collection":[{"href":"https:\/\/hsfl.ch\/fr\/wp-json\/wp\/v2\/product"}],"about":[{"href":"https:\/\/hsfl.ch\/fr\/wp-json\/wp\/v2\/types\/product"}],"wp:featuredmedia":[{"embeddable":true,"href":"https:\/\/hsfl.ch\/fr\/wp-json\/wp\/v2\/media\/1316"}],"wp:attachment":[{"href":"https:\/\/hsfl.ch\/fr\/wp-json\/wp\/v2\/media?parent=446"}],"wp:term":[{"taxonomy":"product_cat","embeddable":true,"href":"https:\/\/hsfl.ch\/fr\/wp-json\/wp\/v2\/product_cat?post=446"},{"taxonomy":"product_tag","embeddable":true,"href":"https:\/\/hsfl.ch\/fr\/wp-json\/wp\/v2\/product_tag?post=446"}],"curies":[{"name":"wp","href":"https:\/\/api.w.org\/{rel}","templated":true}]}}