{"id":447,"date":"2018-03-27T14:29:21","date_gmt":"2018-03-27T12:29:21","guid":{"rendered":"https:\/\/hsfl.ch\/?post_type=product&#038;p=447"},"modified":"2018-05-20T14:49:27","modified_gmt":"2018-05-20T12:49:27","slug":"kre","status":"publish","type":"product","link":"https:\/\/hsfl.ch\/fr\/produkt\/kre\/","title":{"rendered":"KR&#038;E"},"content":{"rendered":"<p><strong>Kidnap, Ransom &amp; Extortion (KR&amp;E) Insurance est une assurance enl\u00e8vement, extorsion et ran\u00e7on &#8211; elle fournit une aide professionnelle rapide en cas de crise et prot\u00e8ge contre les risques financiers. Elle permet \u00e0 la personne assur\u00e9e d&rsquo;avoir acc\u00e8s \u00e0 un conseiller en cas de crise qui prendra les mesures n\u00e9cessaires si n\u00e9cessaire. Il s&rsquo;agit notamment d&rsquo;analyser la situation et de fournir des conseils sur place, d&rsquo;\u00e9laborer des options strat\u00e9giques et d&rsquo;\u00e9tablir les canaux de communication n\u00e9cessaires.<\/strong><\/p>\n<p>Le consultant en cas de crise soutient \u00e9galement la coop\u00e9ration avec les autorit\u00e9s locales et nationales et les m\u00e9dias. Enfin, il y a de l&rsquo;aide pour s&rsquo;occuper de la famille et des proches pendant la crise et pour la r\u00e9habilitation de la victime.<\/p>\n<p>Outre les frais de conseil en cas de crise, l&rsquo;assurance Kidnap &amp; Ransom comprend \u00e9galement le paiement d&rsquo;une ran\u00e7on. Toutefois, les autres frais li\u00e9s \u00e0 un \u00e9v\u00e9nement assur\u00e9 sont \u00e9galement rembours\u00e9s. Il s&rsquo;agit notamment des frais de d\u00e9placement, des frais de conseils juridiques ou d&rsquo;informateurs, des frais de r\u00e9tablissement et de r\u00e9adaptation et des indemnit\u00e9s pour blessures corporelles. Certains concepts de couverture assurent les co\u00fbts du consultant en cas de crise en plus de la somme d&rsquo;assurance choisie.<\/p>\n<p>Les polices KR&amp;E sont achet\u00e9es par les entreprises et aussi par les particuliers (souvent sous forme de polices familiales). Par exemple, les codes sont souvent utilis\u00e9s au lieu de noms clairs et seul un nombre limit\u00e9 de personnes ont acc\u00e8s aux dossiers de police de l&rsquo;assureur. Les sommes assur\u00e9es sont relativement \u00e9lev\u00e9es, notamment par rapport aux primes pay\u00e9es. Ces politiques sont pertinentes pour les entreprises op\u00e9rant \u00e0 l&rsquo;\u00e9chelle internationale dans des zones particuli\u00e8rement menac\u00e9es, les familles fortun\u00e9es et les personnalit\u00e9s publiques.<\/p>","protected":false},"excerpt":{"rendered":"<p>Kidnap, Ransom &amp; Extortion (KR&amp;E) Insurance est une assurance enl\u00e8vement, extorsion et ran\u00e7on &#8211; elle fournit une aide professionnelle rapide en cas de crise et prot\u00e8ge contre les risques financiers. Elle permet \u00e0 la personne assur\u00e9e d&rsquo;avoir acc\u00e8s \u00e0 un conseiller en cas de crise qui prendra les mesures n\u00e9cessaires si n\u00e9cessaire. Il s&rsquo;agit notamment [&hellip;]<\/p>\n","protected":false},"featured_media":1316,"template":"","meta":[],"product_cat":[26],"product_tag":[],"class_list":{"0":"post-447","1":"product","2":"type-product","3":"status-publish","4":"has-post-thumbnail","6":"product_cat-eigenschaden-deckungen","8":"first","9":"instock","10":"virtual","11":"product-type-simple"},"_links":{"self":[{"href":"https:\/\/hsfl.ch\/fr\/wp-json\/wp\/v2\/product\/447"}],"collection":[{"href":"https:\/\/hsfl.ch\/fr\/wp-json\/wp\/v2\/product"}],"about":[{"href":"https:\/\/hsfl.ch\/fr\/wp-json\/wp\/v2\/types\/product"}],"wp:featuredmedia":[{"embeddable":true,"href":"https:\/\/hsfl.ch\/fr\/wp-json\/wp\/v2\/media\/1316"}],"wp:attachment":[{"href":"https:\/\/hsfl.ch\/fr\/wp-json\/wp\/v2\/media?parent=447"}],"wp:term":[{"taxonomy":"product_cat","embeddable":true,"href":"https:\/\/hsfl.ch\/fr\/wp-json\/wp\/v2\/product_cat?post=447"},{"taxonomy":"product_tag","embeddable":true,"href":"https:\/\/hsfl.ch\/fr\/wp-json\/wp\/v2\/product_tag?post=447"}],"curies":[{"name":"wp","href":"https:\/\/api.w.org\/{rel}","templated":true}]}}