{"id":448,"date":"2018-03-27T14:29:39","date_gmt":"2018-03-27T12:29:39","guid":{"rendered":"https:\/\/hsfl.ch\/?post_type=product&#038;p=448"},"modified":"2018-05-20T14:49:11","modified_gmt":"2018-05-20T12:49:11","slug":"keyman","status":"publish","type":"product","link":"https:\/\/hsfl.ch\/fr\/produkt\/keyman\/","title":{"rendered":"Keyman"},"content":{"rendered":"<p><strong>Une assurance Keyman couvre la perte d&rsquo;une personne cl\u00e9 qui apporte une contribution significative au succ\u00e8s d&rsquo;une entreprise.<\/strong><\/p>\n<p>Que se passe-t-il si l&#8217;employ\u00e9 le plus important n&rsquo;est soudainement plus disponible ? L&rsquo;assurance Keyman est une police d&rsquo;assurance vie qui prot\u00e8ge une entreprise ou une institution contre les cons\u00e9quences du d\u00e9c\u00e8s d&rsquo;une personne dite cl\u00e9.<\/p>\n<p>L&rsquo;assurance Keyman est une police d&rsquo;assurance vie standard qui est souscrite pour la succession d&rsquo;entreprise ou la protection de l&rsquo;entreprise. Les entreprises emploient ou sont souvent g\u00e9r\u00e9es par une personne cl\u00e9 qui est responsable de la majorit\u00e9 des profits ou qui poss\u00e8de une qualification unique et difficile \u00e0 remplacer (p. ex. la propri\u00e9t\u00e9 intellectuelle) qui est essentielle au succ\u00e8s d&rsquo;une organisation. Une entreprise peut souscrire une police d&rsquo;assurance Keyman pour la vie ou la sant\u00e9 de tout employ\u00e9 dont les connaissances, le travail ou la contribution totale sont consid\u00e9r\u00e9s comme extr\u00eamement pr\u00e9cieux pour l&rsquo;entreprise. L&#8217;employeur le fait pour couvrir les co\u00fbts (comme l&#8217;embauche de personnel temporaire ou le recrutement d&rsquo;un successeur) et les pertes (comme la perte temporaire de profits de l&rsquo;entreprise jusqu&rsquo;\u00e0 ce que les successeurs soient suffisamment form\u00e9s et pr\u00e9par\u00e9s \u00e0 prendre la rel\u00e8ve) que l&#8217;employeur peut encourir si une personne cl\u00e9 est perdue.<\/p>\n<p>Les investisseurs sont souvent amen\u00e9s \u00e0 constater que le succ\u00e8s d&rsquo;une entreprise d\u00e9pend dans une large mesure d&rsquo;une seule personne cl\u00e9.<\/p>","protected":false},"excerpt":{"rendered":"<p>Une assurance Keyman couvre la perte d&rsquo;une personne cl\u00e9 qui apporte une contribution significative au succ\u00e8s d&rsquo;une entreprise. Que se passe-t-il si l&#8217;employ\u00e9 le plus important n&rsquo;est soudainement plus disponible ? L&rsquo;assurance Keyman est une police d&rsquo;assurance vie qui prot\u00e8ge une entreprise ou une institution contre les cons\u00e9quences du d\u00e9c\u00e8s d&rsquo;une personne dite cl\u00e9. L&rsquo;assurance [&hellip;]<\/p>\n","protected":false},"featured_media":1316,"template":"","meta":[],"product_cat":[26],"product_tag":[],"class_list":{"0":"post-448","1":"product","2":"type-product","3":"status-publish","4":"has-post-thumbnail","6":"product_cat-eigenschaden-deckungen","8":"first","9":"instock","10":"virtual","11":"product-type-simple"},"_links":{"self":[{"href":"https:\/\/hsfl.ch\/fr\/wp-json\/wp\/v2\/product\/448"}],"collection":[{"href":"https:\/\/hsfl.ch\/fr\/wp-json\/wp\/v2\/product"}],"about":[{"href":"https:\/\/hsfl.ch\/fr\/wp-json\/wp\/v2\/types\/product"}],"wp:featuredmedia":[{"embeddable":true,"href":"https:\/\/hsfl.ch\/fr\/wp-json\/wp\/v2\/media\/1316"}],"wp:attachment":[{"href":"https:\/\/hsfl.ch\/fr\/wp-json\/wp\/v2\/media?parent=448"}],"wp:term":[{"taxonomy":"product_cat","embeddable":true,"href":"https:\/\/hsfl.ch\/fr\/wp-json\/wp\/v2\/product_cat?post=448"},{"taxonomy":"product_tag","embeddable":true,"href":"https:\/\/hsfl.ch\/fr\/wp-json\/wp\/v2\/product_tag?post=448"}],"curies":[{"name":"wp","href":"https:\/\/api.w.org\/{rel}","templated":true}]}}