{"id":449,"date":"2018-03-27T14:30:01","date_gmt":"2018-03-27T12:30:01","guid":{"rendered":"https:\/\/hsfl.ch\/?post_type=product&#038;p=449"},"modified":"2018-05-20T14:48:57","modified_gmt":"2018-05-20T12:48:57","slug":"commercial-pi","status":"publish","type":"product","link":"https:\/\/hsfl.ch\/fr\/produkt\/commercial-pi\/","title":{"rendered":"Commercial PI"},"content":{"rendered":"<p><strong>L&rsquo;assurance responsabilit\u00e9 civile professionnelle couvre les pertes financi\u00e8res de certains groupes professionnels r\u00e9sultant de conseils incorrects \u00e0 des tiers, g\u00e9n\u00e9ralement des clients.<\/strong><\/p>\n<p>En plus de l&rsquo;assurance responsabilit\u00e9 professionnelle, on parle \u00e9galement de polices d&rsquo;assurance Responsabilit\u00e9 Civile Professionnelle (Professional Indemnity) ou de polices d&rsquo;Assurance \u00ab\u00a0Errors &amp; Omissions\u00a0\u00bb.<\/p>\n<p>En fonction de leur travail, le consultant est expos\u00e9 \u00e0 une grande vari\u00e9t\u00e9 de risques. Financial Lines offre des solutions d&rsquo;assurance responsabilit\u00e9 professionnelle adapt\u00e9es aux besoins des groupes professionnels suivants :<\/p>\n<ul>\n<li>Architectes et ing\u00e9nieurs (PI A&amp;E)<\/li>\n<li>Consultant en gestion (PI Consultant)<\/li>\n<li>Avocats, notaires ou conseillers juridiques sans admission au Barreau (PI Avocat)<\/li>\n<li>Courtier d&rsquo;assurance (Courtier PI)<\/li>\n<li>Fiduciaire (Fiduciaire PI)<\/li>\n<li>et autres<\/li>\n<\/ul>\n<p>Financial Lines n&rsquo;inclut pas d&rsquo;assurance responsabilit\u00e9 professionnelle pour le personnel m\u00e9dical.<\/p>\n<p>La couverture d&rsquo;assurance pour l&rsquo;assurance responsabilit\u00e9 civile professionnelle se r\u00e9f\u00e8re \u00e0 la responsabilit\u00e9 civile l\u00e9gale et est sp\u00e9cifi\u00e9e et adapt\u00e9e \u00e0 la personne assur\u00e9e sur la base de facteurs de risque particuliers tels que l&rsquo;activit\u00e9 professionnelle et les ventes g\u00e9n\u00e9r\u00e9es. Les produits de la plupart des fournisseurs sont bas\u00e9s sur une partie g\u00e9n\u00e9rale (CGA) et des conditions sp\u00e9ciales, qui tiennent compte des sp\u00e9cificit\u00e9s des groupes professionnels susmentionn\u00e9s. D&rsquo;autres risques peuvent \u00eatre inclus dans la couverture d&rsquo;une mani\u00e8re standardis\u00e9e &#8211; la responsabilit\u00e9 civile est tr\u00e8s r\u00e9pandue, par exemple.<\/p>\n<p>Sauf convention contraire, tous les employ\u00e9s de l&rsquo;entreprise sont \u00e9galement assur\u00e9s.<\/p>\n<p>L&rsquo;assurance responsabilit\u00e9 civile professionnelle est une couverture importante et r\u00e9pandue en Suisse. Pour certains groupes professionnels, il existe m\u00eame une obligation d&rsquo;assurance, comme pour les interm\u00e9diaires d&rsquo;assurance ind\u00e9pendants (art. 43 al. 1 LSA) ou les avocats (art. 12 al. f BGFA).<\/p>","protected":false},"excerpt":{"rendered":"<p>L&rsquo;assurance responsabilit\u00e9 civile professionnelle couvre les pertes financi\u00e8res de certains groupes professionnels r\u00e9sultant de conseils incorrects \u00e0 des tiers, g\u00e9n\u00e9ralement des clients. En plus de l&rsquo;assurance responsabilit\u00e9 professionnelle, on parle \u00e9galement de polices d&rsquo;assurance Responsabilit\u00e9 Civile Professionnelle (Professional Indemnity) ou de polices d&rsquo;Assurance \u00ab\u00a0Errors &amp; Omissions\u00a0\u00bb. En fonction de leur travail, le consultant est expos\u00e9 [&hellip;]<\/p>\n","protected":false},"featured_media":1319,"template":"","meta":[],"product_cat":[27],"product_tag":[],"class_list":{"0":"post-449","1":"product","2":"type-product","3":"status-publish","4":"has-post-thumbnail","6":"product_cat-berufshaftung","8":"first","9":"instock","10":"virtual","11":"product-type-simple"},"_links":{"self":[{"href":"https:\/\/hsfl.ch\/fr\/wp-json\/wp\/v2\/product\/449"}],"collection":[{"href":"https:\/\/hsfl.ch\/fr\/wp-json\/wp\/v2\/product"}],"about":[{"href":"https:\/\/hsfl.ch\/fr\/wp-json\/wp\/v2\/types\/product"}],"wp:featuredmedia":[{"embeddable":true,"href":"https:\/\/hsfl.ch\/fr\/wp-json\/wp\/v2\/media\/1319"}],"wp:attachment":[{"href":"https:\/\/hsfl.ch\/fr\/wp-json\/wp\/v2\/media?parent=449"}],"wp:term":[{"taxonomy":"product_cat","embeddable":true,"href":"https:\/\/hsfl.ch\/fr\/wp-json\/wp\/v2\/product_cat?post=449"},{"taxonomy":"product_tag","embeddable":true,"href":"https:\/\/hsfl.ch\/fr\/wp-json\/wp\/v2\/product_tag?post=449"}],"curies":[{"name":"wp","href":"https:\/\/api.w.org\/{rel}","templated":true}]}}