{"id":450,"date":"2018-03-27T14:30:26","date_gmt":"2018-03-27T12:30:26","guid":{"rendered":"https:\/\/hsfl.ch\/?post_type=product&#038;p=450"},"modified":"2018-05-20T14:48:43","modified_gmt":"2018-05-20T12:48:43","slug":"fi-pi","status":"publish","type":"product","link":"https:\/\/hsfl.ch\/fr\/produkt\/fi-pi\/","title":{"rendered":"FI PI"},"content":{"rendered":"<p><strong>L&rsquo;assurance Responsabilit\u00e9 Civile Professionnelle des Institutions Financi\u00e8res (FIPI) prot\u00e8ge les capitaux propres de l&rsquo;entreprise. Elle prend en charge les frais de d\u00e9fense et d&rsquo;indemnisation dans le cas o\u00f9 l&rsquo;entreprise est l\u00e9galement responsable envers un tiers, g\u00e9n\u00e9ralement un client en raison d&rsquo;une erreur de conseil ou de service.<\/strong><\/p>\n<p>La prestation d&rsquo;assurance comprend les frais de d\u00e9fense pour les demandes non fond\u00e9es et les paiements pour les demandes justifi\u00e9es de dommages-int\u00e9r\u00eats. En tant qu&rsquo;instrument de gestion des risques, la politique du FIPI garantit le r\u00e9sultat de l&rsquo;institution financi\u00e8re.<\/p>\n<p>En particulier depuis la crise financi\u00e8re, le FIPI est devenu un outil important pour les banques afin de couvrir les plaintes de leurs clients r\u00e9sultant de conseils incorrects. Une police FIPI est disponible sur le march\u00e9 seul ou en conjonction avec d&rsquo;autres produits tels que Crime ou D&amp;O; le type d&rsquo;institution financi\u00e8re est le facteur le plus important ici.<\/p>\n<p>Il faut des conseils sur la port\u00e9e des extensions de couverture standard, o\u00f9 l&rsquo;exp\u00e9rience a montr\u00e9 que les points de vue diff\u00e8rent selon les compagnies d&rsquo;assurance &#8211; par exemple, la port\u00e9e de la couverture des Mitigation coists, o\u00f9 les paiements pour les erreurs op\u00e9rationnelles sont couverts en fonction des conditions, ou seulement les co\u00fbts des conseils et de la communication. Ici, cela d\u00e9pend de la structuration claire du texte de la police.<\/p>","protected":false},"excerpt":{"rendered":"<p>L&rsquo;assurance Responsabilit\u00e9 Civile Professionnelle des Institutions Financi\u00e8res (FIPI) prot\u00e8ge les capitaux propres de l&rsquo;entreprise. Elle prend en charge les frais de d\u00e9fense et d&rsquo;indemnisation dans le cas o\u00f9 l&rsquo;entreprise est l\u00e9galement responsable envers un tiers, g\u00e9n\u00e9ralement un client en raison d&rsquo;une erreur de conseil ou de service. La prestation d&rsquo;assurance comprend les frais de d\u00e9fense [&hellip;]<\/p>\n","protected":false},"featured_media":1319,"template":"","meta":[],"product_cat":[27],"product_tag":[],"class_list":{"0":"post-450","1":"product","2":"type-product","3":"status-publish","4":"has-post-thumbnail","6":"product_cat-berufshaftung","8":"first","9":"instock","10":"virtual","11":"product-type-simple"},"_links":{"self":[{"href":"https:\/\/hsfl.ch\/fr\/wp-json\/wp\/v2\/product\/450"}],"collection":[{"href":"https:\/\/hsfl.ch\/fr\/wp-json\/wp\/v2\/product"}],"about":[{"href":"https:\/\/hsfl.ch\/fr\/wp-json\/wp\/v2\/types\/product"}],"wp:featuredmedia":[{"embeddable":true,"href":"https:\/\/hsfl.ch\/fr\/wp-json\/wp\/v2\/media\/1319"}],"wp:attachment":[{"href":"https:\/\/hsfl.ch\/fr\/wp-json\/wp\/v2\/media?parent=450"}],"wp:term":[{"taxonomy":"product_cat","embeddable":true,"href":"https:\/\/hsfl.ch\/fr\/wp-json\/wp\/v2\/product_cat?post=450"},{"taxonomy":"product_tag","embeddable":true,"href":"https:\/\/hsfl.ch\/fr\/wp-json\/wp\/v2\/product_tag?post=450"}],"curies":[{"name":"wp","href":"https:\/\/api.w.org\/{rel}","templated":true}]}}