{"id":451,"date":"2018-03-27T14:30:43","date_gmt":"2018-03-27T12:30:43","guid":{"rendered":"https:\/\/hsfl.ch\/?post_type=product&#038;p=451"},"modified":"2018-05-20T14:48:30","modified_gmt":"2018-05-20T12:48:30","slug":"m-a","status":"publish","type":"product","link":"https:\/\/hsfl.ch\/fr\/produkt\/m-a\/","title":{"rendered":"Mergers &#038; Acquisitions (M&#038;A)"},"content":{"rendered":"<p><strong>La couverture Mergers &amp; Acquisitions (M&amp;A) prot\u00e8ge les acheteurs et les vendeurs contre les pertes financi\u00e8res en cas de fausses d\u00e9clarations ou d&rsquo;inexactitudes dans les d\u00e9clarations ou les garanties. Les acheteurs peuvent mieux comparer les offres, les vendeurs peuvent r\u00e9duire leur responsabilit\u00e9 pour les dommages &#8211; les deux peuvent conclure le contrat plus efficacement.<\/strong><\/p>\n<p>Les inexactitudes dans les d\u00e9clarations et garanties du vendeur ou de la soci\u00e9t\u00e9 cible dans le cadre d&rsquo;une fusion ou d&rsquo;une acquisition peuvent entra\u00eener des responsabilit\u00e9s co\u00fbteuses. Les acheteurs peuvent rester assis sur les pertes et les vendeurs peuvent \u00eatre forc\u00e9s de rembourser une partie du prix d&rsquo;achat.<\/p>\n<p>Les polices M&amp;A sont g\u00e9n\u00e9ralement adapt\u00e9es individuellement aux transactions individuelles. Les termes du contrat sont bas\u00e9s sur la dur\u00e9e des assurances et des garanties sp\u00e9cifi\u00e9es dans le contrat d&rsquo;achat. La police M&amp;A du c\u00f4t\u00e9 de l&rsquo;acheteur peut s&rsquo;\u00e9tendre au-del\u00e0 de la dur\u00e9e des assurances et garanties que l&rsquo;acheteur re\u00e7oit du vendeur dans le contrat de vente.\u00a0La r\u00e9tention s&rsquo;\u00e9l\u00e8ve g\u00e9n\u00e9ralement \u00e0 1 % \u00e0 3 % de la valeur de la transaction (en fonction de variables telles que le type d&rsquo;entreprise \u00e0 acqu\u00e9rir, le type et l&rsquo;\u00e9tendue des assurances et garanties \u00e0 assurer, la diligence raisonnable, etc.<\/p>\n<p>L&rsquo;impulsion pour l&rsquo;achat d&rsquo;une police M&amp;A vient souvent des avocats impliqu\u00e9s dans la r\u00e9daction du contrat de vente. Pendant longtemps, les polices M&amp;A en Europe ont eu une mauvaise image d&rsquo;une s\u00e9lection n\u00e9gative, les assureurs n&rsquo;\u00e9tant pr\u00e9sent\u00e9s qu&rsquo;avec des contrats mal pr\u00e9par\u00e9s et r\u00e9dig\u00e9s. Mais cette image a chang\u00e9 entre-temps et les polices M&amp;A sont devenues populaires, car elles entrent dans l&rsquo;\u00e9tablissement du prix de la transaction et assurent un degr\u00e9 suppl\u00e9mentaire de s\u00e9curit\u00e9 et de stabilit\u00e9 pour la transaction.<\/p>","protected":false},"excerpt":{"rendered":"<p>La couverture Mergers &amp; Acquisitions (M&amp;A) prot\u00e8ge les acheteurs et les vendeurs contre les pertes financi\u00e8res en cas de fausses d\u00e9clarations ou d&rsquo;inexactitudes dans les d\u00e9clarations ou les garanties. Les acheteurs peuvent mieux comparer les offres, les vendeurs peuvent r\u00e9duire leur responsabilit\u00e9 pour les dommages &#8211; les deux peuvent conclure le contrat plus efficacement. Les [&hellip;]<\/p>\n","protected":false},"featured_media":1318,"template":"","meta":[],"product_cat":[28],"product_tag":[],"class_list":{"0":"post-451","1":"product","2":"type-product","3":"status-publish","4":"has-post-thumbnail","6":"product_cat-transaktions-risiken","8":"first","9":"instock","10":"virtual","11":"product-type-simple"},"_links":{"self":[{"href":"https:\/\/hsfl.ch\/fr\/wp-json\/wp\/v2\/product\/451"}],"collection":[{"href":"https:\/\/hsfl.ch\/fr\/wp-json\/wp\/v2\/product"}],"about":[{"href":"https:\/\/hsfl.ch\/fr\/wp-json\/wp\/v2\/types\/product"}],"wp:featuredmedia":[{"embeddable":true,"href":"https:\/\/hsfl.ch\/fr\/wp-json\/wp\/v2\/media\/1318"}],"wp:attachment":[{"href":"https:\/\/hsfl.ch\/fr\/wp-json\/wp\/v2\/media?parent=451"}],"wp:term":[{"taxonomy":"product_cat","embeddable":true,"href":"https:\/\/hsfl.ch\/fr\/wp-json\/wp\/v2\/product_cat?post=451"},{"taxonomy":"product_tag","embeddable":true,"href":"https:\/\/hsfl.ch\/fr\/wp-json\/wp\/v2\/product_tag?post=451"}],"curies":[{"name":"wp","href":"https:\/\/api.w.org\/{rel}","templated":true}]}}