{"id":452,"date":"2018-03-27T14:30:58","date_gmt":"2018-03-27T12:30:58","guid":{"rendered":"https:\/\/hsfl.ch\/?post_type=product&#038;p=452"},"modified":"2018-05-20T14:48:15","modified_gmt":"2018-05-20T12:48:15","slug":"posi","status":"publish","type":"product","link":"https:\/\/hsfl.ch\/fr\/produkt\/posi\/","title":{"rendered":"POSI"},"content":{"rendered":"<p><strong>POSI signifie Public Offering of Securities Insurance. Alternativement, on utilise le terme politique d&rsquo;introduction en bourse (Initial Public Offering). L&rsquo;assurance couvre le risque de responsabilit\u00e9 du prospectus lorsque les titres sont \u00e9mis sur le march\u00e9 des capitaux. Initialement \u00e9tabli dans le monde anglophone, POSI est \u00e9galement devenu de plus en plus populaire en Europe ces derni\u00e8res ann\u00e9es. Comme les obligations jouent \u00e9galement un r\u00f4le de plus en plus important en tant qu&rsquo;instrument de financement, la pertinence de la couverture dans ce domaine s&rsquo;accro\u00eet \u00e9galement.<\/strong><\/p>\n<p>La base juridique de la responsabilit\u00e9 du prospectus en vertu du droit suisse est l&rsquo;article 752 du Code suisse des obligations: \u00ab\u00a0Ceux qui, lors de la fondation d&rsquo;une soci\u00e9t\u00e9 ou d&rsquo;une \u00e9mission d&rsquo;actions, d&rsquo;obligations ou d&rsquo;autres titres, ont ins\u00e9r\u00e9, intentionnellement ou par n\u00e9gligence, dans les prospectus d&rsquo;\u00e9mission ou dans des documents analogues, des informations inexactes, trompeuses ou non conformes aux exigences l\u00e9gales, les ont diffus\u00e9es ou ont particip\u00e9 \u00e0 ces actes, r\u00e9pondent envers les acqu\u00e9reurs des titres du dommage qu&rsquo;ils leur ont caus\u00e9.\u00a0\u00bb.<\/p>\n<p>Le c\u0153ur de la politique POSI est la d\u00e9fense et la satisfaction des r\u00e9clamations fond\u00e9es sur la loi susmentionn\u00e9e en raison d&rsquo;informations incorrectes dans le prospectus d&rsquo;\u00e9mission. Tous les roadshows et les documents, articles et d\u00e9clarations orales et \u00e9crites des personnes responsables au sein de l&rsquo;\u00e9metteur et des avocats et banques externes engag\u00e9s utilis\u00e9s \u00e0 l&rsquo;avance et rendus publics sont \u00e9galement assur\u00e9s ; les r\u00e9clamations \u00e0 l&rsquo;encontre des actionnaires vendeurs peuvent \u00e9galement \u00eatre assur\u00e9es. Contrairement au risque D&amp;O avant et apr\u00e8s l&rsquo;\u00e9mission, l&rsquo;offre publique de titres est un \u00e9v\u00e9nement unique. Cependant, ce caract\u00e8re unique et le montant r\u00e9guli\u00e8rement consid\u00e9rable de la transaction parlent en faveur d&rsquo;une augmentation de la somme assur\u00e9e et d&rsquo;une police d&rsquo;assurance ind\u00e9pendante. La conclusion d&rsquo;une police POSI s\u00e9par\u00e9e peut \u00e9galement faire l&rsquo;objet d&rsquo;un accord contractuel. Le cercle des assur\u00e9s et des entreprises va au-del\u00e0 de celui d&rsquo;une police d&rsquo;assurance D&amp;O. Les co\u00fbts de cette politique sont ajout\u00e9s aux frais d&rsquo;\u00e9mission de la m\u00eame mani\u00e8re qu&rsquo;une politique de fusions et acquisitions. Le POSI couvre \u00e9galement le risque de responsabilit\u00e9 des entreprises, alors que la police D&amp;O couvre essentiellement le risque de responsabilit\u00e9 des administrateurs.<\/p>\n<p>Le champ d&rsquo;application de la police POSI a subi des changements importants au cours des dix derni\u00e8res ann\u00e9es. La d\u00e9cision de la direction est g\u00e9n\u00e9ralement annonc\u00e9e relativement rapidement et les sommes assur\u00e9es n\u00e9cessitent g\u00e9n\u00e9ralement un consortium d&rsquo;assureurs. Il y a souvent peu de temps pour les n\u00e9gociations et la coordination entre le client, l&rsquo;assureur principal et le consortium d&rsquo;assurance exige de l&rsquo;exp\u00e9rience et une certaine comp\u00e9tence dans une p\u00e9riode mouvement\u00e9e.<\/p>","protected":false},"excerpt":{"rendered":"<p>POSI signifie Public Offering of Securities Insurance. Alternativement, on utilise le terme politique d&rsquo;introduction en bourse (Initial Public Offering). L&rsquo;assurance couvre le risque de responsabilit\u00e9 du prospectus lorsque les titres sont \u00e9mis sur le march\u00e9 des capitaux. Initialement \u00e9tabli dans le monde anglophone, POSI est \u00e9galement devenu de plus en plus populaire en Europe ces [&hellip;]<\/p>\n","protected":false},"featured_media":1318,"template":"","meta":[],"product_cat":[28],"product_tag":[],"class_list":{"0":"post-452","1":"product","2":"type-product","3":"status-publish","4":"has-post-thumbnail","6":"product_cat-transaktions-risiken","8":"first","9":"instock","10":"virtual","11":"product-type-simple"},"_links":{"self":[{"href":"https:\/\/hsfl.ch\/fr\/wp-json\/wp\/v2\/product\/452"}],"collection":[{"href":"https:\/\/hsfl.ch\/fr\/wp-json\/wp\/v2\/product"}],"about":[{"href":"https:\/\/hsfl.ch\/fr\/wp-json\/wp\/v2\/types\/product"}],"wp:featuredmedia":[{"embeddable":true,"href":"https:\/\/hsfl.ch\/fr\/wp-json\/wp\/v2\/media\/1318"}],"wp:attachment":[{"href":"https:\/\/hsfl.ch\/fr\/wp-json\/wp\/v2\/media?parent=452"}],"wp:term":[{"taxonomy":"product_cat","embeddable":true,"href":"https:\/\/hsfl.ch\/fr\/wp-json\/wp\/v2\/product_cat?post=452"},{"taxonomy":"product_tag","embeddable":true,"href":"https:\/\/hsfl.ch\/fr\/wp-json\/wp\/v2\/product_tag?post=452"}],"curies":[{"name":"wp","href":"https:\/\/api.w.org\/{rel}","templated":true}]}}