{"id":453,"date":"2018-03-27T14:31:13","date_gmt":"2018-03-27T12:31:13","guid":{"rendered":"https:\/\/hsfl.ch\/?post_type=product&#038;p=453"},"modified":"2018-05-20T14:48:00","modified_gmt":"2018-05-20T12:48:00","slug":"ptl","status":"publish","type":"product","link":"https:\/\/hsfl.ch\/fr\/produkt\/ptl\/","title":{"rendered":"PTL"},"content":{"rendered":"<p><strong>L&rsquo;assurance PTL (Pension Trust Liability) offre une couverture d&rsquo;assurance aux personnes charg\u00e9es de l&rsquo;administration, de la gestion ou du contr\u00f4le des r\u00e9gimes de retraite. Il s&rsquo;agit d&rsquo;une assurance combin\u00e9e D&amp;O et responsabilit\u00e9 civile professionnelle pour les fonds de pension.<\/strong><\/p>\n<p>L&rsquo;assurance PTL comprend les \u00e9l\u00e9ments suivants :<\/p>\n<ul>\n<li>Protection des droits contre l&rsquo;institution de pr\u00e9voyance ou sa soci\u00e9t\u00e9 fondatrice (responsabilit\u00e9 professionnelle)<\/li>\n<li>Protection du patrimoine priv\u00e9 des membres du conseil d&rsquo;administration (D&amp;O)<\/li>\n<li>Protection de la caisse de retraite ou de l&rsquo;entreprise fondatrice si elles indemnisent les organes (Side B de l&rsquo;assurance D&amp;O).<\/li>\n<li>Protection de la caisse de pension pour les actes criminels (fid\u00e9lit\u00e9) &#8211; en tant qu&rsquo;\u00e9l\u00e9ment facultatif.<\/li>\n<li>Indemnisation en cas de r\u00e9clamations justifi\u00e9es<\/li>\n<\/ul>\n<p>L&rsquo;origine de PTL r\u00e9side dans la n\u00e9cessit\u00e9 de prot\u00e9ger les fonds de retraite des employ\u00e9s contre les pertes dues \u00e0 l&rsquo;insolvabilit\u00e9 de l&rsquo;entreprise en s\u00e9parant les actifs de retraite constitu\u00e9s en entit\u00e9s juridiquement ind\u00e9pendantes. Par cons\u00e9quent, la couverture d&rsquo;assurance devrait \u00e9galement \u00eatre s\u00e9par\u00e9e. Bien qu&rsquo;il soit possible d&rsquo;int\u00e9grer le risque D&amp;O des conseils d&rsquo;administration dans la soci\u00e9t\u00e9 D&amp;O, le risque de responsabilit\u00e9 professionnelle dans ces cas n&rsquo;est pas assur\u00e9 ou doit \u00eatre port\u00e9 par la caisse de pension elle-m\u00eame. C&rsquo;est l\u00e0 que PTL offre une valeur ajout\u00e9e d\u00e9cisive.<\/p>\n<p>&nbsp;<\/p>","protected":false},"excerpt":{"rendered":"<p>L&rsquo;assurance PTL (Pension Trust Liability) offre une couverture d&rsquo;assurance aux personnes charg\u00e9es de l&rsquo;administration, de la gestion ou du contr\u00f4le des r\u00e9gimes de retraite. Il s&rsquo;agit d&rsquo;une assurance combin\u00e9e D&amp;O et responsabilit\u00e9 civile professionnelle pour les fonds de pension. L&rsquo;assurance PTL comprend les \u00e9l\u00e9ments suivants : Protection des droits contre l&rsquo;institution de pr\u00e9voyance ou sa [&hellip;]<\/p>\n","protected":false},"featured_media":1321,"template":"","meta":[],"product_cat":[29],"product_tag":[],"class_list":{"0":"post-453","1":"product","2":"type-product","3":"status-publish","4":"has-post-thumbnail","6":"product_cat-kombi-policen","8":"first","9":"instock","10":"virtual","11":"product-type-simple"},"_links":{"self":[{"href":"https:\/\/hsfl.ch\/fr\/wp-json\/wp\/v2\/product\/453"}],"collection":[{"href":"https:\/\/hsfl.ch\/fr\/wp-json\/wp\/v2\/product"}],"about":[{"href":"https:\/\/hsfl.ch\/fr\/wp-json\/wp\/v2\/types\/product"}],"wp:featuredmedia":[{"embeddable":true,"href":"https:\/\/hsfl.ch\/fr\/wp-json\/wp\/v2\/media\/1321"}],"wp:attachment":[{"href":"https:\/\/hsfl.ch\/fr\/wp-json\/wp\/v2\/media?parent=453"}],"wp:term":[{"taxonomy":"product_cat","embeddable":true,"href":"https:\/\/hsfl.ch\/fr\/wp-json\/wp\/v2\/product_cat?post=453"},{"taxonomy":"product_tag","embeddable":true,"href":"https:\/\/hsfl.ch\/fr\/wp-json\/wp\/v2\/product_tag?post=453"}],"curies":[{"name":"wp","href":"https:\/\/api.w.org\/{rel}","templated":true}]}}