{"id":454,"date":"2018-03-27T14:31:35","date_gmt":"2018-03-27T12:31:35","guid":{"rendered":"https:\/\/hsfl.ch\/?post_type=product&#038;p=454"},"modified":"2018-05-20T14:47:46","modified_gmt":"2018-05-20T12:47:46","slug":"fi-combined","status":"publish","type":"product","link":"https:\/\/hsfl.ch\/fr\/produkt\/fi-combined\/","title":{"rendered":"FI Combined"},"content":{"rendered":"<p><strong>L&rsquo;assurance responsabilit\u00e9 civile professionnell<\/strong>e couvre les r\u00e9clamations de tiers \u00e0 l&rsquo;encontre d&rsquo;une soci\u00e9t\u00e9 assur\u00e9e ou d&rsquo;une personne assur\u00e9e pour les pertes financi\u00e8res subies \u00e0 la suite de manquements aux obligations commises dans le cadre de la prestation de services professionnels.<\/p>\n<p><strong>L&rsquo;assurance\u00a0contre\u00a0les risques\u00a0de fraude interne (Crime insurance)<\/strong>\u00a0couvre les pertes financi\u00e8res subies par le preneur d&rsquo;assurance \u00e0 la suite d&rsquo;actes criminels commis par des propres employ\u00e9s et en partie \u00e0 la suite de d\u00e9lits informatiques commis par des tiers.<\/p>\n<p>La <strong>combinaison<\/strong> des deux assurances dans une seule police peut avoir du sens en raison des probl\u00e8mes de d\u00e9marcation et des similitudes dans les int\u00e9r\u00eats assur\u00e9s, enfin et surtout dans le but d&rsquo;\u00e9conomiser les primes.<\/p>","protected":false},"excerpt":{"rendered":"<p>L&rsquo;assurance responsabilit\u00e9 civile professionnelle couvre les r\u00e9clamations de tiers \u00e0 l&rsquo;encontre d&rsquo;une soci\u00e9t\u00e9 assur\u00e9e ou d&rsquo;une personne assur\u00e9e pour les pertes financi\u00e8res subies \u00e0 la suite de manquements aux obligations commises dans le cadre de la prestation de services professionnels. L&rsquo;assurance\u00a0contre\u00a0les risques\u00a0de fraude interne (Crime insurance)\u00a0couvre les pertes financi\u00e8res subies par le preneur d&rsquo;assurance \u00e0 [&hellip;]<\/p>\n","protected":false},"featured_media":1321,"template":"","meta":[],"product_cat":[29],"product_tag":[],"class_list":{"0":"post-454","1":"product","2":"type-product","3":"status-publish","4":"has-post-thumbnail","6":"product_cat-kombi-policen","8":"first","9":"instock","10":"virtual","11":"product-type-simple"},"_links":{"self":[{"href":"https:\/\/hsfl.ch\/fr\/wp-json\/wp\/v2\/product\/454"}],"collection":[{"href":"https:\/\/hsfl.ch\/fr\/wp-json\/wp\/v2\/product"}],"about":[{"href":"https:\/\/hsfl.ch\/fr\/wp-json\/wp\/v2\/types\/product"}],"wp:featuredmedia":[{"embeddable":true,"href":"https:\/\/hsfl.ch\/fr\/wp-json\/wp\/v2\/media\/1321"}],"wp:attachment":[{"href":"https:\/\/hsfl.ch\/fr\/wp-json\/wp\/v2\/media?parent=454"}],"wp:term":[{"taxonomy":"product_cat","embeddable":true,"href":"https:\/\/hsfl.ch\/fr\/wp-json\/wp\/v2\/product_cat?post=454"},{"taxonomy":"product_tag","embeddable":true,"href":"https:\/\/hsfl.ch\/fr\/wp-json\/wp\/v2\/product_tag?post=454"}],"curies":[{"name":"wp","href":"https:\/\/api.w.org\/{rel}","templated":true}]}}