{"id":456,"date":"2018-03-27T14:31:54","date_gmt":"2018-03-27T12:31:54","guid":{"rendered":"https:\/\/hsfl.ch\/?post_type=product&#038;p=456"},"modified":"2018-05-20T14:47:31","modified_gmt":"2018-05-20T12:47:31","slug":"isam-imi","status":"publish","type":"product","link":"https:\/\/hsfl.ch\/fr\/produkt\/isam-imi\/","title":{"rendered":"ISAM\/ IMI"},"content":{"rendered":"<p><strong>L&rsquo;Investment Solution for Investment Managers (ISAM), \u00e9galement connue sous le nom d&rsquo;Investment Manager&rsquo;s Insurance (IMI), prot\u00e8ge les gestionnaires d&rsquo;actifs, les conseillers financiers ou les prestataires de services du secteur financier contre les r\u00e9clamations pour dommages et contre les pertes financi\u00e8res d\u00e9lib\u00e9r\u00e9es caus\u00e9es par les employ\u00e9s.<\/strong><\/p>\n<p>Cette police mixte (D&amp;O\/PI\/Crime et autres) est particuli\u00e8rement adapt\u00e9e aux prestataires de services financiers o\u00f9 les actionnaires sont plus fr\u00e9quemment impliqu\u00e9s dans la gestion de l&rsquo;entreprise et les affaires courantes. Gr\u00e2ce \u00e0 la large couverture \u00ab\u00a0multirisque\u00a0\u00bb offerte par un seul assureur, les sinistres complexes comportant diverses accusations sont plus faciles \u00e0 traiter et comportent moins d&rsquo;exclusions.<\/p>\n<p>Sont couverts les gestionnaires de placement, les conseillers en placement et les gestionnaires de fonds en ce qui concerne la responsabilit\u00e9 de gestion (s&rsquo;applique aux personnes physiques agissant en tant qu&rsquo;administrateurs d\u00e9l\u00e9gu\u00e9s ou employ\u00e9s ex\u00e9cutifs) ainsi que les employ\u00e9s, mais aussi la responsabilit\u00e9 professionnelle de l&rsquo;entreprise respective pour les r\u00e9clamations soulev\u00e9es contre eux par les investisseurs\/clients. Une partie de la couverture peut \u00e9galement concerner la responsabilit\u00e9 de l&rsquo;entreprise en tant qu&#8217;employeur actuel, ancien ou potentiel et offre une indemnisation pour les r\u00e9clamations pr\u00e9sent\u00e9es par des individus pour discrimination, harc\u00e8lement, intimidation, etc. La couverture d&rsquo;assurance comprend les frais de justice dans le cadre d&rsquo;un proc\u00e8s ainsi que les frais de participation \u00e0 une enqu\u00eate, une r\u00e9vision ou une r\u00e9vision officielle.<\/p>\n<p>Peu d&rsquo;assureurs participent au march\u00e9 de ce type d&rsquo;assurance mixte. Il est recommand\u00e9 pour les petites et moyennes entreprises actives dans la gestion de placements au sens large. La combinaison unique peut \u00eatre adapt\u00e9e aux besoins des diff\u00e9rents segments dans lesquels le preneur d&rsquo;assurance est actif. Certains assureurs sont plus cr\u00e9atifs que d&rsquo;autres et sont capables de cr\u00e9er des produits uniques en utilisant leurs polices standard pour les combiner ad hoc en une seule police.<\/p>","protected":false},"excerpt":{"rendered":"<p>L&rsquo;Investment Solution for Investment Managers (ISAM), \u00e9galement connue sous le nom d&rsquo;Investment Manager&rsquo;s Insurance (IMI), prot\u00e8ge les gestionnaires d&rsquo;actifs, les conseillers financiers ou les prestataires de services du secteur financier contre les r\u00e9clamations pour dommages et contre les pertes financi\u00e8res d\u00e9lib\u00e9r\u00e9es caus\u00e9es par les employ\u00e9s. Cette police mixte (D&amp;O\/PI\/Crime et autres) est particuli\u00e8rement adapt\u00e9e aux [&hellip;]<\/p>\n","protected":false},"featured_media":1321,"template":"","meta":[],"product_cat":[29],"product_tag":[],"class_list":{"0":"post-456","1":"product","2":"type-product","3":"status-publish","4":"has-post-thumbnail","6":"product_cat-kombi-policen","8":"first","9":"instock","10":"virtual","11":"product-type-simple"},"_links":{"self":[{"href":"https:\/\/hsfl.ch\/fr\/wp-json\/wp\/v2\/product\/456"}],"collection":[{"href":"https:\/\/hsfl.ch\/fr\/wp-json\/wp\/v2\/product"}],"about":[{"href":"https:\/\/hsfl.ch\/fr\/wp-json\/wp\/v2\/types\/product"}],"wp:featuredmedia":[{"embeddable":true,"href":"https:\/\/hsfl.ch\/fr\/wp-json\/wp\/v2\/media\/1321"}],"wp:attachment":[{"href":"https:\/\/hsfl.ch\/fr\/wp-json\/wp\/v2\/media?parent=456"}],"wp:term":[{"taxonomy":"product_cat","embeddable":true,"href":"https:\/\/hsfl.ch\/fr\/wp-json\/wp\/v2\/product_cat?post=456"},{"taxonomy":"product_tag","embeddable":true,"href":"https:\/\/hsfl.ch\/fr\/wp-json\/wp\/v2\/product_tag?post=456"}],"curies":[{"name":"wp","href":"https:\/\/api.w.org\/{rel}","templated":true}]}}