{"id":457,"date":"2018-03-27T14:32:08","date_gmt":"2018-03-27T12:32:08","guid":{"rendered":"https:\/\/hsfl.ch\/?post_type=product&#038;p=457"},"modified":"2018-05-20T14:47:17","modified_gmt":"2018-05-20T12:47:17","slug":"operational-risk","status":"publish","type":"product","link":"https:\/\/hsfl.ch\/fr\/produkt\/operational-risk\/","title":{"rendered":"Operational Risk"},"content":{"rendered":"<p><strong>Une partie du capital r\u00e9glementaire requis pour une banque peut \u00eatre convertie en assurance contre le risque op\u00e9rationnel (OpRisk) contre la somme d&rsquo;assurance convenue et les pertes qui y sont encourues peuvent \u00eatre r\u00e9gl\u00e9es par les compagnies d&rsquo;assurance. Il n&rsquo;y a pas encore beaucoup de fournisseurs qui offrent ce type d&rsquo;assurance et qui ont le savoir-faire correspondant.<\/strong><\/p>\n<p>En mars 2016, le Comit\u00e9 de B\u00e2le a publi\u00e9 un projet de nouveau cadre de calcul des fonds propres pour risques op\u00e9rationnels (OpRisk). Le nouveau cadre remplace toutes les approches existantes pour d\u00e9terminer l&rsquo;exigence de fonds propres par une approche de mesure unique non bas\u00e9e sur un mod\u00e8le (Standardised Measurement Approach, SMA) et abolit ainsi Advanced Measurement Approach (AMA) bas\u00e9 sur un mod\u00e8le. Le principal motif de l&rsquo;introduction d&rsquo;une approche unique en mati\u00e8re de fonds propres \u00e9tait d&rsquo;am\u00e9liorer la comparabilit\u00e9 des r\u00e9sultats entre toutes les institutions et de rem\u00e9dier aux faiblesses des approches ant\u00e9rieures sans remettre en question le cadre g\u00e9n\u00e9ral du premier pilier.<\/p>\n<p>Selon le Comit\u00e9 de B\u00e2le, le calcul et la mise en \u0153uvre doivent \u00eatre relativement simples et adapt\u00e9s \u00e0 des institutions de tailles et de complexit\u00e9 diff\u00e9rentes. Toutefois, le cadre n&rsquo;a pas encore \u00e9t\u00e9 adopt\u00e9 d\u00e9finitivement.\u00a0La police OpRisk offre la possibilit\u00e9 de remplacer les fonds propres des banques qui sont relativement co\u00fbteux par une police d&rsquo;assurance relativement bon march\u00e9. En p\u00e9riode de faibles marges, cela pourrait devenir une source de financement alternative int\u00e9ressante.<\/p>","protected":false},"excerpt":{"rendered":"<p>Une partie du capital r\u00e9glementaire requis pour une banque peut \u00eatre convertie en assurance contre le risque op\u00e9rationnel (OpRisk) contre la somme d&rsquo;assurance convenue et les pertes qui y sont encourues peuvent \u00eatre r\u00e9gl\u00e9es par les compagnies d&rsquo;assurance. Il n&rsquo;y a pas encore beaucoup de fournisseurs qui offrent ce type d&rsquo;assurance et qui ont le [&hellip;]<\/p>\n","protected":false},"featured_media":1321,"template":"","meta":[],"product_cat":[29],"product_tag":[],"class_list":{"0":"post-457","1":"product","2":"type-product","3":"status-publish","4":"has-post-thumbnail","6":"product_cat-kombi-policen","8":"first","9":"instock","10":"virtual","11":"product-type-simple"},"_links":{"self":[{"href":"https:\/\/hsfl.ch\/fr\/wp-json\/wp\/v2\/product\/457"}],"collection":[{"href":"https:\/\/hsfl.ch\/fr\/wp-json\/wp\/v2\/product"}],"about":[{"href":"https:\/\/hsfl.ch\/fr\/wp-json\/wp\/v2\/types\/product"}],"wp:featuredmedia":[{"embeddable":true,"href":"https:\/\/hsfl.ch\/fr\/wp-json\/wp\/v2\/media\/1321"}],"wp:attachment":[{"href":"https:\/\/hsfl.ch\/fr\/wp-json\/wp\/v2\/media?parent=457"}],"wp:term":[{"taxonomy":"product_cat","embeddable":true,"href":"https:\/\/hsfl.ch\/fr\/wp-json\/wp\/v2\/product_cat?post=457"},{"taxonomy":"product_tag","embeddable":true,"href":"https:\/\/hsfl.ch\/fr\/wp-json\/wp\/v2\/product_tag?post=457"}],"curies":[{"name":"wp","href":"https:\/\/api.w.org\/{rel}","templated":true}]}}